{"id":711153,"date":"2026-03-24T18:56:15","date_gmt":"2026-03-24T17:56:15","guid":{"rendered":"https:\/\/shop.kustom.ch\/?post_type=product&#038;p=711153"},"modified":"2026-03-24T18:57:49","modified_gmt":"2026-03-24T17:57:49","slug":"oxford-hybrid-insulated-jacket","status":"publish","type":"product","link":"https:\/\/shop.kustom.ch\/fr\/produit\/oxford-hybrid-insulated-jacket\/","title":{"rendered":"VESTE HYBRIDE ISOL\u00c9E OXFORD"},"content":{"rendered":"<p>L'Oxford Hybrid Insulated Jacket est une veste de travail pour les artisans soucieux de la qualit\u00e9. Le confort est au premier plan et le choix des mat\u00e9riaux ainsi que le design se concentrent donc sur un confort sans compromis. De l'isolation PrimaLoft\u00ae BLACK Eco au col int\u00e9rieur en polaire bross\u00e9e, cette veste offre des performances techniques \u00e9lev\u00e9es et une chaleur fiable. Porte-la comme couche interm\u00e9diaire en hiver ou en solo au printemps ou en automne. Les manches articul\u00e9es, le dos allong\u00e9, l'ourlet r\u00e9glable et le cordon de serrage \u00e9lastique \u00e0 la taille vous permettent de bouger librement. Les possibilit\u00e9s de rangement comprennent des poches \u00e0 tiroirs avec fermeture \u00e9clair, une poche de poitrine avec fermeture \u00e9clair et des poches int\u00e9rieures avec espace de rangement. Des d\u00e9tails de conception r\u00e9fl\u00e9chissants, des fermetures \u00e0 glissi\u00e8re YKK et du fil AMANN assurent une excellente qualit\u00e9 \u00e0 cette veste de travail d'inspiration nordique, qui convient \u00e0 toutes les utilisations.<\/p>\n<p>Coupe : Regular \/ Normale<\/p>\n<p>Mat\u00e9riau : Mat\u00e9riau principal : 100 % polyester - 64 g\/m\u00b2.<br \/>\nMati\u00e8re secondaire : 100 % polyester (recycl\u00e9) - 260 g\/m\u00b2 Isolation : 100 % polyester recycl\u00e9<\/p>","protected":false},"excerpt":{"rendered":"<p>- EN 14058:2017 : 1, 1, X, X<br \/>- PrimaLoft\u00ae BLACK Eco<br \/>- AMANN Fils - Qualit\u00e9 allemande<br \/>- fermeture \u00e0 glissi\u00e8re YKK<br \/>- col int\u00e9rieur en polaire bross\u00e9e<br \/>- fermeture \u00e0 glissi\u00e8re frontale YKK\u00ae avec protection du menton<br \/>- poches poitrine avec fermeture \u00e9clair YKK<br \/>- Poches \u00e0 tiroirs avec fermeture \u00e9clair YKK<br \/>- poches int\u00e9rieures pour les petits objets<br \/>- Manches pr\u00e9form\u00e9es pour une libert\u00e9 de mouvement optimale<br \/>- Ourlet r\u00e9glable avec cordon de serrage \u00e9lastique dans la poche de rangement<br \/>- Dos rallong\u00e9 pour un meilleur confort<br \/>- D\u00e9tails de design r\u00e9fl\u00e9chissants<br \/>- produit bluesign<\/p>","protected":false},"featured_media":711203,"template":"","meta":[],"product_brand":[],"product_cat":[4186],"product_tag":[],"class_list":{"0":"post-711153","1":"product","2":"type-product","3":"status-publish","4":"has-post-thumbnail","6":"product_cat-jacken","7":"pa_brand-helly-hansen","8":"pa_brand-type-workwear","9":"pa_filter-color-blau","10":"pa_filter-color-gruen","11":"pa_filter-color-schwarz","13":"first","14":"instock","15":"sale","16":"taxable","17":"shipping-taxable","18":"purchasable","19":"product-type-variable","20":"add-to-wishlist-before_image"},"exclude_global_add_ons":[],"addons":[],"acf":[],"_links":{"self":[{"href":"https:\/\/shop.kustom.ch\/fr\/wp-json\/wp\/v2\/product\/711153"}],"collection":[{"href":"https:\/\/shop.kustom.ch\/fr\/wp-json\/wp\/v2\/product"}],"about":[{"href":"https:\/\/shop.kustom.ch\/fr\/wp-json\/wp\/v2\/types\/product"}],"wp:featuredmedia":[{"embeddable":true,"href":"https:\/\/shop.kustom.ch\/fr\/wp-json\/wp\/v2\/media\/711203"}],"wp:attachment":[{"href":"https:\/\/shop.kustom.ch\/fr\/wp-json\/wp\/v2\/media?parent=711153"}],"wp:term":[{"taxonomy":"product_brand","embeddable":true,"href":"https:\/\/shop.kustom.ch\/fr\/wp-json\/wp\/v2\/product_brand?post=711153"},{"taxonomy":"product_cat","embeddable":true,"href":"https:\/\/shop.kustom.ch\/fr\/wp-json\/wp\/v2\/product_cat?post=711153"},{"taxonomy":"product_tag","embeddable":true,"href":"https:\/\/shop.kustom.ch\/fr\/wp-json\/wp\/v2\/product_tag?post=711153"}],"curies":[{"name":"wp","href":"https:\/\/api.w.org\/{rel}","templated":true}]}}