{"id":711039,"date":"2026-03-24T18:54:42","date_gmt":"2026-03-24T17:54:42","guid":{"rendered":"https:\/\/shop.kustom.ch\/?post_type=product&#038;p=711039"},"modified":"2026-03-24T18:56:36","modified_gmt":"2026-03-24T17:56:36","slug":"kensington-insulated-jacket","status":"publish","type":"product","link":"https:\/\/shop.kustom.ch\/fr\/produit\/kensington-insulated-jacket\/","title":{"rendered":"VESTE ISOL\u00c9E KENSINGTON"},"content":{"rendered":"<p>Notre meilleure veste softshell a un look urbain moderne et vous permet de vous sentir en s\u00e9curit\u00e9 et \u00e0 l'aise au travail. Les manches articul\u00e9es et le design des \u00e9paules sans coutures garantissent une libert\u00e9 de mouvement optimale. L'ourlet et les poignets peuvent \u00eatre ajust\u00e9s individuellement \u00e0 votre corps. Les d\u00e9tails confortables comprennent un col haut avec int\u00e9rieur en polaire bross\u00e9e, un dos allong\u00e9 et une protection du menton. Avec des fonctions de design modernes comme le mat\u00e9riau softshell dans des zones s\u00e9lectionn\u00e9es et des fermetures \u00e9clair d\u00e9coratives. Les objets importants peuvent \u00eatre rang\u00e9s \u00e0 port\u00e9e de main dans la poche de poitrine, la poche ins\u00e9rable et la poche int\u00e9rieure. Des \u00e9quipements intelligents comme les fermetures \u00e9clair YKK\u00ae et les d\u00e9tails r\u00e9fl\u00e9chissants font de cette veste la veste softshell parfaite pour le travailleur moderne.<\/p>\n<p>Coupe : Regular \/ Normale<\/p>\n<p>Mat\u00e9riau : Mat\u00e9riau principal : 100 % polyamide - 55 g\/m\u00b2.<br \/>Mati\u00e8re secondaire : 80 % polyamide, 20 % \u00e9lasthanne - 255 g\/m\u00b2.<br \/>Doublure : 100 % polyester recycl\u00e9<br \/>Isolation : 100 % polyester recycl\u00e9 - 40 g\/m<\/p>","protected":false},"excerpt":{"rendered":"<p>- EN 14058:2017 : TORSE : 1, 2, X, X, VESTE : X, 2, X, X<br \/>- Les fils AMANN<br \/>- PrimaLoft\u00ae BLACK Eco<br \/>- fermeture \u00e0 glissi\u00e8re YKK<br \/>- Col haut pour un bon confort<br \/>- Sans coutures aux \u00e9paules<br \/>- Tissu Softshell dans certaines zones<br \/>- col int\u00e9rieur en polaire bross\u00e9e<br \/>- fermeture \u00e0 glissi\u00e8re frontale YKK\u00ae avec protection du menton<br \/>- poches poitrine avec fermeture \u00e9clair YKK<br \/>- poches pour les mains avec fermeture \u00e9clair YKK<br \/>- poches int\u00e9rieures pour les petits objets<br \/>- Poignets r\u00e9glables<br \/>- Manches pr\u00e9form\u00e9es pour une libert\u00e9 de mouvement optimale<br \/>- Ourlet r\u00e9glable avec cordon de serrage \u00e9lastique dans la poche de rangement<br \/>- Dos rallong\u00e9 pour un meilleur confort<br \/>- fermeture \u00e9clair d\u00e9corative<br \/>- D\u00e9tails de design r\u00e9fl\u00e9chissants<br \/>- Mat\u00e9riau recycl\u00e9<\/p>","protected":false},"featured_media":711100,"template":"","meta":[],"product_brand":[],"product_cat":[4186],"product_tag":[],"class_list":{"0":"post-711039","1":"product","2":"type-product","3":"status-publish","4":"has-post-thumbnail","6":"product_cat-jacken","7":"pa_brand-helly-hansen","8":"pa_brand-type-workwear","9":"pa_filter-color-beige","10":"pa_filter-color-blau","11":"pa_filter-color-orange","12":"pa_filter-color-schwarz","14":"first","15":"instock","16":"sale","17":"taxable","18":"shipping-taxable","19":"purchasable","20":"product-type-variable","21":"add-to-wishlist-before_image"},"exclude_global_add_ons":[],"addons":[],"acf":[],"_links":{"self":[{"href":"https:\/\/shop.kustom.ch\/fr\/wp-json\/wp\/v2\/product\/711039"}],"collection":[{"href":"https:\/\/shop.kustom.ch\/fr\/wp-json\/wp\/v2\/product"}],"about":[{"href":"https:\/\/shop.kustom.ch\/fr\/wp-json\/wp\/v2\/types\/product"}],"wp:featuredmedia":[{"embeddable":true,"href":"https:\/\/shop.kustom.ch\/fr\/wp-json\/wp\/v2\/media\/711100"}],"wp:attachment":[{"href":"https:\/\/shop.kustom.ch\/fr\/wp-json\/wp\/v2\/media?parent=711039"}],"wp:term":[{"taxonomy":"product_brand","embeddable":true,"href":"https:\/\/shop.kustom.ch\/fr\/wp-json\/wp\/v2\/product_brand?post=711039"},{"taxonomy":"product_cat","embeddable":true,"href":"https:\/\/shop.kustom.ch\/fr\/wp-json\/wp\/v2\/product_cat?post=711039"},{"taxonomy":"product_tag","embeddable":true,"href":"https:\/\/shop.kustom.ch\/fr\/wp-json\/wp\/v2\/product_tag?post=711039"}],"curies":[{"name":"wp","href":"https:\/\/api.w.org\/{rel}","templated":true}]}}