{"id":711038,"date":"2026-03-24T18:54:42","date_gmt":"2026-03-24T17:54:42","guid":{"rendered":"https:\/\/shop.kustom.ch\/?post_type=product&#038;p=711038"},"modified":"2026-03-24T18:55:51","modified_gmt":"2026-03-24T17:55:51","slug":"kensington-lifaloft-vest","status":"publish","type":"product","link":"https:\/\/shop.kustom.ch\/fr\/produit\/kensington-lifaloft-vest\/","title":{"rendered":"GILET KENSINGTON LIFALOFT"},"content":{"rendered":"<p>La veste Kensington Lifaloft Vest est un grand v\u00eatement toute l'ann\u00e9e, quelles que soient les conditions, qui vous tient chaud m\u00eame quand il fait humide. Le Lifaloft\u2122 est une r\u00e9volution en mati\u00e8re d'isolation et vous garde encore plus au chaud gr\u00e2ce \u00e0 la technologie unique du fil Lifa\u00ae qui permet de r\u00e9duire le poids et le volume. D\u00e9velopp\u00e9 en collaboration avec PrimaLoft\u00ae, Lifaloft\u00ae est une combinaison du vaste savoir-faire de Lifa\u00ae et de PrimaLoft\u00ae en mati\u00e8re d'isolation synth\u00e9tique. Une empreinte carbone et une empreinte eau plus faibles par rapport \u00e0 un polyester comparable permettent en outre de r\u00e9duire l'impact sur l'environnement.<\/p>\n<p>Coupe : Regular \/ Normale<\/p>\n<p>Mat\u00e9riau : Mat\u00e9riau principal : 100 % polyester - 75 g\/m\u00b2.<br \/>Mati\u00e8re secondaire : Ext\u00e9rieur : 92 % polyester, 8 % \u00e9lasthanne - 305 g\/m\u00b2.<br \/>Isolation : 70 % polypropyl\u00e8ne, 30 % polyester - 80 g\/m<\/p>","protected":false},"excerpt":{"rendered":"<p>- LIFALOFT\u2122<br \/>- fermeture \u00e0 glissi\u00e8re YKK<br \/>- Les fils AMANN<br \/>- Col haut pour un bon confort<br \/>- Tissu softshell avec membrane et DWR<br \/>- Sans coutures aux \u00e9paules<br \/>- col int\u00e9rieur en polaire bross\u00e9e<br \/>- fermeture \u00e0 glissi\u00e8re frontale YKK\u00ae avec protection du menton<br \/>- Poches pour les mains avec doublure int\u00e9rieure bross\u00e9e<br \/>- poches pour les mains avec fermeture \u00e9clair YKK<br \/>- poches int\u00e9rieures pour les petits objets<br \/>- Ourlet r\u00e9glable avec cordon de serrage \u00e9lastique dans la poche de rangement<br \/>- Dos rallong\u00e9 pour un meilleur confort<br \/>- produit bluesign<\/p>","protected":false},"featured_media":711081,"template":"","meta":[],"product_brand":[],"product_cat":[4208],"product_tag":[],"class_list":{"0":"post-711038","1":"product","2":"type-product","3":"status-publish","4":"has-post-thumbnail","6":"product_cat-westen","7":"pa_brand-helly-hansen","8":"pa_brand-type-workwear","9":"pa_filter-color-blau","10":"pa_filter-color-schwarz","12":"first","13":"instock","14":"sale","15":"taxable","16":"shipping-taxable","17":"purchasable","18":"product-type-variable","19":"add-to-wishlist-before_image"},"exclude_global_add_ons":[],"addons":[],"acf":[],"_links":{"self":[{"href":"https:\/\/shop.kustom.ch\/fr\/wp-json\/wp\/v2\/product\/711038"}],"collection":[{"href":"https:\/\/shop.kustom.ch\/fr\/wp-json\/wp\/v2\/product"}],"about":[{"href":"https:\/\/shop.kustom.ch\/fr\/wp-json\/wp\/v2\/types\/product"}],"wp:featuredmedia":[{"embeddable":true,"href":"https:\/\/shop.kustom.ch\/fr\/wp-json\/wp\/v2\/media\/711081"}],"wp:attachment":[{"href":"https:\/\/shop.kustom.ch\/fr\/wp-json\/wp\/v2\/media?parent=711038"}],"wp:term":[{"taxonomy":"product_brand","embeddable":true,"href":"https:\/\/shop.kustom.ch\/fr\/wp-json\/wp\/v2\/product_brand?post=711038"},{"taxonomy":"product_cat","embeddable":true,"href":"https:\/\/shop.kustom.ch\/fr\/wp-json\/wp\/v2\/product_cat?post=711038"},{"taxonomy":"product_tag","embeddable":true,"href":"https:\/\/shop.kustom.ch\/fr\/wp-json\/wp\/v2\/product_tag?post=711038"}],"curies":[{"name":"wp","href":"https:\/\/api.w.org\/{rel}","templated":true}]}}