{"id":710990,"date":"2026-03-24T18:53:51","date_gmt":"2026-03-24T17:53:51","guid":{"rendered":"https:\/\/shop.kustom.ch\/?post_type=product&#038;p=710990"},"modified":"2026-03-24T18:55:28","modified_gmt":"2026-03-24T17:55:28","slug":"uc-me-insulator","status":"publish","type":"product","link":"https:\/\/shop.kustom.ch\/fr\/produit\/uc-me-insulator\/","title":{"rendered":"UC-ME INSULATOR"},"content":{"rendered":"<p>UC-ME Insulator Jacket est une veste de travail indispensable offrant une protection optimale contre les intemp\u00e9ries. Elle peut \u00eatre port\u00e9e seule ou fix\u00e9e \u00e0 l'aide d'une fermeture \u00e9clair \u00e0 la veste UC-ME Shell compatible. Une veste qui prot\u00e8ge des intemp\u00e9ries et vous tient chaud. Des manches amovibles, une fermeture \u00e0 glissi\u00e8re YKK\u00ae sur le devant et un ourlet \u00e9lastique r\u00e9glable permettent de r\u00e9guler la temp\u00e9rature si n\u00e9cessaire. Le cordon de serrage pour l'ourlet est plac\u00e9 de mani\u00e8re pratique dans les poches zipp\u00e9es pour les mains. Les d\u00e9tails confortables comprennent un col doubl\u00e9 en polyester bross\u00e9, une fermeture \u00e0 glissi\u00e8re frontale avec protection du menton et un ourlet prolong\u00e9 \u00e0 l'arri\u00e8re. Les poignets \u00e9lastiques s'adaptent facilement aux gants et un porte-carte int\u00e9gr\u00e9 permet de garder son badge de chantier \u00e0 port\u00e9e de main.<\/p>\n<p>Coupe : Regular \/ Normale<\/p>\n<p>Mati\u00e8re principale : 100 polyester %, 210 g\/m\u00b2.<br \/>Tissu principal 169 RED\/ EBONY : 100 % polyester, 200 g\/m\u00b2.<br \/>Doublure : 100 % polyamide<br \/>Isolation : 100 % polyester recycl\u00e9 - 100 g\/m\u00b2 sur le torse, 80 g\/m\u00b2 sur les manches<\/p>","protected":false},"excerpt":{"rendered":"<p>- EN ISO 20471:2013 : 2<br \/>- EN ISO 20471:2013 : 20 cycles de lavage maximum<br \/>- RIS-3279-TOM:2019 : Orange uniquement<br \/>- EN 342:2017 : Icler 0,304 m2K\/W (B), 3 ; en combinaison avec 71455, 71456<br \/>- Icler 0,326 m2K\/W (B) avec 71185, 3, WP ; en combinaison avec 71455, 71456<br \/>- Les fils AMANN<br \/>- bandes VizLite DT\u00ae- qui s'illuminent dans des conditions de faible luminosit\u00e9 ou non<br \/>- fermeture \u00e0 glissi\u00e8re YKK<br \/>- PrimaLoft\u00ae BLACK Eco<br \/>- Poignets \u00e9lastiques<br \/>- col int\u00e9rieur en polyester bross\u00e9<br \/>- fermeture \u00e0 glissi\u00e8re frontale YKK\u00ae avec protection du menton<br \/>- Poches pour les mains<br \/>- Manches amovibles avec fermetures \u00e0 glissi\u00e8re YKK\u00ae.<br \/>- Ourlet r\u00e9glable avec cordon de serrage \u00e9lastique dans la poche de rangement<br \/>- Dos rallong\u00e9 pour un meilleur confort<br \/>- fermeture \u00e9clair d\u00e9corative<br \/>- Porte-badge<br \/>- produit bluesign<\/p>","protected":false},"featured_media":711051,"template":"","meta":[],"product_brand":[],"product_cat":[4186],"product_tag":[],"class_list":{"0":"post-710990","1":"product","2":"type-product","3":"status-publish","4":"has-post-thumbnail","6":"product_cat-jacken","7":"pa_brand-helly-hansen","8":"pa_brand-type-workwear","9":"pa_filter-color-gelb","10":"pa_filter-color-orange","11":"pa_filter-color-rot","13":"first","14":"instock","15":"sale","16":"taxable","17":"shipping-taxable","18":"purchasable","19":"product-type-variable","20":"add-to-wishlist-before_image"},"exclude_global_add_ons":[],"addons":[],"acf":[],"_links":{"self":[{"href":"https:\/\/shop.kustom.ch\/fr\/wp-json\/wp\/v2\/product\/710990"}],"collection":[{"href":"https:\/\/shop.kustom.ch\/fr\/wp-json\/wp\/v2\/product"}],"about":[{"href":"https:\/\/shop.kustom.ch\/fr\/wp-json\/wp\/v2\/types\/product"}],"wp:featuredmedia":[{"embeddable":true,"href":"https:\/\/shop.kustom.ch\/fr\/wp-json\/wp\/v2\/media\/711051"}],"wp:attachment":[{"href":"https:\/\/shop.kustom.ch\/fr\/wp-json\/wp\/v2\/media?parent=710990"}],"wp:term":[{"taxonomy":"product_brand","embeddable":true,"href":"https:\/\/shop.kustom.ch\/fr\/wp-json\/wp\/v2\/product_brand?post=710990"},{"taxonomy":"product_cat","embeddable":true,"href":"https:\/\/shop.kustom.ch\/fr\/wp-json\/wp\/v2\/product_cat?post=710990"},{"taxonomy":"product_tag","embeddable":true,"href":"https:\/\/shop.kustom.ch\/fr\/wp-json\/wp\/v2\/product_tag?post=710990"}],"curies":[{"name":"wp","href":"https:\/\/api.w.org\/{rel}","templated":true}]}}