{"id":710930,"date":"2026-03-24T18:53:04","date_gmt":"2026-03-24T17:53:04","guid":{"rendered":"https:\/\/shop.kustom.ch\/?post_type=product&#038;p=710930"},"modified":"2026-03-24T18:54:40","modified_gmt":"2026-03-24T17:54:40","slug":"w-tech-midlayer","status":"publish","type":"product","link":"https:\/\/shop.kustom.ch\/fr\/produit\/w-tech-midlayer\/","title":{"rendered":"W TECH MIDLAYER"},"content":{"rendered":"<p>Coupe : Regular \/ Normale<\/p>\n<p>Mat\u00e9riau : Ext\u00e9rieur : 100 Polyester % (recycl\u00e9) - 260 g\/m\u00b2.<\/p>","protected":false},"excerpt":{"rendered":"<p>- Les fils AMANN<br \/>- fermeture \u00e0 glissi\u00e8re YKK<br \/>- Logo Helly Hansen en relief (HH)<br \/>- fermeture \u00e9clair frontale YKK<br \/>- Poches pour les mains avec doublure int\u00e9rieure bross\u00e9e<br \/>- poches pour les mains avec fermeture \u00e9clair YKK<br \/>- Poignet \u00e9lastique<br \/>- Mat\u00e9riau recycl\u00e9<br \/>- produit bluesign<\/p>","protected":false},"featured_media":710997,"template":"","meta":[],"product_brand":[],"product_cat":[4191],"product_tag":[],"class_list":{"0":"post-710930","1":"product","2":"type-product","3":"status-publish","4":"has-post-thumbnail","6":"product_cat-longsleeves-sweatshirts","7":"pa_brand-helly-hansen","8":"pa_brand-type-workwear","9":"pa_filter-color-blau","10":"pa_filter-color-gruen","11":"pa_filter-color-schwarz","13":"first","14":"instock","15":"sale","16":"taxable","17":"shipping-taxable","18":"purchasable","19":"product-type-variable","20":"add-to-wishlist-before_image"},"exclude_global_add_ons":[],"addons":[],"acf":[],"_links":{"self":[{"href":"https:\/\/shop.kustom.ch\/fr\/wp-json\/wp\/v2\/product\/710930"}],"collection":[{"href":"https:\/\/shop.kustom.ch\/fr\/wp-json\/wp\/v2\/product"}],"about":[{"href":"https:\/\/shop.kustom.ch\/fr\/wp-json\/wp\/v2\/types\/product"}],"wp:featuredmedia":[{"embeddable":true,"href":"https:\/\/shop.kustom.ch\/fr\/wp-json\/wp\/v2\/media\/710997"}],"wp:attachment":[{"href":"https:\/\/shop.kustom.ch\/fr\/wp-json\/wp\/v2\/media?parent=710930"}],"wp:term":[{"taxonomy":"product_brand","embeddable":true,"href":"https:\/\/shop.kustom.ch\/fr\/wp-json\/wp\/v2\/product_brand?post=710930"},{"taxonomy":"product_cat","embeddable":true,"href":"https:\/\/shop.kustom.ch\/fr\/wp-json\/wp\/v2\/product_cat?post=710930"},{"taxonomy":"product_tag","embeddable":true,"href":"https:\/\/shop.kustom.ch\/fr\/wp-json\/wp\/v2\/product_tag?post=710930"}],"curies":[{"name":"wp","href":"https:\/\/api.w.org\/{rel}","templated":true}]}}