{"id":710895,"date":"2026-03-24T18:52:15","date_gmt":"2026-03-24T17:52:15","guid":{"rendered":"https:\/\/shop.kustom.ch\/?post_type=product&#038;p=710895"},"modified":"2026-03-24T18:54:14","modified_gmt":"2026-03-24T17:54:14","slug":"tech-midlayer","status":"publish","type":"product","link":"https:\/\/shop.kustom.ch\/fr\/produit\/tech-midlayer\/","title":{"rendered":"TECH MIDLAYER"},"content":{"rendered":"<p>La couche interm\u00e9diaire Tech a \u00e9t\u00e9 sp\u00e9cialement con\u00e7ue pour une utilisation sur le lieu de travail et sur les chantiers. Lorsque votre niveau d'activit\u00e9 et la temp\u00e9rature varient au cours de la journ\u00e9e, les couches interm\u00e9diaires qui peuvent \u00eatre enfil\u00e9es et retir\u00e9es selon les besoins sont le meilleur moyen d'obtenir une isolation flexible. Les objets importants peuvent \u00eatre rang\u00e9s en toute s\u00e9curit\u00e9 dans les poches \u00e0 glissi\u00e8re ou dans la poche de poitrine. La couche interm\u00e9diaire Tech est \u00e0 la fois chic et fonctionnelle. Elle est dot\u00e9e du logo Helly Hansen en relief et de composants de haute qualit\u00e9 tels que les fils \u00e0 coudre AMANN et les fermetures \u00e0 glissi\u00e8re YKK\u00ae. Helly Hansen Workwear est fier de proposer un v\u00eatement qui contient des fibres recycl\u00e9es et qui est certifi\u00e9 durable selon bluesign\u00ae.<\/p>\n<p>Coupe : Regular \/ Normale<\/p>\n<p>Mat\u00e9riau : Ext\u00e9rieur : 100 Polyester % (recycl\u00e9) - 260 g\/m\u00b2.<\/p>","protected":false},"excerpt":{"rendered":"<p>- AMANN Fils - Qualit\u00e9 allemande<br \/>- fermeture \u00e0 glissi\u00e8re YKK<br \/>- fermeture \u00e9clair frontale YKK<br \/>- poche poitrine avec fermeture \u00e9clair YKK<br \/>- Poches pour les mains avec doublure int\u00e9rieure bross\u00e9e<br \/>- Poches \u00e0 tiroirs avec fermeture \u00e9clair YKK<br \/>- Poignet \u00e9lastique<br \/>- Logo en relief<br \/>- produit bluesign<br \/>- Ce produit est compos\u00e9 d'au moins 50 % de fibres Global Recycled Standard certifi\u00e9es par IDFL (TE-99972454).<\/p>","protected":false},"featured_media":710939,"template":"","meta":[],"product_brand":[],"product_cat":[4191],"product_tag":[],"class_list":{"0":"post-710895","1":"product","2":"type-product","3":"status-publish","4":"has-post-thumbnail","6":"product_cat-longsleeves-sweatshirts","7":"pa_brand-helly-hansen","8":"pa_brand-type-workwear","9":"pa_filter-color-blau","10":"pa_filter-color-grau","11":"pa_filter-color-gruen","12":"pa_filter-color-orange","13":"pa_filter-color-schwarz","15":"first","16":"instock","17":"sale","18":"taxable","19":"shipping-taxable","20":"purchasable","21":"product-type-variable","22":"add-to-wishlist-before_image"},"exclude_global_add_ons":[],"addons":[],"acf":[],"_links":{"self":[{"href":"https:\/\/shop.kustom.ch\/fr\/wp-json\/wp\/v2\/product\/710895"}],"collection":[{"href":"https:\/\/shop.kustom.ch\/fr\/wp-json\/wp\/v2\/product"}],"about":[{"href":"https:\/\/shop.kustom.ch\/fr\/wp-json\/wp\/v2\/types\/product"}],"wp:featuredmedia":[{"embeddable":true,"href":"https:\/\/shop.kustom.ch\/fr\/wp-json\/wp\/v2\/media\/710939"}],"wp:attachment":[{"href":"https:\/\/shop.kustom.ch\/fr\/wp-json\/wp\/v2\/media?parent=710895"}],"wp:term":[{"taxonomy":"product_brand","embeddable":true,"href":"https:\/\/shop.kustom.ch\/fr\/wp-json\/wp\/v2\/product_brand?post=710895"},{"taxonomy":"product_cat","embeddable":true,"href":"https:\/\/shop.kustom.ch\/fr\/wp-json\/wp\/v2\/product_cat?post=710895"},{"taxonomy":"product_tag","embeddable":true,"href":"https:\/\/shop.kustom.ch\/fr\/wp-json\/wp\/v2\/product_tag?post=710895"}],"curies":[{"name":"wp","href":"https:\/\/api.w.org\/{rel}","templated":true}]}}