{"id":710828,"date":"2026-03-24T18:51:24","date_gmt":"2026-03-24T17:51:24","guid":{"rendered":"https:\/\/shop.kustom.ch\/?post_type=product&#038;p=710828"},"modified":"2026-03-24T18:52:36","modified_gmt":"2026-03-24T17:52:36","slug":"kensington-halfzip-knit-fleece","status":"publish","type":"product","link":"https:\/\/shop.kustom.ch\/fr\/produit\/kensington-halfzip-knit-fleece\/","title":{"rendered":"KENSINGTON HALFZIP KNIT FLEECE"},"content":{"rendered":"<p>Le Kensington 1\/2 Zip Knitted Fleece est fabriqu\u00e9 \u00e0 partir de Polartec\u00ae Recycled Fleece afin de minimiser l'impact sur l'environnement. La structure tricot\u00e9e donne au pull polaire un aspect et un toucher uniques, tandis que le col haut et la fermeture \u00e9clair courte conf\u00e8rent au design un look moderne et contemporain.<\/p>\n<p>Coupe : Regular \/ Normale<\/p>\n<p>Mat\u00e9riau : Tissu principal : 92 % polyester recycl\u00e9, 8 % polyester - 315 g\/m\u00b2.<\/p>","protected":false},"excerpt":{"rendered":"<p>- EN 14058:2017 : 1, X, X, X<br \/>- Polartec<br \/>- fermeture \u00e0 glissi\u00e8re YKK<br \/>- Col haut pour un bon confort<br \/>- Sans coutures lat\u00e9rales pour plus de confort<br \/>- Tissu double \u00e9paisseur dans le col<br \/>- Sans coutures aux \u00e9paules<br \/>- Coutures flatlock pour un confort suppl\u00e9mentaire<br \/>- fermeture \u00e0 glissi\u00e8re frontale YKK\u00ae avec protection du menton<br \/>- Poches pour les mains avec doublure int\u00e9rieure bross\u00e9e<br \/>- poches pour les mains avec fermeture \u00e9clair YKK<br \/>- Manches pr\u00e9form\u00e9es pour une libert\u00e9 de mouvement optimale<br \/>- Dos rallong\u00e9 pour un meilleur confort<br \/>- Mat\u00e9riau recycl\u00e9<br \/>- produit bluesign<\/p>","protected":false},"featured_media":710894,"template":"","meta":[],"product_brand":[],"product_cat":[4191],"product_tag":[],"class_list":{"0":"post-710828","1":"product","2":"type-product","3":"status-publish","4":"has-post-thumbnail","6":"product_cat-longsleeves-sweatshirts","7":"pa_brand-helly-hansen","8":"pa_brand-type-workwear","9":"pa_filter-color-blau","10":"pa_filter-color-grau","11":"pa_filter-color-schwarz","13":"first","14":"instock","15":"sale","16":"taxable","17":"shipping-taxable","18":"purchasable","19":"product-type-variable","20":"add-to-wishlist-before_image"},"exclude_global_add_ons":[],"addons":[],"acf":[],"_links":{"self":[{"href":"https:\/\/shop.kustom.ch\/fr\/wp-json\/wp\/v2\/product\/710828"}],"collection":[{"href":"https:\/\/shop.kustom.ch\/fr\/wp-json\/wp\/v2\/product"}],"about":[{"href":"https:\/\/shop.kustom.ch\/fr\/wp-json\/wp\/v2\/types\/product"}],"wp:featuredmedia":[{"embeddable":true,"href":"https:\/\/shop.kustom.ch\/fr\/wp-json\/wp\/v2\/media\/710894"}],"wp:attachment":[{"href":"https:\/\/shop.kustom.ch\/fr\/wp-json\/wp\/v2\/media?parent=710828"}],"wp:term":[{"taxonomy":"product_brand","embeddable":true,"href":"https:\/\/shop.kustom.ch\/fr\/wp-json\/wp\/v2\/product_brand?post=710828"},{"taxonomy":"product_cat","embeddable":true,"href":"https:\/\/shop.kustom.ch\/fr\/wp-json\/wp\/v2\/product_cat?post=710828"},{"taxonomy":"product_tag","embeddable":true,"href":"https:\/\/shop.kustom.ch\/fr\/wp-json\/wp\/v2\/product_tag?post=710828"}],"curies":[{"name":"wp","href":"https:\/\/api.w.org\/{rel}","templated":true}]}}