{"id":710800,"date":"2026-03-24T18:50:57","date_gmt":"2026-03-24T17:50:57","guid":{"rendered":"https:\/\/shop.kustom.ch\/?post_type=product&#038;p=710800"},"modified":"2026-03-24T18:52:13","modified_gmt":"2026-03-24T17:52:13","slug":"kensington-knit-fleece-jacket","status":"publish","type":"product","link":"https:\/\/shop.kustom.ch\/fr\/produit\/kensington-knit-fleece-jacket\/","title":{"rendered":"VESTE POLAIRE TRICOT\u00c9E KENSINGTON"},"content":{"rendered":"<p>Une veste polaire zipp\u00e9e est indispensable pour un style de vie actif et sur les chantiers. Cette couche interm\u00e9diaire moderne et isolante est fabriqu\u00e9e en Polartec Fleece\u00ae recycl\u00e9. La veste Kensington Knitted Fleece est con\u00e7ue pour le confort et ne comporte pas de coutures lat\u00e9rales ni de coutures aux \u00e9paules. Les manches articul\u00e9es offrent une grande libert\u00e9 de mouvement, et le dos allong\u00e9 ainsi que le mat\u00e9riau \u00e0 double couche dans le col vous gardent au chaud. Le prot\u00e8ge-menton et la doublure bross\u00e9e dans les poches garantissent une bonne apparence. Fermetures \u00e0 glissi\u00e8re YKK\u00ae de haute qualit\u00e9, con\u00e7ues pour durer. Les coutures flatlock assurent le confort et un look moderne \u00e0 votre future veste polaire zipp\u00e9e pr\u00e9f\u00e9r\u00e9e.<\/p>\n<p>Coupe : Regular \/ Normale<\/p>\n<p>Mat\u00e9riau : Tissu principal : 92 % polyester recycl\u00e9, 8 % polyester - 315 g\/m\u00b2.<\/p>","protected":false},"excerpt":{"rendered":"<p>- EN 14058:2017 : 1, X, X, X<br \/>- Polartec<br \/>- fermeture \u00e0 glissi\u00e8re YKK<br \/>- Col haut pour un bon confort<br \/>- Demi-zip YKK\u00ae sur le devant<br \/>- Sans coutures lat\u00e9rales pour plus de confort<br \/>- Tissu double \u00e9paisseur dans le col<br \/>- Sans coutures aux \u00e9paules<br \/>- Coutures flatlock pour un confort suppl\u00e9mentaire<br \/>- Poches pour les mains avec doublure int\u00e9rieure bross\u00e9e<br \/>- poches pour les mains avec fermeture \u00e9clair YKK<br \/>- Manches pr\u00e9form\u00e9es pour une libert\u00e9 de mouvement optimale<br \/>- Dos rallong\u00e9 pour un meilleur confort<br \/>- Mat\u00e9riau recycl\u00e9<br \/>- produit bluesign<\/p>","protected":false},"featured_media":710846,"template":"","meta":[],"product_brand":[],"product_cat":[4186],"product_tag":[],"class_list":{"0":"post-710800","1":"product","2":"type-product","3":"status-publish","4":"has-post-thumbnail","6":"product_cat-jacken","7":"pa_brand-helly-hansen","8":"pa_brand-type-workwear","9":"pa_filter-color-beige","10":"pa_filter-color-blau","11":"pa_filter-color-grau","12":"pa_filter-color-schwarz","14":"first","15":"instock","16":"sale","17":"taxable","18":"shipping-taxable","19":"purchasable","20":"product-type-variable","21":"add-to-wishlist-before_image"},"exclude_global_add_ons":[],"addons":[],"acf":[],"_links":{"self":[{"href":"https:\/\/shop.kustom.ch\/fr\/wp-json\/wp\/v2\/product\/710800"}],"collection":[{"href":"https:\/\/shop.kustom.ch\/fr\/wp-json\/wp\/v2\/product"}],"about":[{"href":"https:\/\/shop.kustom.ch\/fr\/wp-json\/wp\/v2\/types\/product"}],"wp:featuredmedia":[{"embeddable":true,"href":"https:\/\/shop.kustom.ch\/fr\/wp-json\/wp\/v2\/media\/710846"}],"wp:attachment":[{"href":"https:\/\/shop.kustom.ch\/fr\/wp-json\/wp\/v2\/media?parent=710800"}],"wp:term":[{"taxonomy":"product_brand","embeddable":true,"href":"https:\/\/shop.kustom.ch\/fr\/wp-json\/wp\/v2\/product_brand?post=710800"},{"taxonomy":"product_cat","embeddable":true,"href":"https:\/\/shop.kustom.ch\/fr\/wp-json\/wp\/v2\/product_cat?post=710800"},{"taxonomy":"product_tag","embeddable":true,"href":"https:\/\/shop.kustom.ch\/fr\/wp-json\/wp\/v2\/product_tag?post=710800"}],"curies":[{"name":"wp","href":"https:\/\/api.w.org\/{rel}","templated":true}]}}