{"id":710744,"date":"2026-03-24T18:50:09","date_gmt":"2026-03-24T17:50:09","guid":{"rendered":"https:\/\/shop.kustom.ch\/?post_type=product&#038;p=710744"},"modified":"2026-03-25T08:58:28","modified_gmt":"2026-03-25T07:58:28","slug":"heritage-pile-one-piece","status":"publish","type":"product","link":"https:\/\/shop.kustom.ch\/fr\/produit\/heritage-pile-one-piece\/","title":{"rendered":"HERITAGE PILE ONE PIECE"},"content":{"rendered":"<p>Le velours lourd traditionnel s'inspire de notre programme original de velours de fibres. Il s'agit d'un mat\u00e9riau de 410 g, doux au toucher et compos\u00e9 \u00e0 100 % de polyester recycl\u00e9.<\/p>\n<p>Coupe : Regular \/ Normale<\/p>\n<p>Mat\u00e9riau : Mat\u00e9riau principal : 100 % polyester recycl\u00e9 - 410 g\/m\u00b2.<\/p>","protected":false},"excerpt":{"rendered":"<p>- EN 14058:2017 : 2, X, X, X<br \/>- fermeture \u00e0 glissi\u00e8re YKK<br \/>- fermeture \u00e9clair YKK\u00ae \u00e0 double sens sur le devant<br \/>- Poignets \u00e9lastiques avec trous pour les pouces<br \/>- bord-c\u00f4te \u00e0 l'ourlet inf\u00e9rieur<br \/>- Taille \u00e9lastique<br \/>- Mat\u00e9riau recycl\u00e9<\/p>","protected":false},"featured_media":710799,"template":"","meta":[],"product_brand":[],"product_cat":[10454],"product_tag":[],"class_list":{"0":"post-710744","1":"product","2":"type-product","3":"status-publish","4":"has-post-thumbnail","6":"product_cat-overalls","7":"pa_brand-helly-hansen","8":"pa_brand-type-workwear","9":"pa_filter-color-blau","11":"first","12":"instock","13":"sale","14":"taxable","15":"shipping-taxable","16":"purchasable","17":"product-type-variable","18":"add-to-wishlist-before_image"},"exclude_global_add_ons":[],"addons":[],"acf":[],"_links":{"self":[{"href":"https:\/\/shop.kustom.ch\/fr\/wp-json\/wp\/v2\/product\/710744"}],"collection":[{"href":"https:\/\/shop.kustom.ch\/fr\/wp-json\/wp\/v2\/product"}],"about":[{"href":"https:\/\/shop.kustom.ch\/fr\/wp-json\/wp\/v2\/types\/product"}],"wp:featuredmedia":[{"embeddable":true,"href":"https:\/\/shop.kustom.ch\/fr\/wp-json\/wp\/v2\/media\/710799"}],"wp:attachment":[{"href":"https:\/\/shop.kustom.ch\/fr\/wp-json\/wp\/v2\/media?parent=710744"}],"wp:term":[{"taxonomy":"product_brand","embeddable":true,"href":"https:\/\/shop.kustom.ch\/fr\/wp-json\/wp\/v2\/product_brand?post=710744"},{"taxonomy":"product_cat","embeddable":true,"href":"https:\/\/shop.kustom.ch\/fr\/wp-json\/wp\/v2\/product_cat?post=710744"},{"taxonomy":"product_tag","embeddable":true,"href":"https:\/\/shop.kustom.ch\/fr\/wp-json\/wp\/v2\/product_tag?post=710744"}],"curies":[{"name":"wp","href":"https:\/\/api.w.org\/{rel}","templated":true}]}}