{"id":710695,"date":"2026-03-24T18:49:19","date_gmt":"2026-03-24T17:49:19","guid":{"rendered":"https:\/\/shop.kustom.ch\/?post_type=product&#038;p=710695"},"modified":"2026-03-24T18:50:55","modified_gmt":"2026-03-24T17:50:55","slug":"heritage-pile-jacket","status":"publish","type":"product","link":"https:\/\/shop.kustom.ch\/fr\/produit\/heritage-pile-jacket\/","title":{"rendered":"VESTE HERITAGE PILE"},"content":{"rendered":"<p>Le poil lourd traditionnel s'inspire de notre programme original de poils de fibres et est un mat\u00e9riau de 410 g, doux au toucher et compos\u00e9 \u00e0 100 % de polyester recycl\u00e9. Avec un col doux et chaud, des fermetures \u00e0 glissi\u00e8re YKK, des poches \u00e0 tiroirs et des poignets \u00e9lastiques avec trous pour les pouces. Une coupe sur mesure et des d\u00e9tails \u00e9lastiques : ces styles offrent beaucoup de chaleur et de confort.<\/p>\n<p>Coupe : Regular \/ Normale<\/p>\n<p>Mat\u00e9riau : Mat\u00e9riau principal : 100 % polyester recycl\u00e9 - 410 g\/m\u00b2.<\/p>","protected":false},"excerpt":{"rendered":"<p>- EN 14058:2017 : 2, X, X, X<br \/>- fermeture \u00e0 glissi\u00e8re YKK<br \/>- fermeture \u00e9clair frontale YKK<br \/>- poches pour les mains avec fermeture \u00e9clair YKK<br \/>- Poignets \u00e9lastiques avec trous pour les pouces<br \/>- Mat\u00e9riau recycl\u00e9<\/p>","protected":false},"featured_media":710753,"template":"","meta":[],"product_brand":[],"product_cat":[4186],"product_tag":[],"class_list":{"0":"post-710695","1":"product","2":"type-product","3":"status-publish","4":"has-post-thumbnail","6":"product_cat-jacken","7":"pa_brand-helly-hansen","8":"pa_brand-type-workwear","9":"pa_filter-color-blau","10":"pa_filter-color-gruen","11":"pa_filter-color-orange","12":"pa_filter-color-schwarz","14":"first","15":"instock","16":"sale","17":"taxable","18":"shipping-taxable","19":"purchasable","20":"product-type-variable","21":"add-to-wishlist-before_image"},"exclude_global_add_ons":[],"addons":[],"acf":[],"_links":{"self":[{"href":"https:\/\/shop.kustom.ch\/fr\/wp-json\/wp\/v2\/product\/710695"}],"collection":[{"href":"https:\/\/shop.kustom.ch\/fr\/wp-json\/wp\/v2\/product"}],"about":[{"href":"https:\/\/shop.kustom.ch\/fr\/wp-json\/wp\/v2\/types\/product"}],"wp:featuredmedia":[{"embeddable":true,"href":"https:\/\/shop.kustom.ch\/fr\/wp-json\/wp\/v2\/media\/710753"}],"wp:attachment":[{"href":"https:\/\/shop.kustom.ch\/fr\/wp-json\/wp\/v2\/media?parent=710695"}],"wp:term":[{"taxonomy":"product_brand","embeddable":true,"href":"https:\/\/shop.kustom.ch\/fr\/wp-json\/wp\/v2\/product_brand?post=710695"},{"taxonomy":"product_cat","embeddable":true,"href":"https:\/\/shop.kustom.ch\/fr\/wp-json\/wp\/v2\/product_cat?post=710695"},{"taxonomy":"product_tag","embeddable":true,"href":"https:\/\/shop.kustom.ch\/fr\/wp-json\/wp\/v2\/product_tag?post=710695"}],"curies":[{"name":"wp","href":"https:\/\/api.w.org\/{rel}","templated":true}]}}