{"id":710694,"date":"2026-03-24T18:49:19","date_gmt":"2026-03-24T17:49:19","guid":{"rendered":"https:\/\/shop.kustom.ch\/?post_type=product&#038;p=710694"},"modified":"2026-03-24T18:50:31","modified_gmt":"2026-03-24T17:50:31","slug":"w-alna-2-0-fleece-jacket","status":"publish","type":"product","link":"https:\/\/shop.kustom.ch\/fr\/produit\/w-alna-2-0-fleece-jacket\/","title":{"rendered":"W ALNA 2.0 VESTE POLAIRE"},"content":{"rendered":"<p>Con\u00e7ue et test\u00e9e par des femmes, la veste Luna Fleece est la couche interm\u00e9diaire parfaite pour les femmes qui ont besoin d'\u00eatre bien visibles au travail.<\/p>\n<p>Coupe : Regular \/ Normale<\/p>\n<p>Mat\u00e9riel : Mat\u00e9riel principal : 100 % polyester - 280 g\/m\u00b2.<\/p>","protected":false},"excerpt":{"rendered":"<p>- EN ISO 20471:2013 : 3 : tailles L-&gt;<br \/>- EN ISO 20471:2013 : 2 : tailles XS-M<br \/>- EN 14058:2017 : 1, X, X, X<br \/>- EN 14058:2017 : 1, 3, X, X ; en combinaison avec 71240<br \/>- EN 13758-2:2003+A1:2006<br \/>- fermeture \u00e0 glissi\u00e8re YKK<br \/>- Les fils AMANN<br \/>- Poches pour les mains avec doublure int\u00e9rieure bross\u00e9e<br \/>- col int\u00e9rieur en polyester bross\u00e9<br \/>- fermeture \u00e0 glissi\u00e8re frontale YKK\u00ae avec protection du menton<br \/>- poches pour les mains avec fermeture \u00e9clair YKK<br \/>- Ourlet r\u00e9glable avec cordon de serrage \u00e9lastique dans la poche de rangement<br \/>- Dos rallong\u00e9 pour un meilleur confort<br \/>- Porte-badge<\/p>","protected":false},"featured_media":710742,"template":"","meta":[],"product_brand":[],"product_cat":[4186],"product_tag":[],"class_list":{"0":"post-710694","1":"product","2":"type-product","3":"status-publish","4":"has-post-thumbnail","6":"product_cat-jacken","7":"pa_brand-helly-hansen","8":"pa_brand-type-workwear","9":"pa_filter-color-gelb","11":"first","12":"instock","13":"sale","14":"taxable","15":"shipping-taxable","16":"purchasable","17":"product-type-variable","18":"add-to-wishlist-before_image"},"exclude_global_add_ons":[],"addons":[],"acf":[],"_links":{"self":[{"href":"https:\/\/shop.kustom.ch\/fr\/wp-json\/wp\/v2\/product\/710694"}],"collection":[{"href":"https:\/\/shop.kustom.ch\/fr\/wp-json\/wp\/v2\/product"}],"about":[{"href":"https:\/\/shop.kustom.ch\/fr\/wp-json\/wp\/v2\/types\/product"}],"wp:featuredmedia":[{"embeddable":true,"href":"https:\/\/shop.kustom.ch\/fr\/wp-json\/wp\/v2\/media\/710742"}],"wp:attachment":[{"href":"https:\/\/shop.kustom.ch\/fr\/wp-json\/wp\/v2\/media?parent=710694"}],"wp:term":[{"taxonomy":"product_brand","embeddable":true,"href":"https:\/\/shop.kustom.ch\/fr\/wp-json\/wp\/v2\/product_brand?post=710694"},{"taxonomy":"product_cat","embeddable":true,"href":"https:\/\/shop.kustom.ch\/fr\/wp-json\/wp\/v2\/product_cat?post=710694"},{"taxonomy":"product_tag","embeddable":true,"href":"https:\/\/shop.kustom.ch\/fr\/wp-json\/wp\/v2\/product_tag?post=710694"}],"curies":[{"name":"wp","href":"https:\/\/api.w.org\/{rel}","templated":true}]}}