{"id":710665,"date":"2026-03-24T18:48:55","date_gmt":"2026-03-24T17:48:55","guid":{"rendered":"https:\/\/shop.kustom.ch\/?post_type=product&#038;p=710665"},"modified":"2026-03-24T18:50:07","modified_gmt":"2026-03-24T17:50:07","slug":"uc-me-fleece-jacket","status":"publish","type":"product","link":"https:\/\/shop.kustom.ch\/fr\/produit\/uc-me-fleece-jacket\/","title":{"rendered":"VESTE POLAIRE UC-ME"},"content":{"rendered":"<p>Le confort et la protection font partie des standards de cette veste polaire de s\u00e9curit\u00e9. La veste a \u00e9t\u00e9 sp\u00e9cialement con\u00e7ue pour les postes de travail o\u00f9 la visibilit\u00e9 est r\u00e9duite. Elle dispose \u00e0 la fois d'un tissu lumineux et de larges bandes r\u00e9fl\u00e9chissantes pour am\u00e9liorer la s\u00e9curit\u00e9 au travail. La technologie VizLite offre une visibilit\u00e9 encore plus grande avec des bandes qui brillent dans l'obscurit\u00e9 et se chargent en cas d'exposition \u00e0 la lumi\u00e8re, ce qui prolonge consid\u00e9rablement la luminosit\u00e9. Le prot\u00e8ge-menton avec fermeture \u00e9clair vous garde au chaud. Confortable gr\u00e2ce \u00e0 la doublure en polyester bross\u00e9 dans le col et les poches pour les mains. Ce mod\u00e8le est compatible gr\u00e2ce \u00e0 une fermeture \u00e0 glissi\u00e8re - parfait comme doublure pour une veste polaire de s\u00e9curit\u00e9 compatible.<\/p>\n<p>Coupe : Regular \/ Normale<\/p>\n<p>Mat\u00e9riel : Mat\u00e9riel principal : 100 % polyester - 280 g\/m\u00b2.<\/p>","protected":false},"excerpt":{"rendered":"<p>- EN ISO 20471:2013 : 3 : tailles M-&gt;.<br \/>- EN ISO 20471:2013 : 2 : tailles XS-S<br \/>- RIS-3279-TOM:2019 : Orange uniquement<br \/>- EN 14058:2017 : 1, 1, X, X<br \/>- EN 14058:2017 : 1, 3, X, X ; en combinaison avec 71185<br \/>- EN 13758-2:2003+A1:2006<br \/>- fermeture \u00e0 glissi\u00e8re YKK<br \/>- Les fils AMANN<br \/>- bandes VizLite DT\u00ae- qui s'illuminent dans des conditions de faible luminosit\u00e9 ou non<br \/>- col int\u00e9rieur en polyester bross\u00e9<br \/>- fermeture \u00e9clair frontale YKK\u00ae \u00e0 double sens avec protection du menton<br \/>- poches pour les mains avec fermeture \u00e9clair YKK<br \/>- Poches pour les mains avec doublure int\u00e9rieure bross\u00e9e<br \/>- Porte-badge<\/p>","protected":false},"featured_media":710712,"template":"","meta":[],"product_brand":[],"product_cat":[4186],"product_tag":[],"class_list":{"0":"post-710665","1":"product","2":"type-product","3":"status-publish","4":"has-post-thumbnail","6":"product_cat-jacken","7":"pa_brand-helly-hansen","8":"pa_brand-type-workwear","9":"pa_filter-color-gelb","10":"pa_filter-color-orange","11":"pa_filter-color-rot","13":"first","14":"instock","15":"sale","16":"taxable","17":"shipping-taxable","18":"purchasable","19":"product-type-variable","20":"add-to-wishlist-before_image"},"exclude_global_add_ons":[],"addons":[],"acf":[],"_links":{"self":[{"href":"https:\/\/shop.kustom.ch\/fr\/wp-json\/wp\/v2\/product\/710665"}],"collection":[{"href":"https:\/\/shop.kustom.ch\/fr\/wp-json\/wp\/v2\/product"}],"about":[{"href":"https:\/\/shop.kustom.ch\/fr\/wp-json\/wp\/v2\/types\/product"}],"wp:featuredmedia":[{"embeddable":true,"href":"https:\/\/shop.kustom.ch\/fr\/wp-json\/wp\/v2\/media\/710712"}],"wp:attachment":[{"href":"https:\/\/shop.kustom.ch\/fr\/wp-json\/wp\/v2\/media?parent=710665"}],"wp:term":[{"taxonomy":"product_brand","embeddable":true,"href":"https:\/\/shop.kustom.ch\/fr\/wp-json\/wp\/v2\/product_brand?post=710665"},{"taxonomy":"product_cat","embeddable":true,"href":"https:\/\/shop.kustom.ch\/fr\/wp-json\/wp\/v2\/product_cat?post=710665"},{"taxonomy":"product_tag","embeddable":true,"href":"https:\/\/shop.kustom.ch\/fr\/wp-json\/wp\/v2\/product_tag?post=710665"}],"curies":[{"name":"wp","href":"https:\/\/api.w.org\/{rel}","templated":true}]}}