{"id":710645,"date":"2026-03-24T18:48:31","date_gmt":"2026-03-24T17:48:31","guid":{"rendered":"https:\/\/shop.kustom.ch\/?post_type=product&#038;p=710645"},"modified":"2026-03-24T18:49:44","modified_gmt":"2026-03-24T17:49:44","slug":"magni-fleece-jacket","status":"publish","type":"product","link":"https:\/\/shop.kustom.ch\/fr\/produit\/magni-fleece-jacket\/","title":{"rendered":"MAGNI FLEECE JACKET"},"content":{"rendered":"<p>Coupe : Regular \/ Normale<\/p>\n<p>Mat\u00e9riel : Mat\u00e9riel principal : 100 % polyester - 210 g\/m\u00b2.<br \/>Renforcement : 100 % polyamide - 206 g\/m<\/p>","protected":false},"excerpt":{"rendered":"<p>- Polartec<br \/>- Sans coutures aux \u00e9paules<br \/>- Tissu renforc\u00e9<br \/>- poche poitrine avec fermeture \u00e9clair YKK<br \/>- Poches int\u00e9rieures<br \/>- Manches pr\u00e9form\u00e9es pour une libert\u00e9 de mouvement optimale<br \/>- Poignets \u00e9lastiques avec trous pour les pouces<br \/>- Ourlet r\u00e9glable avec cordon de serrage \u00e9lastique<\/p>","protected":false},"featured_media":710703,"template":"","meta":[],"product_brand":[],"product_cat":[4186],"product_tag":[],"class_list":{"0":"post-710645","1":"product","2":"type-product","3":"status-publish","4":"has-post-thumbnail","6":"product_cat-jacken","7":"pa_brand-helly-hansen","8":"pa_brand-type-workwear","9":"pa_filter-color-schwarz","11":"first","12":"instock","13":"sale","14":"taxable","15":"shipping-taxable","16":"purchasable","17":"product-type-variable","18":"add-to-wishlist-before_image"},"exclude_global_add_ons":[],"addons":[],"acf":[],"_links":{"self":[{"href":"https:\/\/shop.kustom.ch\/fr\/wp-json\/wp\/v2\/product\/710645"}],"collection":[{"href":"https:\/\/shop.kustom.ch\/fr\/wp-json\/wp\/v2\/product"}],"about":[{"href":"https:\/\/shop.kustom.ch\/fr\/wp-json\/wp\/v2\/types\/product"}],"wp:featuredmedia":[{"embeddable":true,"href":"https:\/\/shop.kustom.ch\/fr\/wp-json\/wp\/v2\/media\/710703"}],"wp:attachment":[{"href":"https:\/\/shop.kustom.ch\/fr\/wp-json\/wp\/v2\/media?parent=710645"}],"wp:term":[{"taxonomy":"product_brand","embeddable":true,"href":"https:\/\/shop.kustom.ch\/fr\/wp-json\/wp\/v2\/product_brand?post=710645"},{"taxonomy":"product_cat","embeddable":true,"href":"https:\/\/shop.kustom.ch\/fr\/wp-json\/wp\/v2\/product_cat?post=710645"},{"taxonomy":"product_tag","embeddable":true,"href":"https:\/\/shop.kustom.ch\/fr\/wp-json\/wp\/v2\/product_tag?post=710645"}],"curies":[{"name":"wp","href":"https:\/\/api.w.org\/{rel}","templated":true}]}}