{"id":710619,"date":"2026-03-24T18:48:08","date_gmt":"2026-03-24T17:48:08","guid":{"rendered":"https:\/\/shop.kustom.ch\/?post_type=product&#038;p=710619"},"modified":"2026-03-24T18:49:44","modified_gmt":"2026-03-24T17:49:44","slug":"kensington-fleece-jacket","status":"publish","type":"product","link":"https:\/\/shop.kustom.ch\/fr\/produit\/kensington-fleece-jacket\/","title":{"rendered":"VESTE POLAIRE KENSINGTON"},"content":{"rendered":"<p>La Kensington Fleece Jacket est une veste en polaire qui repousse 4 fois plus le vent qu'une polaire normale. Le tissu Polartec\u00ae Wind Pro tricot\u00e9 serr\u00e9 est chaud, coupe-vent et d\u00e9perlant. Nous sommes s\u00fbrs que vous ne voudrez plus enlever cette veste une fois que vous l'aurez essay\u00e9e !<\/p>\n<p>Coupe : Regular \/ Normale<\/p>\n<p>Mat\u00e9riel : Mat\u00e9riel principal : 100 % polyester - 350 g\/m\u00b2.<\/p>","protected":false},"excerpt":{"rendered":"<p>- EN 14058:2004 : 1<br \/>- Polartec<br \/>- fermeture \u00e0 glissi\u00e8re YKK<br \/>- Col haut pour un bon confort<br \/>- Sans coutures lat\u00e9rales pour plus de confort<br \/>- Tissu double \u00e9paisseur dans le col<br \/>- Coutures flatlock pour un confort suppl\u00e9mentaire<br \/>- Sans coutures aux \u00e9paules<br \/>- fermeture \u00e0 glissi\u00e8re frontale YKK\u00ae avec protection du menton<br \/>- poche poitrine avec fermeture \u00e9clair YKK<br \/>- Poches pour les mains avec doublure int\u00e9rieure bross\u00e9e<br \/>- poches pour les mains avec fermeture \u00e9clair YKK<br \/>- poches int\u00e9rieures pour les petits objets<br \/>- Manches pr\u00e9form\u00e9es pour une libert\u00e9 de mouvement optimale<br \/>- Dos rallong\u00e9 pour un meilleur confort<br \/>- produit bluesign<\/p>","protected":false},"featured_media":710674,"template":"","meta":[],"product_brand":[],"product_cat":[4186],"product_tag":[],"class_list":{"0":"post-710619","1":"product","2":"type-product","3":"status-publish","4":"has-post-thumbnail","6":"product_cat-jacken","7":"pa_brand-helly-hansen","8":"pa_brand-type-workwear","9":"pa_filter-color-blau","10":"pa_filter-color-grau","11":"pa_filter-color-schwarz","13":"first","14":"instock","15":"sale","16":"taxable","17":"shipping-taxable","18":"purchasable","19":"product-type-variable","20":"add-to-wishlist-before_image"},"exclude_global_add_ons":[],"addons":[],"acf":[],"_links":{"self":[{"href":"https:\/\/shop.kustom.ch\/fr\/wp-json\/wp\/v2\/product\/710619"}],"collection":[{"href":"https:\/\/shop.kustom.ch\/fr\/wp-json\/wp\/v2\/product"}],"about":[{"href":"https:\/\/shop.kustom.ch\/fr\/wp-json\/wp\/v2\/types\/product"}],"wp:featuredmedia":[{"embeddable":true,"href":"https:\/\/shop.kustom.ch\/fr\/wp-json\/wp\/v2\/media\/710674"}],"wp:attachment":[{"href":"https:\/\/shop.kustom.ch\/fr\/wp-json\/wp\/v2\/media?parent=710619"}],"wp:term":[{"taxonomy":"product_brand","embeddable":true,"href":"https:\/\/shop.kustom.ch\/fr\/wp-json\/wp\/v2\/product_brand?post=710619"},{"taxonomy":"product_cat","embeddable":true,"href":"https:\/\/shop.kustom.ch\/fr\/wp-json\/wp\/v2\/product_cat?post=710619"},{"taxonomy":"product_tag","embeddable":true,"href":"https:\/\/shop.kustom.ch\/fr\/wp-json\/wp\/v2\/product_tag?post=710619"}],"curies":[{"name":"wp","href":"https:\/\/api.w.org\/{rel}","templated":true}]}}