{"id":710538,"date":"2026-03-24T18:46:55","date_gmt":"2026-03-24T17:46:55","guid":{"rendered":"https:\/\/shop.kustom.ch\/?post_type=product&#038;p=710538"},"modified":"2026-03-24T18:48:06","modified_gmt":"2026-03-24T17:48:06","slug":"manchester-2-0-fleece-jkt","status":"publish","type":"product","link":"https:\/\/shop.kustom.ch\/fr\/produit\/manchester-2-0-fleece-jkt\/","title":{"rendered":"MANCHESTER 2.0 FLEECE JKT"},"content":{"rendered":"<p>Coupe : Regular \/ Normale<\/p>\n<p>Mat\u00e9riau : Mat\u00e9riau principal : 100 % polyester recycl\u00e9 - 320 g\/m\u00b2.<\/p>","protected":false},"excerpt":{"rendered":"<p>- EN 14058:2017 : 1, X, X, X<br \/>- EN 14058:2017 : 1, 3, X, X ; en combinaison avec 71261<br \/>- fermeture \u00e0 glissi\u00e8re YKK<br \/>- Les fils AMANN<br \/>- col int\u00e9rieur en polaire bross\u00e9e<br \/>- fermeture \u00e0 glissi\u00e8re frontale YKK\u00ae avec protection du menton<br \/>- poches pour les mains avec fermeture \u00e9clair YKK<br \/>- Dos rallong\u00e9 pour un meilleur confort<br \/>- Mat\u00e9riau recycl\u00e9<\/p>","protected":false},"featured_media":710597,"template":"","meta":[],"product_brand":[],"product_cat":[4186],"product_tag":[],"class_list":{"0":"post-710538","1":"product","2":"type-product","3":"status-publish","4":"has-post-thumbnail","6":"product_cat-jacken","7":"pa_brand-helly-hansen","8":"pa_brand-type-workwear","9":"pa_filter-color-blau","10":"pa_filter-color-schwarz","12":"first","13":"instock","14":"sale","15":"taxable","16":"shipping-taxable","17":"purchasable","18":"product-type-variable","19":"add-to-wishlist-before_image"},"exclude_global_add_ons":[],"addons":[],"acf":[],"_links":{"self":[{"href":"https:\/\/shop.kustom.ch\/fr\/wp-json\/wp\/v2\/product\/710538"}],"collection":[{"href":"https:\/\/shop.kustom.ch\/fr\/wp-json\/wp\/v2\/product"}],"about":[{"href":"https:\/\/shop.kustom.ch\/fr\/wp-json\/wp\/v2\/types\/product"}],"wp:featuredmedia":[{"embeddable":true,"href":"https:\/\/shop.kustom.ch\/fr\/wp-json\/wp\/v2\/media\/710597"}],"wp:attachment":[{"href":"https:\/\/shop.kustom.ch\/fr\/wp-json\/wp\/v2\/media?parent=710538"}],"wp:term":[{"taxonomy":"product_brand","embeddable":true,"href":"https:\/\/shop.kustom.ch\/fr\/wp-json\/wp\/v2\/product_brand?post=710538"},{"taxonomy":"product_cat","embeddable":true,"href":"https:\/\/shop.kustom.ch\/fr\/wp-json\/wp\/v2\/product_cat?post=710538"},{"taxonomy":"product_tag","embeddable":true,"href":"https:\/\/shop.kustom.ch\/fr\/wp-json\/wp\/v2\/product_tag?post=710538"}],"curies":[{"name":"wp","href":"https:\/\/api.w.org\/{rel}","templated":true}]}}