{"id":710514,"date":"2026-03-24T18:46:32","date_gmt":"2026-03-24T17:46:32","guid":{"rendered":"https:\/\/shop.kustom.ch\/?post_type=product&#038;p=710514"},"modified":"2026-03-24T18:47:42","modified_gmt":"2026-03-24T17:47:42","slug":"w-manchester-2-0-fleece-jkt","status":"publish","type":"product","link":"https:\/\/shop.kustom.ch\/fr\/produit\/w-manchester-2-0-fleece-jkt\/","title":{"rendered":"W MANCHESTER 2.0 FLEECE JKT"},"content":{"rendered":"<p>Cette veste de travail en polaire pour femmes est un compagnon polyvalent qui vous tient chaud en toute saison. La veste peut \u00eatre fix\u00e9e \u00e0 l'aide de la fermeture \u00e9clair dans une veste shell Helly Hansen Workwear compatible et offrir une protection suppl\u00e9mentaire contre le vent et l'eau. Ou elle peut \u00eatre port\u00e9e comme v\u00eatement de dessus par-dessus un Baselayer pour plus de chaleur. Le prot\u00e8ge-menton optionnel dispose d'une doublure douce en polaire bross\u00e9e dans le col. Gr\u00e2ce \u00e0 la partie dorsale allong\u00e9e, vous restez au chaud lorsque vous vous penchez ou que vous effectuez diff\u00e9rentes t\u00e2ches. Les fermetures \u00e0 glissi\u00e8re YKK\u00ae de haute qualit\u00e9 prolongent la dur\u00e9e de vie de votre nouvelle veste de travail en polaire pr\u00e9f\u00e9r\u00e9e.<\/p>\n<p>Coupe : Regular \/ Normale<\/p>\n<p>Mat\u00e9riau : Mat\u00e9riau principal : 100 % polyester recycl\u00e9 - 320 g\/m\u00b2.<\/p>","protected":false},"excerpt":{"rendered":"<p>- EN 14058:2017 : 1, X, X, X<br \/>- EN 14058:2017 : 1, 3, X, X ; en combinaison avec 71262<br \/>- fermeture \u00e0 glissi\u00e8re YKK<br \/>- Les fils AMANN<br \/>- col int\u00e9rieur en polaire bross\u00e9e<br \/>- fermeture \u00e0 glissi\u00e8re frontale YKK\u00ae avec protection du menton<br \/>- poches pour les mains avec fermeture \u00e9clair YKK<br \/>- Dos rallong\u00e9 pour un meilleur confort<br \/>- Mat\u00e9riau recycl\u00e9<\/p>","protected":false},"featured_media":710558,"template":"","meta":[],"product_brand":[],"product_cat":[4186],"product_tag":[],"class_list":{"0":"post-710514","1":"product","2":"type-product","3":"status-publish","4":"has-post-thumbnail","6":"product_cat-jacken","7":"pa_brand-helly-hansen","8":"pa_brand-type-workwear","9":"pa_filter-color-blau","10":"pa_filter-color-schwarz","12":"first","13":"instock","14":"sale","15":"taxable","16":"shipping-taxable","17":"purchasable","18":"product-type-variable","19":"add-to-wishlist-before_image"},"exclude_global_add_ons":[],"addons":[],"acf":[],"_links":{"self":[{"href":"https:\/\/shop.kustom.ch\/fr\/wp-json\/wp\/v2\/product\/710514"}],"collection":[{"href":"https:\/\/shop.kustom.ch\/fr\/wp-json\/wp\/v2\/product"}],"about":[{"href":"https:\/\/shop.kustom.ch\/fr\/wp-json\/wp\/v2\/types\/product"}],"wp:featuredmedia":[{"embeddable":true,"href":"https:\/\/shop.kustom.ch\/fr\/wp-json\/wp\/v2\/media\/710558"}],"wp:attachment":[{"href":"https:\/\/shop.kustom.ch\/fr\/wp-json\/wp\/v2\/media?parent=710514"}],"wp:term":[{"taxonomy":"product_brand","embeddable":true,"href":"https:\/\/shop.kustom.ch\/fr\/wp-json\/wp\/v2\/product_brand?post=710514"},{"taxonomy":"product_cat","embeddable":true,"href":"https:\/\/shop.kustom.ch\/fr\/wp-json\/wp\/v2\/product_cat?post=710514"},{"taxonomy":"product_tag","embeddable":true,"href":"https:\/\/shop.kustom.ch\/fr\/wp-json\/wp\/v2\/product_tag?post=710514"}],"curies":[{"name":"wp","href":"https:\/\/api.w.org\/{rel}","templated":true}]}}