{"id":710482,"date":"2026-03-24T18:46:10","date_gmt":"2026-03-24T17:46:10","guid":{"rendered":"https:\/\/shop.kustom.ch\/?post_type=product&#038;p=710482"},"modified":"2026-03-24T18:47:20","modified_gmt":"2026-03-24T17:47:20","slug":"w-manchester-2-0-fleece-vest","status":"publish","type":"product","link":"https:\/\/shop.kustom.ch\/fr\/produit\/w-manchester-2-0-fleece-vest\/","title":{"rendered":"W GILET MOLLETONN\u00c9 MANCHESTER 2.0"},"content":{"rendered":"<p>Ce gilet en polaire pour femmes garde le haut de votre corps au chaud pendant le travail. Il est \u00e9quip\u00e9 d'une fermeture \u00e0 glissi\u00e8re qui le rend compatible et parfait \u00e0 porter sous une veste shell lorsque vous avez besoin d'une protection particuli\u00e8re contre le vent et les intemp\u00e9ries. Les fermetures \u00e0 glissi\u00e8re YKK\u00ae de haute qualit\u00e9 sur le devant et les poches assurent la durabilit\u00e9, tandis qu'une protection du menton offre une chaleur suppl\u00e9mentaire. Le dos allong\u00e9 offre une protection et une bonne libert\u00e9 de mouvement. Une douce polaire bross\u00e9e \u00e0 l'int\u00e9rieur du col conf\u00e8re au gilet en polaire Manchester 2.0 un confort douillet. Au travail, les femmes appr\u00e9cient son design sobre et sa bonne coupe.<\/p>\n<p>Coupe : Regular \/ Normale<\/p>\n<p>Mat\u00e9riau : Mat\u00e9riau principal : 100 % polyester recycl\u00e9 - 320 g\/m\u00b2.<\/p>","protected":false},"excerpt":{"rendered":"<p>- EN 14058:2017 : 1, X, X, X<br \/>- EN 14058:2017 : 1, 3, X, X ; en combinaison avec 71262<br \/>- fermeture \u00e0 glissi\u00e8re YKK<br \/>- Les fils AMANN<br \/>- col int\u00e9rieur en polaire bross\u00e9e<br \/>- fermeture \u00e0 glissi\u00e8re frontale YKK\u00ae avec protection du menton<br \/>- poches pour les mains avec fermeture \u00e9clair YKK<br \/>- Dos rallong\u00e9 pour un meilleur confort<br \/>- Mat\u00e9riau recycl\u00e9<\/p>","protected":false},"featured_media":710542,"template":"","meta":[],"product_brand":[],"product_cat":[4208],"product_tag":[],"class_list":{"0":"post-710482","1":"product","2":"type-product","3":"status-publish","4":"has-post-thumbnail","6":"product_cat-westen","7":"pa_brand-helly-hansen","8":"pa_brand-type-workwear","9":"pa_filter-color-blau","10":"pa_filter-color-schwarz","12":"first","13":"instock","14":"sale","15":"taxable","16":"shipping-taxable","17":"purchasable","18":"product-type-variable","19":"add-to-wishlist-before_image"},"exclude_global_add_ons":[],"addons":[],"acf":[],"_links":{"self":[{"href":"https:\/\/shop.kustom.ch\/fr\/wp-json\/wp\/v2\/product\/710482"}],"collection":[{"href":"https:\/\/shop.kustom.ch\/fr\/wp-json\/wp\/v2\/product"}],"about":[{"href":"https:\/\/shop.kustom.ch\/fr\/wp-json\/wp\/v2\/types\/product"}],"wp:featuredmedia":[{"embeddable":true,"href":"https:\/\/shop.kustom.ch\/fr\/wp-json\/wp\/v2\/media\/710542"}],"wp:attachment":[{"href":"https:\/\/shop.kustom.ch\/fr\/wp-json\/wp\/v2\/media?parent=710482"}],"wp:term":[{"taxonomy":"product_brand","embeddable":true,"href":"https:\/\/shop.kustom.ch\/fr\/wp-json\/wp\/v2\/product_brand?post=710482"},{"taxonomy":"product_cat","embeddable":true,"href":"https:\/\/shop.kustom.ch\/fr\/wp-json\/wp\/v2\/product_cat?post=710482"},{"taxonomy":"product_tag","embeddable":true,"href":"https:\/\/shop.kustom.ch\/fr\/wp-json\/wp\/v2\/product_tag?post=710482"}],"curies":[{"name":"wp","href":"https:\/\/api.w.org\/{rel}","templated":true}]}}