{"id":710440,"date":"2026-03-24T18:45:48","date_gmt":"2026-03-24T17:45:48","guid":{"rendered":"https:\/\/shop.kustom.ch\/?post_type=product&#038;p=710440"},"modified":"2026-03-24T18:46:30","modified_gmt":"2026-03-24T17:46:30","slug":"alna-2-0-shell-suit","status":"publish","type":"product","link":"https:\/\/shop.kustom.ch\/fr\/produit\/alna-2-0-shell-suit\/","title":{"rendered":"ALNA 2.0 SHELL SUIT"},"content":{"rendered":"<p>Avec l'Alna 2.0 Shell Suit, vous \u00eates visible de la t\u00eate aux pieds. Des solutions de poches innovantes, une coupe fantastique et des r\u00e9flexes de transfert de chaleur : Ce shell suit vous permet de faire votre travail, de profiter d'un confort imperm\u00e9able toute l'ann\u00e9e et d'\u00eatre bien visible.<\/p>\n<p>Coupe : Regular \/ Normale<\/p>\n<p>Mat\u00e9riel : Mat\u00e9riel principal : 100 % polyester - 215 g\/m\u00b2.<br \/> Mat\u00e9riau principal secondaire : 100 % polyamide - 235 g\/m<br \/>Renforcement : 100 % polyamide - 220 g\/m<br \/>Doublure : 100 % polyamide<\/p>","protected":false},"excerpt":{"rendered":"<p>- EN ISO 20471:2013 : 3<br \/>- EN ISO 20471:2013 : 20 cycles de lavage maximum<br \/>- RIS-3279-TOM:2019 : Orange uniquement<br \/>- EN 343:2019 : 3, 3, X<br \/>- HELLY TECH\u00ae PROFESSIONAL<br \/>- LIFE POCKET\u2122<br \/>- Les fils AMANN<br \/>- fermeture \u00e0 glissi\u00e8re YKK<br \/>- Renfort en Cordura\u00ae avec stretch<br \/>- Ceinture amovible<br \/>- Construction enti\u00e8rement scell\u00e9e<br \/>- Sans coutures aux \u00e9paules<br \/>- Capuche compatible avec le casque<br \/>- R\u00e9glage vertical et horizontal de la capuche<br \/>- col int\u00e9rieur en polyester bross\u00e9<br \/>- fermeture \u00e9clair frontale YKK\u00ae \u00e0 double sens avec protection du menton<br \/>- poche Napol\u00e9on, il n'est pas n\u00e9cessaire d'ouvrir la combinaison pour y acc\u00e9der<br \/>- Life Pocket\u2122 interne pour le t\u00e9l\u00e9phone, acc\u00e8s possible sans ouvrir la veste<br \/>- Life Pocket\u2122 interne pour la tablette, acc\u00e8s possible sans ouvrir la veste<br \/>- Poches pour les mains avec doublure int\u00e9rieure bross\u00e9e<br \/>- Poignets r\u00e9glables<br \/>- Manches pr\u00e9form\u00e9es pour une libert\u00e9 de mouvement optimale<br \/>- Gu\u00eatres de poignet<br \/>- fermeture \u00e9clair YKK\u00ae pour l'a\u00e9ration sous les bras<br \/>- fermeture \u00e9clair d\u00e9corative<br \/>- Large boucle de ceinture \u00e0 l'arri\u00e8re au milieu pour une stabilit\u00e9 et une r\u00e9sistance suppl\u00e9mentaires<br \/>- Poches sur les cuisses avec fermeture velcro<br \/>- poche m\u00e8tre pliant en Cordura\u00ae renforc\u00e9<br \/>- Fixation par boucle \u00e0 l'int\u00e9rieur de la ceinture pour les bretelles<br \/>- genoux pr\u00e9form\u00e9s pour une libert\u00e9 de mouvement optimale<br \/>- renforts en Cordura\u00ae avec stretch aux genoux et au bas des jambes<br \/>- Fermeture \u00e9clair de la botte au niveau du genou avec rabat temp\u00eate et fermeture velcro<br \/>- Poches pour genouill\u00e8res accessibles de l'int\u00e9rieur<br \/>- La genouill\u00e8re peut \u00eatre d\u00e9plac\u00e9e jusqu'\u00e0 5 cm pour garantir une libert\u00e9 de mouvement optimale<br \/>- Gu\u00eatres de bottes avec gripper<br \/>- la longueur des jambes peut \u00eatre rallong\u00e9e de 5 cm<br \/>- Porte-badge<\/p>","protected":false},"featured_media":710473,"template":"","meta":[],"product_brand":[],"product_cat":[10454],"product_tag":[],"class_list":{"0":"post-710440","1":"product","2":"type-product","3":"status-publish","4":"has-post-thumbnail","6":"product_cat-overalls","7":"pa_brand-helly-hansen","8":"pa_brand-type-workwear","9":"pa_filter-color-gelb","10":"pa_filter-color-orange","11":"pa_filter-color-rot","13":"first","14":"instock","15":"sale","16":"taxable","17":"shipping-taxable","18":"purchasable","19":"product-type-variable","20":"add-to-wishlist-before_image"},"exclude_global_add_ons":[],"addons":[],"acf":[],"_links":{"self":[{"href":"https:\/\/shop.kustom.ch\/fr\/wp-json\/wp\/v2\/product\/710440"}],"collection":[{"href":"https:\/\/shop.kustom.ch\/fr\/wp-json\/wp\/v2\/product"}],"about":[{"href":"https:\/\/shop.kustom.ch\/fr\/wp-json\/wp\/v2\/types\/product"}],"wp:featuredmedia":[{"embeddable":true,"href":"https:\/\/shop.kustom.ch\/fr\/wp-json\/wp\/v2\/media\/710473"}],"wp:attachment":[{"href":"https:\/\/shop.kustom.ch\/fr\/wp-json\/wp\/v2\/media?parent=710440"}],"wp:term":[{"taxonomy":"product_brand","embeddable":true,"href":"https:\/\/shop.kustom.ch\/fr\/wp-json\/wp\/v2\/product_brand?post=710440"},{"taxonomy":"product_cat","embeddable":true,"href":"https:\/\/shop.kustom.ch\/fr\/wp-json\/wp\/v2\/product_cat?post=710440"},{"taxonomy":"product_tag","embeddable":true,"href":"https:\/\/shop.kustom.ch\/fr\/wp-json\/wp\/v2\/product_tag?post=710440"}],"curies":[{"name":"wp","href":"https:\/\/api.w.org\/{rel}","templated":true}]}}