{"id":710399,"date":"2026-03-24T18:45:21","date_gmt":"2026-03-24T17:45:21","guid":{"rendered":"https:\/\/shop.kustom.ch\/?post_type=product&#038;p=710399"},"modified":"2026-03-24T18:45:46","modified_gmt":"2026-03-24T17:45:46","slug":"kensington-cnct-winter-suit","status":"publish","type":"product","link":"https:\/\/shop.kustom.ch\/fr\/produit\/kensington-cnct-winter-suit\/","title":{"rendered":"KENSINGTON CNCT WINTER SUIT"},"content":{"rendered":"<p>La combinaison d'hiver Kensington HH Connect\u2122 s'inspire de l'artisanat moderne. Fabriqu\u00e9e \u00e0 l'aide de la technologie Helly Tech\u00ae Professional et de renforts en Cordura\u00ae, elle offre une excellente protection contre les \u00e9l\u00e9ments et une durabilit\u00e9 fiable. Notre HH Connect\u2122 Pocket Solution s'adapte \u00e0 tout moment \u00e0 vos t\u00e2ches professionnelles en vous permettant de choisir les poches adapt\u00e9es \u00e0 vos besoins. Les poignets r\u00e9glables et la ventilation sous les bras assurent confort et mobilit\u00e9 dans des environnements changeants. Certifi\u00e9 conforme aux normes EN 343:2019 et EN 342:2017, il r\u00e9pond aux exigences les plus strictes en mati\u00e8re de r\u00e9sistance \u00e0 la pluie et au froid. Une solution bien pens\u00e9e qui compl\u00e8te parfaitement vos v\u00eatements de travail d'hiver.<\/p>\n<p>Coupe : Regular \/ Normale<\/p>\n<p>Mat\u00e9riel : Mat\u00e9riel principal : 100 % polyester - 215 g\/m\u00b2.<br \/>Renforcement : 100 % polyamide - 210 g\/m<br \/>Doublure : 100 % polyester<br \/>Isolation : 100 % polyester recycl\u00e9 - 100 g\/m\u00b2 sur le torse et les jambes, 80 g\/m\u00b2 sur les manches et la capuche<\/p>","protected":false},"excerpt":{"rendered":"<p>- EN 343:2019 : 3, 1, X<br \/>- EN 342:2017 : Icler 0,335 m2K\/W (B), 3, WP<br \/>- HELLY TECH\u00ae PROFESSIONAL<br \/>- Renfort en Cordura\u00ae avec stretch<br \/>- Les fils AMANN<br \/>- fermeture \u00e0 glissi\u00e8re YKK<br \/>- PrimaLoft\u00ae BLACK Eco<br \/>- Compatible avec HH Connect\u2122<br \/>- Ceinture int\u00e9gr\u00e9e<br \/>- Patte de boutonnage sur le devant\/rabat temp\u00eate<br \/>- Construction enti\u00e8rement scell\u00e9e<br \/>- Capuche amovible<br \/>- col int\u00e9rieur en polyester bross\u00e9<br \/>- fermeture \u00e9clair YKK\u00ae \u00e0 double sens sur le devant<br \/>- poche Napol\u00e9on avec fermeture \u00e9clair YKK<br \/>- Life Pocket\u2122 interne pour le t\u00e9l\u00e9phone<br \/>- Poches pour les mains avec doublure int\u00e9rieure bross\u00e9e<br \/>- Poignets r\u00e9glables<br \/>- Manches pr\u00e9form\u00e9es pour une libert\u00e9 de mouvement optimale<br \/>- fermeture \u00e9clair YKK\u00ae pour l'a\u00e9ration sous les bras<br \/>- fermeture \u00e9clair d\u00e9corative<br \/>- Taille \u00e9lastique<br \/>- Large boucle de ceinture \u00e0 l'arri\u00e8re au milieu pour une stabilit\u00e9 et une r\u00e9sistance suppl\u00e9mentaires<br \/>- Fermeture \u00e9clair de la botte au niveau du genou avec rabat temp\u00eate et fermeture velcro<br \/>- D\u00e9tails de design r\u00e9fl\u00e9chissants<br \/>- Porte-badge<br \/>- produit bluesign<\/p>","protected":false},"featured_media":710430,"template":"","meta":[],"product_brand":[],"product_cat":[10454],"product_tag":[],"class_list":{"0":"post-710399","1":"product","2":"type-product","3":"status-publish","4":"has-post-thumbnail","6":"product_cat-overalls","7":"pa_brand-helly-hansen","8":"pa_brand-type-workwear","9":"pa_filter-color-schwarz","11":"first","12":"instock","13":"sale","14":"taxable","15":"shipping-taxable","16":"purchasable","17":"product-type-variable","18":"add-to-wishlist-before_image"},"exclude_global_add_ons":[],"addons":[],"acf":[],"_links":{"self":[{"href":"https:\/\/shop.kustom.ch\/fr\/wp-json\/wp\/v2\/product\/710399"}],"collection":[{"href":"https:\/\/shop.kustom.ch\/fr\/wp-json\/wp\/v2\/product"}],"about":[{"href":"https:\/\/shop.kustom.ch\/fr\/wp-json\/wp\/v2\/types\/product"}],"wp:featuredmedia":[{"embeddable":true,"href":"https:\/\/shop.kustom.ch\/fr\/wp-json\/wp\/v2\/media\/710430"}],"wp:attachment":[{"href":"https:\/\/shop.kustom.ch\/fr\/wp-json\/wp\/v2\/media?parent=710399"}],"wp:term":[{"taxonomy":"product_brand","embeddable":true,"href":"https:\/\/shop.kustom.ch\/fr\/wp-json\/wp\/v2\/product_brand?post=710399"},{"taxonomy":"product_cat","embeddable":true,"href":"https:\/\/shop.kustom.ch\/fr\/wp-json\/wp\/v2\/product_cat?post=710399"},{"taxonomy":"product_tag","embeddable":true,"href":"https:\/\/shop.kustom.ch\/fr\/wp-json\/wp\/v2\/product_tag?post=710399"}],"curies":[{"name":"wp","href":"https:\/\/api.w.org\/{rel}","templated":true}]}}