{"id":710362,"date":"2026-03-24T18:44:52","date_gmt":"2026-03-24T17:44:52","guid":{"rendered":"https:\/\/shop.kustom.ch\/?post_type=product&#038;p=710362"},"modified":"2026-03-24T18:45:45","modified_gmt":"2026-03-24T17:45:45","slug":"leknes-suit","status":"publish","type":"product","link":"https:\/\/shop.kustom.ch\/fr\/produit\/leknes-suit\/","title":{"rendered":"LEKNES SUIT"},"content":{"rendered":"<p>Un bon choix pour tous ceux qui recherchent une combinaison d'hiver chaude qui les garde au sec toute la journ\u00e9e, que vous travailliez sur la c\u00f4te ou dans des conditions difficiles sur la terre ferme.<\/p>\n<p>Coupe : Regular \/ Normale<\/p>\n<p>Mat\u00e9riau : Mat\u00e9riau principal : 100 % polyamide - 140 g\/m\u00b2.<br \/>Isolation : 100 polyester % - 120 g\/m\u00b2 sur le torse et 80 g\/m\u00b2 sur les manches<\/p>","protected":false},"excerpt":{"rendered":"<p>- EN 17353:2020 Type A : 993 NOIR \/ JAUNE uniquement<br \/>- EN 343:2019 : 3, 1, X<br \/>- EN 342:2017 : Icler 0,366 m\u00b2k\/W (B), 3, WP<br \/>- HELLY TECH\u00ae PERFORMANCE<br \/>- fermeture \u00e0 glissi\u00e8re YKK<br \/>- Ceinture int\u00e9gr\u00e9e<br \/>- Patte de boutonnage sur le devant\/rabat temp\u00eate<br \/>- Poignets \u00e9lastiques<br \/>- Construction enti\u00e8rement scell\u00e9e<br \/>- Capuche amovible<br \/>- Capuche compatible avec le casque<br \/>- col int\u00e9rieur en polyester bross\u00e9<br \/>- fermeture \u00e9clair YKK\u00ae \u00e0 double sens sur le devant<br \/>- poche poitrine avec fermeture \u00e9clair YKK<br \/>- poche Napol\u00e9on avec fermeture \u00e9clair YKK<br \/>- Poches pour les mains avec doublure int\u00e9rieure bross\u00e9e<br \/>- Poignets r\u00e9glables<br \/>- fermeture \u00e9clair YKK\u00ae pour l'a\u00e9ration sous les bras<br \/>- fermeture \u00e9clair d\u00e9corative<br \/>- Taille \u00e9lastique<br \/>- Large boucle de ceinture \u00e0 l'arri\u00e8re au milieu pour une stabilit\u00e9 et une r\u00e9sistance suppl\u00e9mentaires<br \/>- Fermeture \u00e9clair de la botte au niveau du genou avec rabat temp\u00eate et fermeture velcro<br \/>- D\u00e9tails de design r\u00e9fl\u00e9chissants<br \/>- Porte-badge<\/p>","protected":false},"featured_media":710398,"template":"","meta":[],"product_brand":[],"product_cat":[10454],"product_tag":[],"class_list":{"0":"post-710362","1":"product","2":"type-product","3":"status-publish","4":"has-post-thumbnail","6":"product_cat-overalls","7":"pa_brand-helly-hansen","8":"pa_brand-type-workwear","9":"pa_filter-color-schwarz","11":"first","12":"instock","13":"sale","14":"taxable","15":"shipping-taxable","16":"purchasable","17":"product-type-variable","18":"add-to-wishlist-before_image"},"exclude_global_add_ons":[],"addons":[],"acf":[],"_links":{"self":[{"href":"https:\/\/shop.kustom.ch\/fr\/wp-json\/wp\/v2\/product\/710362"}],"collection":[{"href":"https:\/\/shop.kustom.ch\/fr\/wp-json\/wp\/v2\/product"}],"about":[{"href":"https:\/\/shop.kustom.ch\/fr\/wp-json\/wp\/v2\/types\/product"}],"wp:featuredmedia":[{"embeddable":true,"href":"https:\/\/shop.kustom.ch\/fr\/wp-json\/wp\/v2\/media\/710398"}],"wp:attachment":[{"href":"https:\/\/shop.kustom.ch\/fr\/wp-json\/wp\/v2\/media?parent=710362"}],"wp:term":[{"taxonomy":"product_brand","embeddable":true,"href":"https:\/\/shop.kustom.ch\/fr\/wp-json\/wp\/v2\/product_brand?post=710362"},{"taxonomy":"product_cat","embeddable":true,"href":"https:\/\/shop.kustom.ch\/fr\/wp-json\/wp\/v2\/product_cat?post=710362"},{"taxonomy":"product_tag","embeddable":true,"href":"https:\/\/shop.kustom.ch\/fr\/wp-json\/wp\/v2\/product_tag?post=710362"}],"curies":[{"name":"wp","href":"https:\/\/api.w.org\/{rel}","templated":true}]}}