{"id":710314,"date":"2026-03-24T18:44:25","date_gmt":"2026-03-24T17:44:25","guid":{"rendered":"https:\/\/shop.kustom.ch\/?post_type=product&#038;p=710314"},"modified":"2026-03-24T18:45:19","modified_gmt":"2026-03-24T17:45:19","slug":"uc-me-winter-suit","status":"publish","type":"product","link":"https:\/\/shop.kustom.ch\/fr\/produit\/uc-me-winter-suit\/","title":{"rendered":"UC-ME WINTER SUIT"},"content":{"rendered":"<p>La combinaison d'hiver UC-ME est con\u00e7ue pour offrir une chaleur optimale dans des conditions difficiles, sans pour autant compromettre la libert\u00e9 de mouvement ou la s\u00e9curit\u00e9, qui sont des \u00e9l\u00e9ments essentiels lorsque l'on travaille sur un chantier. Une fermeture \u00e9clair frontale YKK\u00ae \u00e0 double sens emp\u00eache le vent de p\u00e9n\u00e9trer, tandis que des rabats anti-temp\u00eate et des fermetures velcro prot\u00e8gent les fermetures \u00e9clair pratiques des bottes. Parmi les d\u00e9tails astucieux pour le chantier, on trouve une capuche amovible compatible avec le casque, une poche de poitrine accessible de l'ext\u00e9rieur, des poches pour les mains avec fermeture \u00e9clair et un passant pour les cartes d'identit\u00e9. Cette combinaison de travail bien isol\u00e9e suit tous les mouvements. Elle est dot\u00e9e d'une taille \u00e9lastique avec des fixations pour bretelles \u00e0 l'int\u00e9rieur. Les genoux et les manches articul\u00e9s ainsi que la conception sans couture des \u00e9paules assurent une excellente libert\u00e9 de mouvement. Le col doubl\u00e9 en polyester bross\u00e9 et la protection du menton sur la fermeture \u00e9clair avant assurent un confort tout au long de la journ\u00e9e. Le r\u00e9glage vertical et horizontal de la capuche ainsi que les poignets ajustables permettent de personnaliser la coupe du v\u00eatement.<\/p>\n<p>Coupe : Regular \/ Normale<\/p>\n<p>Mati\u00e8re principale : 100 polyester %, 210 g\/m\u00b2.<br \/>Mat\u00e9riau principal secondaire : 100 polyester %, 210 g\/m\u00b2.<br \/>Doublure : 100 % polyamide<br \/>Isolation : 100 % polyester recycl\u00e9 - 80 g\/m\u00b2 sur le torse, 60 g\/m\u00b2 sur les manches, le col et la capuche<\/p>","protected":false},"excerpt":{"rendered":"<p>- EN ISO 20471:2013 : 3<br \/>- EN ISO 20471:2013 : 20 cycles de lavage maximum<br \/>- RIS-3279-TOM:2019 : Orange uniquement<br \/>- EN 343:2019 : 3, 1, X<br \/>- EN 342:2017 : Icler 0,330 m2k\/W (B), 3, WP<br \/>- HELLY TECH\u00ae PERFORMANCE<br \/>- Les fils AMANN<br \/>- bandes VizLite DT\u00ae- qui s'illuminent dans des conditions de faible luminosit\u00e9 ou non<br \/>- fermeture \u00e0 glissi\u00e8re YKK<br \/>- PrimaLoft\u00ae BLACK Eco<br \/>- Taille \u00e9lastique<br \/>- Sans coutures aux \u00e9paules<br \/>- Construction enti\u00e8rement scell\u00e9e<br \/>- Capuche compatible avec le casque<br \/>- R\u00e9glage vertical et horizontal de la capuche<br \/>- Capuche amovible<br \/>- col int\u00e9rieur en polyester bross\u00e9<br \/>- Col rembourr\u00e9 pour plus de confort<br \/>- fermeture \u00e9clair frontale YKK\u00ae \u00e0 double sens avec protection du menton<br \/>- poche Napol\u00e9on, il n'est pas n\u00e9cessaire d'ouvrir la combinaison pour y acc\u00e9der<br \/>- poches pour les mains avec fermeture \u00e9clair YKK<br \/>- Poignets r\u00e9glables<br \/>- Manches pr\u00e9form\u00e9es pour une libert\u00e9 de mouvement optimale<br \/>- fermeture \u00e9clair d\u00e9corative<br \/>- Fixation par boucle \u00e0 l'int\u00e9rieur de la ceinture pour les bretelles<br \/>- genoux pr\u00e9form\u00e9s pour une libert\u00e9 de mouvement optimale<br \/>- Fermeture \u00e9clair de la botte au niveau du genou avec rabat temp\u00eate et fermeture velcro<br \/>- Porte-badge<\/p>","protected":false},"featured_media":710360,"template":"","meta":[],"product_brand":[],"product_cat":[10454],"product_tag":[],"class_list":{"0":"post-710314","1":"product","2":"type-product","3":"status-publish","4":"has-post-thumbnail","6":"product_cat-overalls","7":"pa_brand-helly-hansen","8":"pa_brand-type-workwear","9":"pa_filter-color-gelb","10":"pa_filter-color-orange","11":"pa_filter-color-rot","13":"first","14":"instock","15":"sale","16":"taxable","17":"shipping-taxable","18":"purchasable","19":"product-type-variable","20":"add-to-wishlist-before_image"},"exclude_global_add_ons":[],"addons":[],"acf":[],"_links":{"self":[{"href":"https:\/\/shop.kustom.ch\/fr\/wp-json\/wp\/v2\/product\/710314"}],"collection":[{"href":"https:\/\/shop.kustom.ch\/fr\/wp-json\/wp\/v2\/product"}],"about":[{"href":"https:\/\/shop.kustom.ch\/fr\/wp-json\/wp\/v2\/types\/product"}],"wp:featuredmedia":[{"embeddable":true,"href":"https:\/\/shop.kustom.ch\/fr\/wp-json\/wp\/v2\/media\/710360"}],"wp:attachment":[{"href":"https:\/\/shop.kustom.ch\/fr\/wp-json\/wp\/v2\/media?parent=710314"}],"wp:term":[{"taxonomy":"product_brand","embeddable":true,"href":"https:\/\/shop.kustom.ch\/fr\/wp-json\/wp\/v2\/product_brand?post=710314"},{"taxonomy":"product_cat","embeddable":true,"href":"https:\/\/shop.kustom.ch\/fr\/wp-json\/wp\/v2\/product_cat?post=710314"},{"taxonomy":"product_tag","embeddable":true,"href":"https:\/\/shop.kustom.ch\/fr\/wp-json\/wp\/v2\/product_tag?post=710314"}],"curies":[{"name":"wp","href":"https:\/\/api.w.org\/{rel}","templated":true}]}}