{"id":709890,"date":"2026-03-24T18:39:26","date_gmt":"2026-03-24T17:39:26","guid":{"rendered":"https:\/\/shop.kustom.ch\/?post_type=product&#038;p=709890"},"modified":"2026-03-24T18:40:37","modified_gmt":"2026-03-24T17:40:37","slug":"w-alna-2-0-winter-jacket","status":"publish","type":"product","link":"https:\/\/shop.kustom.ch\/fr\/produit\/w-alna-2-0-winter-jacket\/","title":{"rendered":"W ALNA 2.0 VESTE D'HIVER"},"content":{"rendered":"<p>La veste d'hiver Luna Hi Vis a \u00e9t\u00e9 con\u00e7ue et test\u00e9e par des femmes. C'est le choix parfait pour les femmes artisanes qui ont besoin d'une bonne visibilit\u00e9, d'un confort confortable et d'une protection contre les \u00e9l\u00e9ments. La technologie Life Pocket\u2122 permet de garder l'\u00e9lectronique personnelle en vie plus longtemps, m\u00eame les jours les plus froids. Avec sa coupe f\u00e9minine et sa membrane imperm\u00e9able Helly Tech\u00ae Performance, elle tient merveilleusement chaud et sec et offre un excellent confort.<\/p>\n<p>Coupe : Regular \/ Normale<\/p>\n<p>Mat\u00e9riel : Mat\u00e9riel principal : 100 % polyester - 215 g\/m\u00b2.<br \/> Mat\u00e9riau principal secondaire : 100 % polyamide - 235 g\/m<br \/>Doublure : 100 % polyamide<br \/>Isolation : 80 % polyester recycl\u00e9, 20 % polyester - 133 g\/m\u00b2 sur le torse, 80 g\/m\u00b2 sur les manches et la capuche<\/p>","protected":false},"excerpt":{"rendered":"<p>- EN ISO 20471:2013 : 2<br \/>- EN 343:2019 : 3, 1, X<br \/>- EN 342:2017 : Icler 0,324 m\u00b2k\/W (B), 3, WP ; en combinaison avec 71498<br \/>- HELLY TECH\u00ae PROFESSIONAL<br \/>- LIFE POCKET\u2122<br \/>- fermeture \u00e0 glissi\u00e8re YKK<br \/>- Les fils AMANN<br \/>- PrimaLoft\u00ae BLACK Eco<br \/>- Construction enti\u00e8rement scell\u00e9e<br \/>- Sans coutures aux \u00e9paules<br \/>- Capuche amovible<br \/>- R\u00e9glage vertical et horizontal de la capuche<br \/>- col int\u00e9rieur en polyester bross\u00e9<br \/>- Col rembourr\u00e9 pour plus de confort<br \/>- fermeture \u00e0 glissi\u00e8re frontale YKK\u00ae avec protection du menton<br \/>- Life Pocket\u2122 interne pour le t\u00e9l\u00e9phone<br \/>- Life Pocket\u2122 interne pour la tablette, acc\u00e8s possible sans ouvrir la veste<br \/>- Poches pour les mains avec doublure int\u00e9rieure bross\u00e9e<br \/>- poches pour les mains avec fermeture \u00e9clair YKK<br \/>- Poignets r\u00e9glables<br \/>- Manches pr\u00e9form\u00e9es pour une libert\u00e9 de mouvement optimale<br \/>- Gu\u00eatres de poignet<br \/>- fermeture \u00e9clair YKK\u00ae pour l'a\u00e9ration sous les bras<br \/>- Ourlet r\u00e9glable avec cordon de serrage \u00e9lastique dans la poche de rangement<br \/>- Dos rallong\u00e9 pour un meilleur confort<br \/>- fermeture \u00e9clair d\u00e9corative<br \/>- Porte-badge<br \/>- Compatible avec 79794 W Alna 2.0 Extension grossesse<\/p>","protected":false},"featured_media":709948,"template":"","meta":[],"product_brand":[],"product_cat":[4186],"product_tag":[],"class_list":{"0":"post-709890","1":"product","2":"type-product","3":"status-publish","4":"has-post-thumbnail","6":"product_cat-jacken","7":"pa_brand-helly-hansen","8":"pa_brand-type-workwear","9":"pa_filter-color-gelb","11":"first","12":"instock","13":"sale","14":"taxable","15":"shipping-taxable","16":"purchasable","17":"product-type-variable","18":"add-to-wishlist-before_image"},"exclude_global_add_ons":[],"addons":[],"acf":[],"_links":{"self":[{"href":"https:\/\/shop.kustom.ch\/fr\/wp-json\/wp\/v2\/product\/709890"}],"collection":[{"href":"https:\/\/shop.kustom.ch\/fr\/wp-json\/wp\/v2\/product"}],"about":[{"href":"https:\/\/shop.kustom.ch\/fr\/wp-json\/wp\/v2\/types\/product"}],"wp:featuredmedia":[{"embeddable":true,"href":"https:\/\/shop.kustom.ch\/fr\/wp-json\/wp\/v2\/media\/709948"}],"wp:attachment":[{"href":"https:\/\/shop.kustom.ch\/fr\/wp-json\/wp\/v2\/media?parent=709890"}],"wp:term":[{"taxonomy":"product_brand","embeddable":true,"href":"https:\/\/shop.kustom.ch\/fr\/wp-json\/wp\/v2\/product_brand?post=709890"},{"taxonomy":"product_cat","embeddable":true,"href":"https:\/\/shop.kustom.ch\/fr\/wp-json\/wp\/v2\/product_cat?post=709890"},{"taxonomy":"product_tag","embeddable":true,"href":"https:\/\/shop.kustom.ch\/fr\/wp-json\/wp\/v2\/product_tag?post=709890"}],"curies":[{"name":"wp","href":"https:\/\/api.w.org\/{rel}","templated":true}]}}