{"id":709855,"date":"2026-03-24T18:38:57","date_gmt":"2026-03-24T17:38:57","guid":{"rendered":"https:\/\/shop.kustom.ch\/?post_type=product&#038;p=709855"},"modified":"2026-03-24T18:40:14","modified_gmt":"2026-03-24T17:40:14","slug":"alna-2-0-winter-jacket","status":"publish","type":"product","link":"https:\/\/shop.kustom.ch\/fr\/produit\/alna-2-0-winter-jacket\/","title":{"rendered":"VESTE D'HIVER ALNA 2.0"},"content":{"rendered":"<p>La veste d'hiver Alna 2.0 est r\u00e9sistante, visible et tr\u00e8s tendance. Avec des r\u00e9flecteurs de transfert de chaleur, une excellente coupe et la technologie Life Pocket pour garder l'\u00e9lectronique personnelle en vie plus longtemps : cette veste est un excellent choix pour rester au chaud et en s\u00e9curit\u00e9 m\u00eame pendant les froides et sombres journ\u00e9es d'hiver.<\/p>\n<p>Coupe : Regular \/ Normale<\/p>\n<p>Mat\u00e9riel : Mat\u00e9riel principal : 100 % polyester - 215 g\/m\u00b2.<br \/> Mat\u00e9riau principal secondaire : 100 % polyamide - 235 g\/m<br \/>Doublure : 100 % polyamide<br \/>Isolation : 80 % polyester recycl\u00e9, 20 % polyester - 133 g\/m\u00b2 sur le torse, 80 g\/m\u00b2 sur les manches et la capuche<\/p>","protected":false},"excerpt":{"rendered":"<p>- EN ISO 20471:2013 : 3 : tailles M-&gt;.<br \/>- EN ISO 20471:2013 : 2 : Tailles X-XS<br \/>- EN ISO 20471:2013 : 20 cycles de lavage maximum<br \/>- RIS-3279-TOM:2019 : Orange uniquement<br \/>- EN 343:2019 : 3, 1, X<br \/>- EN 342:2017 : Icler 0,324 m\u00b2k\/W (B), 3, WP ; en combinaison avec 71490, 71491, 71499<br \/>- HELLY TECH\u00ae PROFESSIONAL<br \/>- LIFE POCKET\u2122<br \/>- fermeture \u00e0 glissi\u00e8re YKK<br \/>- Les fils AMANN<br \/>- PrimaLoft\u00ae BLACK Eco<br \/>- Sans coutures aux \u00e9paules<br \/>- Construction enti\u00e8rement scell\u00e9e<br \/>- R\u00e9glage vertical et horizontal de la capuche<br \/>- Capuche compatible avec le casque<br \/>- Capuche amovible<br \/>- col int\u00e9rieur en polyester bross\u00e9<br \/>- fermeture \u00e0 glissi\u00e8re frontale YKK\u00ae avec protection du menton<br \/>- poche Napol\u00e9on avec fermeture \u00e9clair YKK<br \/>- Life Pocket\u2122 interne pour la tablette, acc\u00e8s possible sans ouvrir la veste<br \/>- Life Pocket\u2122 interne pour le t\u00e9l\u00e9phone, acc\u00e8s possible sans ouvrir la veste<br \/>- poches pour les mains avec fermeture \u00e9clair YKK<br \/>- Poches pour les mains avec doublure int\u00e9rieure bross\u00e9e<br \/>- Gu\u00eatres de poignet<br \/>- Manches pr\u00e9form\u00e9es pour une libert\u00e9 de mouvement optimale<br \/>- Poignets r\u00e9glables<br \/>- fermeture \u00e9clair YKK\u00ae pour l'a\u00e9ration sous les bras<br \/>- a\u00e9ration en mesh pour une respirabilit\u00e9 suppl\u00e9mentaire<br \/>- Dos rallong\u00e9 pour un meilleur confort<br \/>- Ourlet r\u00e9glable avec cordon de serrage \u00e9lastique dans la poche de rangement<br \/>- fermeture \u00e9clair d\u00e9corative<br \/>- Porte-badge<\/p>","protected":false},"featured_media":709894,"template":"","meta":[],"product_brand":[],"product_cat":[4186],"product_tag":[],"class_list":{"0":"post-709855","1":"product","2":"type-product","3":"status-publish","4":"has-post-thumbnail","6":"product_cat-jacken","7":"pa_brand-helly-hansen","8":"pa_brand-type-workwear","9":"pa_filter-color-gelb","10":"pa_filter-color-orange","11":"pa_filter-color-rot","13":"first","14":"instock","15":"sale","16":"taxable","17":"shipping-taxable","18":"purchasable","19":"product-type-variable","20":"add-to-wishlist-before_image"},"exclude_global_add_ons":[],"addons":[],"acf":[],"_links":{"self":[{"href":"https:\/\/shop.kustom.ch\/fr\/wp-json\/wp\/v2\/product\/709855"}],"collection":[{"href":"https:\/\/shop.kustom.ch\/fr\/wp-json\/wp\/v2\/product"}],"about":[{"href":"https:\/\/shop.kustom.ch\/fr\/wp-json\/wp\/v2\/types\/product"}],"wp:featuredmedia":[{"embeddable":true,"href":"https:\/\/shop.kustom.ch\/fr\/wp-json\/wp\/v2\/media\/709894"}],"wp:attachment":[{"href":"https:\/\/shop.kustom.ch\/fr\/wp-json\/wp\/v2\/media?parent=709855"}],"wp:term":[{"taxonomy":"product_brand","embeddable":true,"href":"https:\/\/shop.kustom.ch\/fr\/wp-json\/wp\/v2\/product_brand?post=709855"},{"taxonomy":"product_cat","embeddable":true,"href":"https:\/\/shop.kustom.ch\/fr\/wp-json\/wp\/v2\/product_cat?post=709855"},{"taxonomy":"product_tag","embeddable":true,"href":"https:\/\/shop.kustom.ch\/fr\/wp-json\/wp\/v2\/product_tag?post=709855"}],"curies":[{"name":"wp","href":"https:\/\/api.w.org\/{rel}","templated":true}]}}