{"id":709825,"date":"2026-03-24T18:38:34","date_gmt":"2026-03-24T17:38:34","guid":{"rendered":"https:\/\/shop.kustom.ch\/?post_type=product&#038;p=709825"},"modified":"2026-03-24T18:39:24","modified_gmt":"2026-03-24T17:39:24","slug":"icu-winter-jacket","status":"publish","type":"product","link":"https:\/\/shop.kustom.ch\/fr\/produit\/icu-winter-jacket\/","title":{"rendered":"VESTE D'HIVER ICU"},"content":{"rendered":"<p>Bien visible, confortable et bien prot\u00e9g\u00e9e avec la veste d'hiver ICU. Plein de fonctions, comme les r\u00e9flecteurs 3M\u00ae, l'isolation Primaloft\u00ae et la technologie H2Flow\u00ae - cette veste vous aide \u00e0 rester au chaud et visible dans les conditions les plus sombres de cette saison.<\/p>\n<p>Coupe : Regular \/ Normale<\/p>\n<p>Mat\u00e9riel : Mat\u00e9riel principal : 100 % polyester - 215 g\/m\u00b2.<br \/> Mat\u00e9riau principal secondaire : 100 % polyamide - 235 g\/m<br \/>Doublure : 100 % polyamide<br \/>Isolation : 80 % polyester recycl\u00e9, 20 % polyester - 133 g\/m\u00b2 sur le torse, 100 g\/m\u00b2 sur les manches et la capuche<\/p>","protected":false},"excerpt":{"rendered":"<p>- EN ISO 20471:2013 : 3 : tailles L-&gt;<br \/>- EN ISO 20471:2013 : 2 : tailles S-M&gt;.<br \/>- RIS-3279-TOM:2019 : Orange uniquement<br \/>- EN 343:2019 : 3, 1, X<br \/>- EN 342:2017 : Icler 0,345 m\u00b2K\/W (B), 3, WP ; en combinaison avec 71491, 71490<br \/>- HELLY TECH\u00ae PROFESSIONAL<br \/>- Technologie H2FLOW\u2122<br \/>- PrimaLoft\u00ae Aerogel Pocket<br \/>- fermeture \u00e0 glissi\u00e8re YKK<br \/>- Les fils AMANN<br \/>- PrimaLoft\u00ae BLACK Eco<br \/>- Mat\u00e9riaux 3M<br \/>- Construction enti\u00e8rement scell\u00e9e<br \/>- R\u00e9glage vertical et horizontal de la capuche<br \/>- Capuche amovible<br \/>- r\u00e9glage du col \u00e0 l'arri\u00e8re au milieu<br \/>- col int\u00e9rieur en polyester bross\u00e9<br \/>- fermeture \u00e0 glissi\u00e8re frontale YKK\u00ae avec protection du menton<br \/>- Life Pocket\u2122 interne pour le t\u00e9l\u00e9phone, acc\u00e8s possible sans ouvrir la veste<br \/>- poche poitrine \u00e0 l'int\u00e9rieur avec fermeture \u00e9clair YKK<br \/>- poches int\u00e9rieures pour les petits objets<br \/>- poches pour les mains avec fermeture \u00e9clair YKK<br \/>- Manches pr\u00e9form\u00e9es pour une libert\u00e9 de mouvement optimale<br \/>- Poignets r\u00e9glables<br \/>- fermeture \u00e9clair YKK\u00ae pour l'a\u00e9ration sous les bras<br \/>- Ourlet r\u00e9glable avec cordon de serrage \u00e9lastique dans la poche de rangement<br \/>- fermeture \u00e9clair d\u00e9corative<br \/>- Porte-badge<\/p>","protected":false},"featured_media":709873,"template":"","meta":[],"product_brand":[],"product_cat":[4186],"product_tag":[],"class_list":{"0":"post-709825","1":"product","2":"type-product","3":"status-publish","4":"has-post-thumbnail","6":"product_cat-jacken","7":"pa_brand-helly-hansen","8":"pa_brand-type-workwear","9":"pa_filter-color-gelb","10":"pa_filter-color-orange","12":"first","13":"instock","14":"sale","15":"taxable","16":"shipping-taxable","17":"purchasable","18":"product-type-variable","19":"add-to-wishlist-before_image"},"exclude_global_add_ons":[],"addons":[],"acf":[],"_links":{"self":[{"href":"https:\/\/shop.kustom.ch\/fr\/wp-json\/wp\/v2\/product\/709825"}],"collection":[{"href":"https:\/\/shop.kustom.ch\/fr\/wp-json\/wp\/v2\/product"}],"about":[{"href":"https:\/\/shop.kustom.ch\/fr\/wp-json\/wp\/v2\/types\/product"}],"wp:featuredmedia":[{"embeddable":true,"href":"https:\/\/shop.kustom.ch\/fr\/wp-json\/wp\/v2\/media\/709873"}],"wp:attachment":[{"href":"https:\/\/shop.kustom.ch\/fr\/wp-json\/wp\/v2\/media?parent=709825"}],"wp:term":[{"taxonomy":"product_brand","embeddable":true,"href":"https:\/\/shop.kustom.ch\/fr\/wp-json\/wp\/v2\/product_brand?post=709825"},{"taxonomy":"product_cat","embeddable":true,"href":"https:\/\/shop.kustom.ch\/fr\/wp-json\/wp\/v2\/product_cat?post=709825"},{"taxonomy":"product_tag","embeddable":true,"href":"https:\/\/shop.kustom.ch\/fr\/wp-json\/wp\/v2\/product_tag?post=709825"}],"curies":[{"name":"wp","href":"https:\/\/api.w.org\/{rel}","templated":true}]}}