{"id":709801,"date":"2026-03-24T18:38:11","date_gmt":"2026-03-24T17:38:11","guid":{"rendered":"https:\/\/shop.kustom.ch\/?post_type=product&#038;p=709801"},"modified":"2026-03-24T18:38:55","modified_gmt":"2026-03-24T17:38:55","slug":"bifrost-winter-jacket","status":"publish","type":"product","link":"https:\/\/shop.kustom.ch\/fr\/produit\/bifrost-winter-jacket\/","title":{"rendered":"VESTE D'HIVER BIFROST"},"content":{"rendered":"<p>Coupe : Regular \/ Normale<\/p>\n<p>Mat\u00e9riel : Mat\u00e9riel principal : 100 % polyester - 210 g\/m\u00b2.<br \/>Renforcement : 100 % polyamide - 270 g\/m<br \/>Doublure : 100 % polyester<br \/>Isolation : 100 % polyester recycl\u00e9<br \/>Isolation secondaire : 80 % polyester recycl\u00e9, 20 % polyester<\/p>","protected":false},"excerpt":{"rendered":"<p>- EN 343:2019 : 4, 1, X<br \/>- EN 342:2017 : Icler 0,374 m2k\/W (B), 3, WP ; en combinaison avec 71470<br \/>- HELLY TECH\u00ae PROFESSIONAL<br \/>- Technologie H2FLOW\u2122<br \/>- Renfort en Cordura\u00ae avec stretch<br \/>- Les fils AMANN<br \/>- fermeture \u00e0 glissi\u00e8re YKK<br \/>- PrimaLoft\u00ae BLACK Eco<br \/>- renforts en Cordura\u00ae sur les \u00e9paules et les coudes<br \/>- Isolation Downfeel recycl\u00e9e et gonflable<br \/>- Construction enti\u00e8rement scell\u00e9e<br \/>- Sans coutures aux \u00e9paules<br \/>- Capuche amovible<br \/>- R\u00e9glage vertical et horizontal de la capuche<br \/>- col int\u00e9rieur en polyester bross\u00e9<br \/>- r\u00e9glage du col \u00e0 l'arri\u00e8re au milieu<br \/>- Col rembourr\u00e9 pour plus de confort<br \/>- Double rabat temp\u00eate avant<br \/>- Boucle sur le rabat anti-temp\u00eate pour une manipulation facile avec des gants<br \/>- fermeture \u00e0 glissi\u00e8re frontale YKK\u00ae avec protection du menton<br \/>- poche poitrine avec fermeture \u00e9clair YKK<br \/>- Poches poitrine avec doublure bross\u00e9e<br \/>- Life Pocket\u2122 interne pour le t\u00e9l\u00e9phone, acc\u00e8s possible sans ouvrir la veste<br \/>- Life Pocket\u2122 interne pour la tablette, acc\u00e8s possible sans ouvrir la veste<br \/>- doubles poches avec doublure int\u00e9rieure bross\u00e9e<br \/>- poches int\u00e9rieures pour les petits objets<br \/>- Manches pr\u00e9form\u00e9es pour une libert\u00e9 de mouvement optimale<br \/>- Gu\u00eatres de poignet<br \/>- fermeture \u00e9clair YKK\u00ae pour l'a\u00e9ration sous les bras<br \/>- Ourlet r\u00e9glable avec cordon de serrage \u00e9lastique dans la poche de rangement<br \/>- Dos rallong\u00e9 pour un meilleur confort<br \/>- fermeture \u00e9clair d\u00e9corative<br \/>- D\u00e9tails de design r\u00e9fl\u00e9chissants<br \/>- produit bluesign<\/p>","protected":false},"featured_media":709845,"template":"","meta":[],"product_brand":[],"product_cat":[4186],"product_tag":[],"class_list":{"0":"post-709801","1":"product","2":"type-product","3":"status-publish","4":"has-post-thumbnail","6":"product_cat-jacken","7":"pa_brand-helly-hansen","8":"pa_brand-type-workwear","9":"pa_filter-color-schwarz","11":"first","12":"instock","13":"sale","14":"taxable","15":"shipping-taxable","16":"purchasable","17":"product-type-variable","18":"add-to-wishlist-before_image"},"exclude_global_add_ons":[],"addons":[],"acf":[],"_links":{"self":[{"href":"https:\/\/shop.kustom.ch\/fr\/wp-json\/wp\/v2\/product\/709801"}],"collection":[{"href":"https:\/\/shop.kustom.ch\/fr\/wp-json\/wp\/v2\/product"}],"about":[{"href":"https:\/\/shop.kustom.ch\/fr\/wp-json\/wp\/v2\/types\/product"}],"wp:featuredmedia":[{"embeddable":true,"href":"https:\/\/shop.kustom.ch\/fr\/wp-json\/wp\/v2\/media\/709845"}],"wp:attachment":[{"href":"https:\/\/shop.kustom.ch\/fr\/wp-json\/wp\/v2\/media?parent=709801"}],"wp:term":[{"taxonomy":"product_brand","embeddable":true,"href":"https:\/\/shop.kustom.ch\/fr\/wp-json\/wp\/v2\/product_brand?post=709801"},{"taxonomy":"product_cat","embeddable":true,"href":"https:\/\/shop.kustom.ch\/fr\/wp-json\/wp\/v2\/product_cat?post=709801"},{"taxonomy":"product_tag","embeddable":true,"href":"https:\/\/shop.kustom.ch\/fr\/wp-json\/wp\/v2\/product_tag?post=709801"}],"curies":[{"name":"wp","href":"https:\/\/api.w.org\/{rel}","templated":true}]}}