{"id":709775,"date":"2026-03-24T18:37:44","date_gmt":"2026-03-24T17:37:44","guid":{"rendered":"https:\/\/shop.kustom.ch\/?post_type=product&#038;p=709775"},"modified":"2026-03-24T18:38:55","modified_gmt":"2026-03-24T17:38:55","slug":"uc-me-winter-jacket","status":"publish","type":"product","link":"https:\/\/shop.kustom.ch\/fr\/produit\/uc-me-winter-jacket\/","title":{"rendered":"VESTE D'HIVER UC-ME"},"content":{"rendered":"<p>La veste d'hiver UC-ME est une veste qui combine un mat\u00e9riau l\u00e9ger, un design fonctionnel et des d\u00e9tails intelligents pour garantir des performances sup\u00e9rieures sur le chantier par temps hivernal. Les manches articul\u00e9es avec des \u00e9paules sans coutures et un dos allong\u00e9 assurent confort et libert\u00e9 de mouvement. La coupe peut \u00eatre ajust\u00e9e gr\u00e2ce \u00e0 un r\u00e9glage vertical et horizontal de la capuche, ainsi qu'\u00e0 un ourlet et des poignets r\u00e9glables. La capuche amovible est compatible avec le casque et offre s\u00e9curit\u00e9 et polyvalence. Le cordon de serrage \u00e9lastique \u00e0 l'ourlet se r\u00e8gle via la poche. Le risque d'accrochage potentiel est ainsi \u00e9limin\u00e9. Les bandes r\u00e9fl\u00e9chissantes sur cette veste d'hiver haute visibilit\u00e9 augmentent la s\u00e9curit\u00e9. Gr\u00e2ce au col rembourr\u00e9 et \u00e0 la protection du menton, vous profitez d'un port confortable tout au long de la journ\u00e9e. Le col et les poches sont doubl\u00e9s en polyester bross\u00e9. Les affaires personnelles sont toujours \u00e0 port\u00e9e de main dans les poches avec fermeture \u00e9clair YKK\u00ae, dans la poche de poitrine et dans le passant pour carte d'identit\u00e9.<\/p>\n<p>Coupe : Regular \/ Normale<\/p>\n<p>Mati\u00e8re principale : 100 polyester %, 210 g\/m\u00b2.<br \/>Tissu principal 169 RED\/ EBONY : 100 % polyester, 200 g\/m\u00b2.<br \/>Mat\u00e9riau principal secondaire : 100 polyester %, 210 g\/m\u00b2.<br \/>Doublure : 100 % polyamide<br \/>Isolation : 100 % polyester recycl\u00e9 - 100 g\/m\u00b2 sur le torse, 80 g\/m\u00b2 sur les manches et la capuche<\/p>","protected":false},"excerpt":{"rendered":"<p>- EN ISO 20471:2013 : 3<br \/>- EN ISO 20471:2013 : 20 cycles de lavage maximum<br \/>- RIS-3279-TOM:2019 : Orange uniquement<br \/>- EN 343:2019 : 3, 1, X<br \/>- EN 342:2017 : Icler 0,333 m2k\/W (B), 3, WP ; en combinaison avec 71455, 71456<br \/>- HELLY TECH\u00ae PERFORMANCE<br \/>- Les fils AMANN<br \/>- bandes VizLite DT\u00ae- qui s'illuminent dans des conditions de faible luminosit\u00e9 ou non<br \/>- fermeture \u00e0 glissi\u00e8re YKK<br \/>- PrimaLoft\u00ae BLACK Eco<br \/>- Sans coutures aux \u00e9paules<br \/>- Construction enti\u00e8rement scell\u00e9e<br \/>- Capuche compatible avec le casque<br \/>- R\u00e9glage vertical et horizontal de la capuche<br \/>- Capuche amovible<br \/>- col int\u00e9rieur en polyester bross\u00e9<br \/>- Col rembourr\u00e9 pour plus de confort<br \/>- fermeture \u00e0 glissi\u00e8re frontale YKK\u00ae avec protection du menton<br \/>- poche Napol\u00e9on, il n'est pas n\u00e9cessaire d'ouvrir la veste pour y acc\u00e9der<br \/>- Poches pour les mains avec doublure int\u00e9rieure bross\u00e9e<br \/>- Poignets r\u00e9glables<br \/>- Manches pr\u00e9form\u00e9es pour une libert\u00e9 de mouvement optimale<br \/>- Ourlet r\u00e9glable avec cordon de serrage \u00e9lastique dans la poche de rangement<br \/>- Dos rallong\u00e9 pour un meilleur confort<br \/>- fermeture \u00e9clair d\u00e9corative<br \/>- Porte-badge<br \/>- produit bluesign<\/p>","protected":false},"featured_media":709813,"template":"","meta":[],"product_brand":[],"product_cat":[4186],"product_tag":[],"class_list":{"0":"post-709775","1":"product","2":"type-product","3":"status-publish","4":"has-post-thumbnail","6":"product_cat-jacken","7":"pa_brand-helly-hansen","8":"pa_brand-type-workwear","9":"pa_filter-color-gelb","10":"pa_filter-color-orange","11":"pa_filter-color-rot","13":"first","14":"instock","15":"sale","16":"taxable","17":"shipping-taxable","18":"purchasable","19":"product-type-variable","20":"add-to-wishlist-before_image"},"exclude_global_add_ons":[],"addons":[],"acf":[],"_links":{"self":[{"href":"https:\/\/shop.kustom.ch\/fr\/wp-json\/wp\/v2\/product\/709775"}],"collection":[{"href":"https:\/\/shop.kustom.ch\/fr\/wp-json\/wp\/v2\/product"}],"about":[{"href":"https:\/\/shop.kustom.ch\/fr\/wp-json\/wp\/v2\/types\/product"}],"wp:featuredmedia":[{"embeddable":true,"href":"https:\/\/shop.kustom.ch\/fr\/wp-json\/wp\/v2\/media\/709813"}],"wp:attachment":[{"href":"https:\/\/shop.kustom.ch\/fr\/wp-json\/wp\/v2\/media?parent=709775"}],"wp:term":[{"taxonomy":"product_brand","embeddable":true,"href":"https:\/\/shop.kustom.ch\/fr\/wp-json\/wp\/v2\/product_brand?post=709775"},{"taxonomy":"product_cat","embeddable":true,"href":"https:\/\/shop.kustom.ch\/fr\/wp-json\/wp\/v2\/product_cat?post=709775"},{"taxonomy":"product_tag","embeddable":true,"href":"https:\/\/shop.kustom.ch\/fr\/wp-json\/wp\/v2\/product_tag?post=709775"}],"curies":[{"name":"wp","href":"https:\/\/api.w.org\/{rel}","templated":true}]}}