{"id":709744,"date":"2026-03-24T18:37:16","date_gmt":"2026-03-24T17:37:16","guid":{"rendered":"https:\/\/shop.kustom.ch\/?post_type=product&#038;p=709744"},"modified":"2026-03-24T18:38:31","modified_gmt":"2026-03-24T17:38:31","slug":"kensington-winter-jacket","status":"publish","type":"product","link":"https:\/\/shop.kustom.ch\/fr\/produit\/kensington-winter-jacket\/","title":{"rendered":"VESTE D'HIVER KENSINGTON"},"content":{"rendered":"<p>La veste de travail d'hiver parfaite vous tient chaud sans \u00eatre lourde. LifaLoft\u2122 et Black Eco Insulation de Primaloft\u00ae sont plus l\u00e9gers et plus chauds que l'isolation standard et vous permettent de vous sentir \u00e0 l'aise pendant des heures, m\u00eame dans des conditions froides. Une membrane Helly Tech\u00ae Professional imperm\u00e9able et respirante prot\u00e8ge contre les intemp\u00e9ries. Les d\u00e9tails haut de gamme comprennent des fermetures \u00e0 glissi\u00e8re YKK\u00ae sur le devant, des poches pour les mains et des a\u00e9rations sous les bras. Les poignets, l'ourlet, le col et la capuche peuvent \u00eatre r\u00e9gl\u00e9s individuellement afin d'obtenir la veste de travail d'hiver parfaitement adapt\u00e9e \u00e0 vos besoins. Avec des d\u00e9tails confortables tels qu'un col rembourr\u00e9 avec protection du menton, un dos allong\u00e9 et une doublure bross\u00e9e dans les poches pour les mains et le col. Des manchettes aux poignets et une construction enti\u00e8rement scell\u00e9e vous gardent au sec \u00e0 tout moment. Avec des manches articul\u00e9es et sans coutures aux \u00e9paules pour que vous puissiez bouger librement toute la journ\u00e9e.<\/p>\n<p>Coupe : Regular \/ Normale<\/p>\n<p>Mat\u00e9riel : Mat\u00e9riel principal : 100 % polyester - 215 g\/m\u00b2.<br \/>Doublure : 100 % polyester<br \/>Isolation : 100 % polyester recycl\u00e9 - 133 g\/m\u00b2 sur le torse, 80 g\/m\u00b2 sur les manches et la capuche<\/p>","protected":false},"excerpt":{"rendered":"<p>- EN 343:2019 : 3, 1, X<br \/>- EN 342:2017 : Icler 0,334 m\u00b2K\/W (B), 3, WP ; en combinaison avec 71437<br \/>- HELLY TECH\u00ae PROFESSIONAL<br \/>- fermeture \u00e0 glissi\u00e8re YKK<br \/>- PrimaLoft\u00ae BLACK Eco<br \/>- Construction enti\u00e8rement scell\u00e9e<br \/>- Sans coutures aux \u00e9paules<br \/>- Capuche amovible<br \/>- R\u00e9glage vertical et horizontal de la capuche<br \/>- col int\u00e9rieur en polyester bross\u00e9<br \/>- r\u00e9glage du col \u00e0 l'arri\u00e8re au milieu<br \/>- Col rembourr\u00e9 pour plus de confort<br \/>- fermeture \u00e0 glissi\u00e8re frontale YKK\u00ae avec protection du menton<br \/>- Life Pocket\u2122 interne pour le t\u00e9l\u00e9phone<br \/>- Poches pour les mains avec doublure int\u00e9rieure bross\u00e9e<br \/>- poches pour les mains avec fermeture \u00e9clair YKK<br \/>- poches int\u00e9rieures pour les petits objets<br \/>- Poignets r\u00e9glables<br \/>- Manches pr\u00e9form\u00e9es pour une libert\u00e9 de mouvement optimale<br \/>- Gu\u00eatres de poignet<br \/>- fermeture \u00e9clair YKK\u00ae pour l'a\u00e9ration sous les bras<br \/>- Ourlet r\u00e9glable avec cordon de serrage \u00e9lastique dans la poche de rangement<br \/>- Dos rallong\u00e9 pour un meilleur confort<br \/>- fermeture \u00e9clair d\u00e9corative<br \/>- D\u00e9tails de design r\u00e9fl\u00e9chissants<br \/>- produit bluesign<\/p>","protected":false},"featured_media":709791,"template":"","meta":[],"product_brand":[],"product_cat":[4186],"product_tag":[],"class_list":{"0":"post-709744","1":"product","2":"type-product","3":"status-publish","4":"has-post-thumbnail","6":"product_cat-jacken","7":"pa_brand-helly-hansen","8":"pa_brand-type-workwear","9":"pa_filter-color-blau","10":"pa_filter-color-schwarz","12":"first","13":"instock","14":"sale","15":"taxable","16":"shipping-taxable","17":"purchasable","18":"product-type-variable","19":"add-to-wishlist-before_image"},"exclude_global_add_ons":[],"addons":[],"acf":[],"_links":{"self":[{"href":"https:\/\/shop.kustom.ch\/fr\/wp-json\/wp\/v2\/product\/709744"}],"collection":[{"href":"https:\/\/shop.kustom.ch\/fr\/wp-json\/wp\/v2\/product"}],"about":[{"href":"https:\/\/shop.kustom.ch\/fr\/wp-json\/wp\/v2\/types\/product"}],"wp:featuredmedia":[{"embeddable":true,"href":"https:\/\/shop.kustom.ch\/fr\/wp-json\/wp\/v2\/media\/709791"}],"wp:attachment":[{"href":"https:\/\/shop.kustom.ch\/fr\/wp-json\/wp\/v2\/media?parent=709744"}],"wp:term":[{"taxonomy":"product_brand","embeddable":true,"href":"https:\/\/shop.kustom.ch\/fr\/wp-json\/wp\/v2\/product_brand?post=709744"},{"taxonomy":"product_cat","embeddable":true,"href":"https:\/\/shop.kustom.ch\/fr\/wp-json\/wp\/v2\/product_cat?post=709744"},{"taxonomy":"product_tag","embeddable":true,"href":"https:\/\/shop.kustom.ch\/fr\/wp-json\/wp\/v2\/product_tag?post=709744"}],"curies":[{"name":"wp","href":"https:\/\/api.w.org\/{rel}","templated":true}]}}