{"id":709723,"date":"2026-03-24T18:36:52","date_gmt":"2026-03-24T17:36:52","guid":{"rendered":"https:\/\/shop.kustom.ch\/?post_type=product&#038;p=709723"},"modified":"2026-03-24T18:38:09","modified_gmt":"2026-03-24T17:38:09","slug":"w-manchester-2-0-winter-jacket","status":"publish","type":"product","link":"https:\/\/shop.kustom.ch\/fr\/produit\/w-manchester-2-0-winter-jacket\/","title":{"rendered":"W VESTE D'HIVER MANCHESTER 2.0"},"content":{"rendered":"<p>La veste d'hiver Women's Manchester 2.0 est un excellent choix pour les journ\u00e9es d'hiver. Le mat\u00e9riau principal Helly Tech\u00ae Protection vous garde au sec m\u00eame dans des conditions difficiles. Les poignets, l'ourlet et la capuche amovible sont r\u00e9glables et assurent donc un ajustement optimal. Le polaire gratt\u00e9 dans le col et le dos plus long assurent un meilleur confort sur les chantiers.<\/p>\n<p>Coupe : Regular \/ Normale<\/p>\n<p>Mat\u00e9riau : Mat\u00e9riau principal : 100 polyester % - 141 g\/m\u00b2.<br \/>Doublure : 100 % polyester<br \/>Isolation : 100 % polyester - 100 g\/m\u00b2 sur le torse, 80 g\/m\u00b2 sur les manches et la capuche<\/p>","protected":false},"excerpt":{"rendered":"<p>- EN 343:2019 : 3, 1, X<br \/>- EN 342:2017 : Icler 0,317 m2K\/W (B), 3, WP ; en combinaison avec 71464<br \/>- PROTECTION HELLY TECH<br \/>- fermeture \u00e0 glissi\u00e8re YKK<br \/>- Les fils AMANN<br \/>- Sans coutures aux \u00e9paules<br \/>- Capuche r\u00e9glable avec cordon de serrage \u00e9lastique<br \/>- Capuche amovible<br \/>- col int\u00e9rieur en polaire bross\u00e9e<br \/>- fermeture \u00e0 glissi\u00e8re frontale YKK\u00ae avec protection du menton<br \/>- poche poitrine avec fermeture \u00e9clair YKK<br \/>- poches pour les mains avec fermeture \u00e9clair YKK<br \/>- Manches pr\u00e9form\u00e9es pour une libert\u00e9 de mouvement optimale<br \/>- Poignets r\u00e9glables<br \/>- Ourlet r\u00e9glable avec cordon de serrage \u00e9lastique dans la poche de rangement<br \/>- Dos rallong\u00e9 pour un meilleur confort<br \/>- fermeture \u00e9clair d\u00e9corative<br \/>- D\u00e9tails de design r\u00e9fl\u00e9chissants<br \/>- produit bluesign<\/p>","protected":false},"featured_media":709774,"template":"","meta":[],"product_brand":[],"product_cat":[4186],"product_tag":[],"class_list":{"0":"post-709723","1":"product","2":"type-product","3":"status-publish","4":"has-post-thumbnail","6":"product_cat-jacken","7":"pa_brand-helly-hansen","8":"pa_brand-type-workwear","9":"pa_filter-color-blau","10":"pa_filter-color-schwarz","12":"first","13":"instock","14":"sale","15":"taxable","16":"shipping-taxable","17":"purchasable","18":"product-type-variable","19":"add-to-wishlist-before_image"},"exclude_global_add_ons":[],"addons":[],"acf":[],"_links":{"self":[{"href":"https:\/\/shop.kustom.ch\/fr\/wp-json\/wp\/v2\/product\/709723"}],"collection":[{"href":"https:\/\/shop.kustom.ch\/fr\/wp-json\/wp\/v2\/product"}],"about":[{"href":"https:\/\/shop.kustom.ch\/fr\/wp-json\/wp\/v2\/types\/product"}],"wp:featuredmedia":[{"embeddable":true,"href":"https:\/\/shop.kustom.ch\/fr\/wp-json\/wp\/v2\/media\/709774"}],"wp:attachment":[{"href":"https:\/\/shop.kustom.ch\/fr\/wp-json\/wp\/v2\/media?parent=709723"}],"wp:term":[{"taxonomy":"product_brand","embeddable":true,"href":"https:\/\/shop.kustom.ch\/fr\/wp-json\/wp\/v2\/product_brand?post=709723"},{"taxonomy":"product_cat","embeddable":true,"href":"https:\/\/shop.kustom.ch\/fr\/wp-json\/wp\/v2\/product_cat?post=709723"},{"taxonomy":"product_tag","embeddable":true,"href":"https:\/\/shop.kustom.ch\/fr\/wp-json\/wp\/v2\/product_tag?post=709723"}],"curies":[{"name":"wp","href":"https:\/\/api.w.org\/{rel}","templated":true}]}}