{"id":709694,"date":"2026-03-24T18:36:26","date_gmt":"2026-03-24T17:36:26","guid":{"rendered":"https:\/\/shop.kustom.ch\/?post_type=product&#038;p=709694"},"modified":"2026-03-24T18:37:14","modified_gmt":"2026-03-24T17:37:14","slug":"chelsea-evo-winter-jacket","status":"publish","type":"product","link":"https:\/\/shop.kustom.ch\/fr\/produit\/chelsea-evo-winter-jacket\/","title":{"rendered":"VESTE D'HIVER CHELSEA EVO"},"content":{"rendered":"<p>La veste d'hiver Chelsea Evolution te prot\u00e8ge lorsque les temp\u00e9ratures baissent. La membrane imperm\u00e9able Helly Tech\u00ae Performance vous garde au sec, tandis que l'isolation Primaloft\u00ae vous apporte de la chaleur. Quel que soit le temps auquel vous \u00eates confront\u00e9 : Vous \u00eates parfaitement pr\u00e9par\u00e9.<\/p>\n<p>Coupe : Regular \/ Normale<\/p>\n<p>Mat\u00e9riel : Mat\u00e9riel principal : 100 % polyester - 215 g\/m\u00b2.<br \/>Renforcement : Cordura\u00ae - 260 g\/m<br \/>Doublure : 100 % polyester<br \/>Isolation : 100 % polyester recycl\u00e9 - 133 g\/m\u00b2 sur le torse &amp; 80 g\/m\u00b2 sur les manches et la capuche<\/p>","protected":false},"excerpt":{"rendered":"<p>- EN 343:2019 : 3, 1, X<br \/>- EN 342:2017 : Icler 0,323 m\u00b2K\/W (B), 3, WP ; en combinaison avec 71437<br \/>- HELLY TECH\u00ae PROFESSIONAL<br \/>- LIFE POCKET\u2122<br \/>- fermeture \u00e0 glissi\u00e8re YKK<br \/>- Renfort en Cordura\u00ae avec stretch<br \/>- PrimaLoft\u00ae BLACK Eco<br \/>- renforts en Cordura\u00ae sur les \u00e9paules<br \/>- Construction enti\u00e8rement scell\u00e9e<br \/>- Sans coutures aux \u00e9paules<br \/>- Capuche amovible<br \/>- R\u00e9glage vertical et horizontal de la capuche<br \/>- col int\u00e9rieur en polyester bross\u00e9<br \/>- r\u00e9glage du col \u00e0 l'arri\u00e8re au milieu<br \/>- Col rembourr\u00e9 pour plus de confort<br \/>- fermeture \u00e0 glissi\u00e8re frontale YKK\u00ae avec protection du menton<br \/>- Life Pocket\u2122 interne pour le t\u00e9l\u00e9phone, acc\u00e8s possible sans ouvrir la veste<br \/>- Poches pour les mains avec doublure int\u00e9rieure bross\u00e9e<br \/>- poches pour les mains avec fermeture \u00e9clair YKK<br \/>- poches int\u00e9rieures pour les petits objets<br \/>- Poignets r\u00e9glables<br \/>- Manches pr\u00e9form\u00e9es pour une libert\u00e9 de mouvement optimale<br \/>- Gu\u00eatres de poignet<br \/>- fermeture \u00e9clair YKK\u00ae pour l'a\u00e9ration sous les bras<br \/>- Dos rallong\u00e9 pour un meilleur confort<br \/>- Ourlet r\u00e9glable avec cordon de serrage \u00e9lastique<br \/>- fermeture \u00e9clair d\u00e9corative<br \/>- Porte-badge<\/p>","protected":false},"featured_media":709735,"template":"","meta":[],"product_brand":[],"product_cat":[4186],"product_tag":[],"class_list":{"0":"post-709694","1":"product","2":"type-product","3":"status-publish","4":"has-post-thumbnail","6":"product_cat-jacken","7":"pa_brand-helly-hansen","8":"pa_brand-type-workwear","9":"pa_filter-color-grau","11":"first","12":"instock","13":"sale","14":"taxable","15":"shipping-taxable","16":"purchasable","17":"product-type-variable","18":"add-to-wishlist-before_image"},"exclude_global_add_ons":[],"addons":[],"acf":[],"_links":{"self":[{"href":"https:\/\/shop.kustom.ch\/fr\/wp-json\/wp\/v2\/product\/709694"}],"collection":[{"href":"https:\/\/shop.kustom.ch\/fr\/wp-json\/wp\/v2\/product"}],"about":[{"href":"https:\/\/shop.kustom.ch\/fr\/wp-json\/wp\/v2\/types\/product"}],"wp:featuredmedia":[{"embeddable":true,"href":"https:\/\/shop.kustom.ch\/fr\/wp-json\/wp\/v2\/media\/709735"}],"wp:attachment":[{"href":"https:\/\/shop.kustom.ch\/fr\/wp-json\/wp\/v2\/media?parent=709694"}],"wp:term":[{"taxonomy":"product_brand","embeddable":true,"href":"https:\/\/shop.kustom.ch\/fr\/wp-json\/wp\/v2\/product_brand?post=709694"},{"taxonomy":"product_cat","embeddable":true,"href":"https:\/\/shop.kustom.ch\/fr\/wp-json\/wp\/v2\/product_cat?post=709694"},{"taxonomy":"product_tag","embeddable":true,"href":"https:\/\/shop.kustom.ch\/fr\/wp-json\/wp\/v2\/product_tag?post=709694"}],"curies":[{"name":"wp","href":"https:\/\/api.w.org\/{rel}","templated":true}]}}