{"id":709666,"date":"2026-03-24T18:36:01","date_gmt":"2026-03-24T17:36:01","guid":{"rendered":"https:\/\/shop.kustom.ch\/?post_type=product&#038;p=709666"},"modified":"2026-03-24T18:37:13","modified_gmt":"2026-03-24T17:37:13","slug":"w-kensington-winter-jacket","status":"publish","type":"product","link":"https:\/\/shop.kustom.ch\/fr\/produit\/w-kensington-winter-jacket\/","title":{"rendered":"W KENSINGTON VESTE D'HIVER"},"content":{"rendered":"<p>Con\u00e7ue et test\u00e9e par des femmes, la veste d'hiver Luna est le choix parfait pour les femmes qui travaillent pendant les froides journ\u00e9es d'hiver. La membrane Helly Tech\u00ae Performance et l'isolation Primaloft\u00ae Black Eco rendent la veste l\u00e9g\u00e8re tout en \u00e9tant imperm\u00e9able, coupe-vent et respirante.<\/p>\n<p>Coupe : Regular \/ Normale<\/p>\n<p>Mat\u00e9riel : Mat\u00e9riel principal : 100 % polyester - 215 g\/m\u00b2.<br \/>Doublure : 100 % polyamide<br \/>Isolation : 100 % polyester recycl\u00e9 - 133 g\/m\u00b2 sur le torse, 80 g\/m\u00b2 sur les manches et la capuche<\/p>","protected":false},"excerpt":{"rendered":"<p>- EN 343:2019 : 3, 1, X<br \/>- EN 342:2017 : Icler 0,323 m\u00b2K\/W (B), 3, WP ; en combinaison avec 71453<br \/>- HELLY TECH\u00ae PROFESSIONAL<br \/>- fermeture \u00e0 glissi\u00e8re YKK<br \/>- Construction enti\u00e8rement scell\u00e9e<br \/>- Sans coutures aux \u00e9paules<br \/>- Capuche amovible<br \/>- R\u00e9glage vertical et horizontal de la capuche<br \/>- col int\u00e9rieur en polyester bross\u00e9<br \/>- r\u00e9glage du col \u00e0 l'arri\u00e8re au milieu<br \/>- Col rembourr\u00e9 pour plus de confort<br \/>- fermeture \u00e0 glissi\u00e8re frontale YKK\u00ae avec protection du menton<br \/>- Life Pocket\u2122 interne pour le t\u00e9l\u00e9phone, acc\u00e8s possible sans ouvrir la veste<br \/>- Poches pour les mains avec doublure int\u00e9rieure bross\u00e9e<br \/>- poches pour les mains avec fermeture \u00e9clair YKK<br \/>- poches int\u00e9rieures pour les petits objets<br \/>- Poignets r\u00e9glables<br \/>- Manches pr\u00e9form\u00e9es pour une libert\u00e9 de mouvement optimale<br \/>- Gu\u00eatres de poignet<br \/>- fermeture \u00e9clair YKK\u00ae pour l'a\u00e9ration sous les bras<br \/>- Ourlet r\u00e9glable avec cordon de serrage \u00e9lastique dans la poche de rangement<br \/>- Dos rallong\u00e9 pour un meilleur confort<br \/>- fermeture \u00e9clair d\u00e9corative<br \/>- D\u00e9tails de design r\u00e9fl\u00e9chissants<br \/>- produit bluesign<\/p>","protected":false},"featured_media":709713,"template":"","meta":[],"product_brand":[],"product_cat":[4186],"product_tag":[],"class_list":{"0":"post-709666","1":"product","2":"type-product","3":"status-publish","4":"has-post-thumbnail","6":"product_cat-jacken","7":"pa_brand-helly-hansen","8":"pa_brand-type-workwear","9":"pa_filter-color-blau","10":"pa_filter-color-schwarz","12":"first","13":"instock","14":"sale","15":"taxable","16":"shipping-taxable","17":"purchasable","18":"product-type-variable","19":"add-to-wishlist-before_image"},"exclude_global_add_ons":[],"addons":[],"acf":[],"_links":{"self":[{"href":"https:\/\/shop.kustom.ch\/fr\/wp-json\/wp\/v2\/product\/709666"}],"collection":[{"href":"https:\/\/shop.kustom.ch\/fr\/wp-json\/wp\/v2\/product"}],"about":[{"href":"https:\/\/shop.kustom.ch\/fr\/wp-json\/wp\/v2\/types\/product"}],"wp:featuredmedia":[{"embeddable":true,"href":"https:\/\/shop.kustom.ch\/fr\/wp-json\/wp\/v2\/media\/709713"}],"wp:attachment":[{"href":"https:\/\/shop.kustom.ch\/fr\/wp-json\/wp\/v2\/media?parent=709666"}],"wp:term":[{"taxonomy":"product_brand","embeddable":true,"href":"https:\/\/shop.kustom.ch\/fr\/wp-json\/wp\/v2\/product_brand?post=709666"},{"taxonomy":"product_cat","embeddable":true,"href":"https:\/\/shop.kustom.ch\/fr\/wp-json\/wp\/v2\/product_cat?post=709666"},{"taxonomy":"product_tag","embeddable":true,"href":"https:\/\/shop.kustom.ch\/fr\/wp-json\/wp\/v2\/product_tag?post=709666"}],"curies":[{"name":"wp","href":"https:\/\/api.w.org\/{rel}","templated":true}]}}