{"id":709636,"date":"2026-03-24T18:35:34","date_gmt":"2026-03-24T17:35:34","guid":{"rendered":"https:\/\/shop.kustom.ch\/?post_type=product&#038;p=709636"},"modified":"2026-03-24T18:36:49","modified_gmt":"2026-03-24T17:36:49","slug":"w-alna-2-0-shell-jacket","status":"publish","type":"product","link":"https:\/\/shop.kustom.ch\/fr\/produit\/w-alna-2-0-shell-jacket\/","title":{"rendered":"W ALNA 2.0 VESTE \u00c0 COQUILLE"},"content":{"rendered":"<p>Con\u00e7u et test\u00e9 par des femmes, le pantalon Luna Hi Vis Winter Construction est le choix optimal pour les femmes qui ont besoin d'un pantalon haute visibilit\u00e9 \u00e0 la coupe f\u00e9minine, r\u00e9sistant et qui prot\u00e8ge du temps froid. Dot\u00e9 de Primaloft\u00ae Black Eco Insulation et de Helly Tech Performance\u00ae, il est imperm\u00e9able, coupe-vent et respirant tout en \u00e9tant agr\u00e9ablement l\u00e9ger.<\/p>\n<p>Coupe : Regular \/ Normale<\/p>\n<p>Mat\u00e9riel : Mat\u00e9riel principal : 100 % polyester - 215 g\/m\u00b2.<br \/> Mat\u00e9riau principal secondaire : 100 % polyamide - 235 g\/m<br \/>Doublure : 100 % polyamide<\/p>","protected":false},"excerpt":{"rendered":"<p>- EN ISO 20471:2013 : 2<br \/>- EN 343:2019 : 3, 3, X<br \/>- HELLY TECH\u00ae PROFESSIONAL<br \/>- fermeture \u00e0 glissi\u00e8re YKK<br \/>- Les fils AMANN<br \/>- Poches pour les mains avec doublure int\u00e9rieure bross\u00e9e<br \/>- Construction enti\u00e8rement scell\u00e9e<br \/>- Sans coutures aux \u00e9paules<br \/>- Capuche amovible<br \/>- R\u00e9glage vertical et horizontal de la capuche<br \/>- col int\u00e9rieur en polyester bross\u00e9<br \/>- fermeture \u00e0 glissi\u00e8re frontale YKK\u00ae avec protection du menton<br \/>- poche poitrine avec fermeture \u00e9clair YKK<br \/>- poches pour les mains avec fermeture \u00e9clair YKK<br \/>- Poignets r\u00e9glables<br \/>- Manches pr\u00e9form\u00e9es pour une libert\u00e9 de mouvement optimale<br \/>- Gu\u00eatres de poignet<br \/>- fermeture \u00e9clair YKK\u00ae pour l'a\u00e9ration sous les bras<br \/>- Ourlet r\u00e9glable avec cordon de serrage \u00e9lastique dans la poche de rangement<br \/>- Dos rallong\u00e9 pour un meilleur confort<br \/>- fermeture \u00e9clair d\u00e9corative<br \/>- Porte-badge<br \/>- Poches rembourr\u00e9es pour tablette \u00e0 l'int\u00e9rieur<br \/>- Compatible avec 79794 W Alna 2.0 Extension grossesse<\/p>","protected":false},"featured_media":709693,"template":"","meta":[],"product_brand":[],"product_cat":[4186],"product_tag":[],"class_list":{"0":"post-709636","1":"product","2":"type-product","3":"status-publish","4":"has-post-thumbnail","6":"product_cat-jacken","7":"pa_brand-helly-hansen","8":"pa_brand-type-workwear","9":"pa_filter-color-gelb","11":"first","12":"instock","13":"sale","14":"taxable","15":"shipping-taxable","16":"purchasable","17":"product-type-variable","18":"add-to-wishlist-before_image"},"exclude_global_add_ons":[],"addons":[],"acf":[],"_links":{"self":[{"href":"https:\/\/shop.kustom.ch\/fr\/wp-json\/wp\/v2\/product\/709636"}],"collection":[{"href":"https:\/\/shop.kustom.ch\/fr\/wp-json\/wp\/v2\/product"}],"about":[{"href":"https:\/\/shop.kustom.ch\/fr\/wp-json\/wp\/v2\/types\/product"}],"wp:featuredmedia":[{"embeddable":true,"href":"https:\/\/shop.kustom.ch\/fr\/wp-json\/wp\/v2\/media\/709693"}],"wp:attachment":[{"href":"https:\/\/shop.kustom.ch\/fr\/wp-json\/wp\/v2\/media?parent=709636"}],"wp:term":[{"taxonomy":"product_brand","embeddable":true,"href":"https:\/\/shop.kustom.ch\/fr\/wp-json\/wp\/v2\/product_brand?post=709636"},{"taxonomy":"product_cat","embeddable":true,"href":"https:\/\/shop.kustom.ch\/fr\/wp-json\/wp\/v2\/product_cat?post=709636"},{"taxonomy":"product_tag","embeddable":true,"href":"https:\/\/shop.kustom.ch\/fr\/wp-json\/wp\/v2\/product_tag?post=709636"}],"curies":[{"name":"wp","href":"https:\/\/api.w.org\/{rel}","templated":true}]}}