{"id":709612,"date":"2026-03-24T18:35:10","date_gmt":"2026-03-24T17:35:10","guid":{"rendered":"https:\/\/shop.kustom.ch\/?post_type=product&#038;p=709612"},"modified":"2026-03-24T18:36:24","modified_gmt":"2026-03-24T17:36:24","slug":"oxford-shell-jacket","status":"publish","type":"product","link":"https:\/\/shop.kustom.ch\/fr\/produit\/oxford-shell-jacket\/","title":{"rendered":"VESTE \u00c0 COQUILLE OXFORD"},"content":{"rendered":"<p>Cette veste de travail imperm\u00e9able est enti\u00e8rement scell\u00e9e et dot\u00e9e de la membrane Helly Tech\u00ae Performance pour vous garder au sec et \u00e0 l'aise tout au long de la journ\u00e9e. Le dos allong\u00e9 offre une protection contre les intemp\u00e9ries lorsque vous bougez. Les d\u00e9tails r\u00e9fl\u00e9chissants assurent une bonne visibilit\u00e9 dans des conditions plus sombres. Une bonne protection qui ne limite pas : avec un design sans coutures aux \u00e9paules et des manches articul\u00e9es pour une plus grande libert\u00e9 de mouvement. La capuche amovible, les poignets et l'ourlet sont tous r\u00e9glables. Les fermetures \u00e0 glissi\u00e8re YKK\u00ae de haute qualit\u00e9 maintiennent l'avant de la veste et les poches ins\u00e9r\u00e9es compl\u00e8tement \u00e9tanches, m\u00eame dans des conditions difficiles. La fermeture \u00e9clair sur le devant est \u00e9quip\u00e9e d'une protection du menton doubl\u00e9e de polyester bross\u00e9. La poche de poitrine \u00e0 l'int\u00e9rieur de cette veste de travail imperm\u00e9able permet de ranger les objets importants en toute s\u00e9curit\u00e9.<\/p>\n<p>Coupe : Regular \/ Normale<\/p>\n<p>Mat\u00e9riel : Mat\u00e9riel principal : 100 % polyester - 255 g\/m\u00b2.<\/p>","protected":false},"excerpt":{"rendered":"<p>- EN 343:2019 : 3, 4, X<br \/>- HELLY TECH\u00ae PERFORMANCE<br \/>- fermeture \u00e0 glissi\u00e8re YKK<br \/>- Les fils AMANN<br \/>- Construction enti\u00e8rement scell\u00e9e<br \/>- Sans coutures aux \u00e9paules<br \/>- Capuche r\u00e9glable avec cordon de serrage et fermeture<br \/>- Capuche amovible<br \/>- col int\u00e9rieur en polyester bross\u00e9<br \/>- fermeture \u00e0 glissi\u00e8re frontale YKK\u00ae avec protection du menton<br \/>- poche poitrine \u00e0 l'int\u00e9rieur avec fermeture \u00e9clair YKK<br \/>- poches pour les mains avec fermeture \u00e9clair YKK<br \/>- Poignets r\u00e9glables<br \/>- Manches pr\u00e9form\u00e9es pour une libert\u00e9 de mouvement optimale<br \/>- Ourlet r\u00e9glable avec cordon de serrage \u00e9lastique dans la poche de rangement<br \/>- Dos rallong\u00e9 pour un meilleur confort<br \/>- fermeture \u00e9clair d\u00e9corative<br \/>- D\u00e9tails de design r\u00e9fl\u00e9chissants<\/p>","protected":false},"featured_media":709655,"template":"","meta":[],"product_brand":[],"product_cat":[4186],"product_tag":[],"class_list":{"0":"post-709612","1":"product","2":"type-product","3":"status-publish","4":"has-post-thumbnail","6":"product_cat-jacken","7":"pa_brand-helly-hansen","8":"pa_brand-type-workwear","9":"pa_filter-color-blau","10":"pa_filter-color-gruen","11":"pa_filter-color-schwarz","13":"first","14":"instock","15":"sale","16":"taxable","17":"shipping-taxable","18":"purchasable","19":"product-type-variable","20":"add-to-wishlist-before_image"},"exclude_global_add_ons":[],"addons":[],"acf":[],"_links":{"self":[{"href":"https:\/\/shop.kustom.ch\/fr\/wp-json\/wp\/v2\/product\/709612"}],"collection":[{"href":"https:\/\/shop.kustom.ch\/fr\/wp-json\/wp\/v2\/product"}],"about":[{"href":"https:\/\/shop.kustom.ch\/fr\/wp-json\/wp\/v2\/types\/product"}],"wp:featuredmedia":[{"embeddable":true,"href":"https:\/\/shop.kustom.ch\/fr\/wp-json\/wp\/v2\/media\/709655"}],"wp:attachment":[{"href":"https:\/\/shop.kustom.ch\/fr\/wp-json\/wp\/v2\/media?parent=709612"}],"wp:term":[{"taxonomy":"product_brand","embeddable":true,"href":"https:\/\/shop.kustom.ch\/fr\/wp-json\/wp\/v2\/product_brand?post=709612"},{"taxonomy":"product_cat","embeddable":true,"href":"https:\/\/shop.kustom.ch\/fr\/wp-json\/wp\/v2\/product_cat?post=709612"},{"taxonomy":"product_tag","embeddable":true,"href":"https:\/\/shop.kustom.ch\/fr\/wp-json\/wp\/v2\/product_tag?post=709612"}],"curies":[{"name":"wp","href":"https:\/\/api.w.org\/{rel}","templated":true}]}}