{"id":709481,"date":"2026-03-24T18:33:17","date_gmt":"2026-03-24T17:33:17","guid":{"rendered":"https:\/\/shop.kustom.ch\/?post_type=product&#038;p=709481"},"modified":"2026-03-24T18:34:48","modified_gmt":"2026-03-24T17:34:48","slug":"manchester-2-0-shell-jacket","status":"publish","type":"product","link":"https:\/\/shop.kustom.ch\/fr\/produit\/manchester-2-0-shell-jacket\/","title":{"rendered":"VESTE \u00c0 COQUILLE MANCHESTER 2.0"},"content":{"rendered":"<p>La veste shell parfaite combine des tissus de qualit\u00e9 avec un design fonctionnel et offre tout ce dont vous avez besoin. Ni plus ni moins. Les possibilit\u00e9s d'ajustement individuel au niveau de la capuche et de l'ourlet contribuent \u00e0 un bon ajustement. Profitez d'une excellente libert\u00e9 de mouvement tout au long de la journ\u00e9e gr\u00e2ce \u00e0 des am\u00e9liorations telles qu'un design sans coutures au niveau des \u00e9paules, des manches articul\u00e9es, des poignets \u00e9lastiques et un dos allong\u00e9. La fermeture \u00e9clair frontale offre une protection du menton sous la forme d'une extension du col int\u00e9rieur en polaire bross\u00e9e. Les poches pour les mains et la poitrine, ferm\u00e9es par des fermetures \u00e0 glissi\u00e8re YKK\u00ae, vous permettent de garder vos affaires importantes en s\u00e9curit\u00e9. Les d\u00e9tails r\u00e9fl\u00e9chissants vous rendent bien visible et assurent une plus grande s\u00e9curit\u00e9. Compatible avec trois types de zip-in-liners, c'est la meilleure veste shell de la s\u00e9rie Manchester quand il s'agit de polyvalence.<\/p>\n<p>Coupe : Regular \/ Normale<\/p>\n<p>Mat\u00e9riel : Mat\u00e9riel principal : 100 % polyester - 152 g\/m\u00b2.<\/p>","protected":false},"excerpt":{"rendered":"<p>- EN 343:2019 : 3, 4, X<br \/>- PROTECTION HELLY TECH<br \/>- fermeture \u00e0 glissi\u00e8re YKK<br \/>- Les fils AMANN<br \/>- Sans coutures aux \u00e9paules<br \/>- Capuche r\u00e9glable avec cordon de serrage \u00e9lastique<br \/>- Capuche amovible<br \/>- col int\u00e9rieur en polaire bross\u00e9e<br \/>- fermeture \u00e0 glissi\u00e8re frontale YKK\u00ae avec protection du menton<br \/>- poche poitrine avec fermeture \u00e9clair YKK<br \/>- poches pour les mains avec fermeture \u00e9clair YKK<br \/>- Manches pr\u00e9form\u00e9es pour une libert\u00e9 de mouvement optimale<br \/>- Poignet \u00e9lastique<br \/>- Ourlet r\u00e9glable avec cordon de serrage \u00e9lastique dans la poche de rangement<br \/>- Dos rallong\u00e9 pour un meilleur confort<br \/>- fermeture \u00e9clair d\u00e9corative<br \/>- D\u00e9tails de design r\u00e9fl\u00e9chissants<\/p>","protected":false},"featured_media":709523,"template":"","meta":[],"product_brand":[],"product_cat":[4186],"product_tag":[],"class_list":{"0":"post-709481","1":"product","2":"type-product","3":"status-publish","4":"has-post-thumbnail","6":"product_cat-jacken","7":"pa_brand-helly-hansen","8":"pa_brand-type-workwear","9":"pa_filter-color-blau","10":"pa_filter-color-grau","11":"pa_filter-color-gruen","12":"pa_filter-color-rot","13":"pa_filter-color-schwarz","15":"first","16":"instock","17":"sale","18":"taxable","19":"shipping-taxable","20":"purchasable","21":"product-type-variable","22":"add-to-wishlist-before_image"},"exclude_global_add_ons":[],"addons":[],"acf":[],"_links":{"self":[{"href":"https:\/\/shop.kustom.ch\/fr\/wp-json\/wp\/v2\/product\/709481"}],"collection":[{"href":"https:\/\/shop.kustom.ch\/fr\/wp-json\/wp\/v2\/product"}],"about":[{"href":"https:\/\/shop.kustom.ch\/fr\/wp-json\/wp\/v2\/types\/product"}],"wp:featuredmedia":[{"embeddable":true,"href":"https:\/\/shop.kustom.ch\/fr\/wp-json\/wp\/v2\/media\/709523"}],"wp:attachment":[{"href":"https:\/\/shop.kustom.ch\/fr\/wp-json\/wp\/v2\/media?parent=709481"}],"wp:term":[{"taxonomy":"product_brand","embeddable":true,"href":"https:\/\/shop.kustom.ch\/fr\/wp-json\/wp\/v2\/product_brand?post=709481"},{"taxonomy":"product_cat","embeddable":true,"href":"https:\/\/shop.kustom.ch\/fr\/wp-json\/wp\/v2\/product_cat?post=709481"},{"taxonomy":"product_tag","embeddable":true,"href":"https:\/\/shop.kustom.ch\/fr\/wp-json\/wp\/v2\/product_tag?post=709481"}],"curies":[{"name":"wp","href":"https:\/\/api.w.org\/{rel}","templated":true}]}}