{"id":709450,"date":"2026-03-24T18:32:50","date_gmt":"2026-03-24T17:32:50","guid":{"rendered":"https:\/\/shop.kustom.ch\/?post_type=product&#038;p=709450"},"modified":"2026-03-24T18:33:41","modified_gmt":"2026-03-24T17:33:41","slug":"fyre-shell-jacket","status":"publish","type":"product","link":"https:\/\/shop.kustom.ch\/fr\/produit\/fyre-shell-jacket\/","title":{"rendered":"VESTE FYRE SHELL"},"content":{"rendered":"<p>Coupe : Regular \/ Normale<\/p>\n<p>Mat\u00e9riau : Ext\u00e9rieur : 55 % modacrylique, 44 % coton, 1 % antistatique, 170 g\/m\u00b2.<br \/>Doublure : 50 % aramide, 50 % viscose, 120 g\/m\u00b2.<\/p>","protected":false},"excerpt":{"rendered":"<p>- EN ISO 20471:2013 : 2<br \/>- EN ISO 20471:2013 : 3 ; en combinaison avec 71199<br \/>- EN 1149-5:2018<br \/>- EN ISO 11612:2015<br \/>- EN 11611:2015<br \/>- EN 61482-2:2020<br \/>- EN 13034:2005<br \/>- EN 343:2019<br \/>- HELLY TECH\u00ae PERFORMANCE<br \/>- Technologie de s\u00e9curit\u00e9 intelligente Twiceme\u00ae qui prot\u00e8ge l'utilisateur avant et apr\u00e8s un incident<br \/>- Les fils AMANN<br \/>- bandes VizLite DT\u00ae- qui s'illuminent dans des conditions de faible luminosit\u00e9 ou non<br \/>- fermeture \u00e0 glissi\u00e8re YKK<br \/>- Sans coutures aux \u00e9paules<br \/>- R\u00e9glage vertical et horizontal de la capuche<br \/>- Capuche amovible<br \/>- poche Napol\u00e9on, il n'est pas n\u00e9cessaire d'ouvrir la veste pour y acc\u00e9der<br \/>- poche Napol\u00e9on avec fermeture \u00e9clair YKK<br \/>- poches poitrine avec fermeture \u00e9clair YKK<br \/>- Manches pr\u00e9form\u00e9es pour une libert\u00e9 de mouvement optimale<br \/>- Poignets r\u00e9glables<br \/>- Ourlet r\u00e9glable avec cordon de serrage \u00e9lastique dans la poche de rangement<br \/>- Dos rallong\u00e9 pour un meilleur confort<br \/>- Boucle de radio<br \/>- Porte-badge<\/p>","protected":false},"featured_media":709480,"template":"","meta":[],"product_brand":[],"product_cat":[4186],"product_tag":[],"class_list":{"0":"post-709450","1":"product","2":"type-product","3":"status-publish","4":"has-post-thumbnail","6":"product_cat-jacken","7":"pa_brand-helly-hansen","8":"pa_brand-type-workwear","9":"pa_filter-color-gelb","11":"first","12":"instock","13":"sale","14":"taxable","15":"shipping-taxable","16":"purchasable","17":"product-type-variable","18":"add-to-wishlist-before_image"},"exclude_global_add_ons":[],"addons":[],"acf":[],"_links":{"self":[{"href":"https:\/\/shop.kustom.ch\/fr\/wp-json\/wp\/v2\/product\/709450"}],"collection":[{"href":"https:\/\/shop.kustom.ch\/fr\/wp-json\/wp\/v2\/product"}],"about":[{"href":"https:\/\/shop.kustom.ch\/fr\/wp-json\/wp\/v2\/types\/product"}],"wp:featuredmedia":[{"embeddable":true,"href":"https:\/\/shop.kustom.ch\/fr\/wp-json\/wp\/v2\/media\/709480"}],"wp:attachment":[{"href":"https:\/\/shop.kustom.ch\/fr\/wp-json\/wp\/v2\/media?parent=709450"}],"wp:term":[{"taxonomy":"product_brand","embeddable":true,"href":"https:\/\/shop.kustom.ch\/fr\/wp-json\/wp\/v2\/product_brand?post=709450"},{"taxonomy":"product_cat","embeddable":true,"href":"https:\/\/shop.kustom.ch\/fr\/wp-json\/wp\/v2\/product_cat?post=709450"},{"taxonomy":"product_tag","embeddable":true,"href":"https:\/\/shop.kustom.ch\/fr\/wp-json\/wp\/v2\/product_tag?post=709450"}],"curies":[{"name":"wp","href":"https:\/\/api.w.org\/{rel}","templated":true}]}}