{"id":709290,"date":"2026-03-24T18:30:44","date_gmt":"2026-03-24T17:30:44","guid":{"rendered":"https:\/\/shop.kustom.ch\/?post_type=product&#038;p=709290"},"modified":"2026-03-24T18:31:54","modified_gmt":"2026-03-24T17:31:54","slug":"icu-shell-jacket","status":"publish","type":"product","link":"https:\/\/shop.kustom.ch\/fr\/produit\/icu-shell-jacket\/","title":{"rendered":"VESTE ICU SHELL"},"content":{"rendered":"<p>Notre veste ICU Shell vous offre une protection parfaite contre les \u00e9l\u00e9ments, un confort sans compromis et une libert\u00e9 de mouvement imbattable. Mati\u00e8re douce Helly Tech\u00ae Performance \u00e0 3 couches avec r\u00e9flecteurs imprim\u00e9s, fermetures \u00e9clair d'a\u00e9ration et capuche r\u00e9glable : cette veste offre tout ce dont vous avez envie et besoin.<\/p>\n<p>Coupe : Regular \/ Normale<\/p>\n<p>Mat\u00e9riel : Mat\u00e9riel principal : 100 % polyester - 265 g\/m\u00b2.<\/p>","protected":false},"excerpt":{"rendered":"<p>- EN ISO 20471:2013 : 3 : tailles L-&gt;<br \/>- EN ISO 20471:2013 : 2 : tailles S-M&gt;.<br \/>- EN 343:2019 : 4, 4, X<br \/>- RIS-3279-TOM:2019 : Orange uniquement<br \/>- HELLY TECH\u00ae PROFESSIONAL<br \/>- fermeture \u00e0 glissi\u00e8re YKK<br \/>- Les fils AMANN<br \/>- Mat\u00e9riaux 3M<br \/>- Construction enti\u00e8rement scell\u00e9e<br \/>- Capuche amovible<br \/>- R\u00e9glage vertical et horizontal de la capuche<br \/>- col int\u00e9rieur en polyester bross\u00e9<br \/>- r\u00e9glage du col \u00e0 l'arri\u00e8re au milieu<br \/>- fermeture \u00e0 glissi\u00e8re frontale YKK\u00ae avec protection du menton<br \/>- poche poitrine avec fermeture \u00e9clair YKK<br \/>- poches pour les mains avec fermeture \u00e9clair YKK<br \/>- poches int\u00e9rieures pour les petits objets<br \/>- Poignets r\u00e9glables<br \/>- Manches pr\u00e9form\u00e9es pour une libert\u00e9 de mouvement optimale<br \/>- fermeture \u00e9clair YKK\u00ae pour l'a\u00e9ration sous les bras<br \/>- Ourlet r\u00e9glable avec cordon de serrage \u00e9lastique dans la poche de rangement<br \/>- Dos rallong\u00e9 pour un meilleur confort<br \/>- Porte-badge<\/p>","protected":false},"featured_media":709330,"template":"","meta":[],"product_brand":[],"product_cat":[4186],"product_tag":[],"class_list":{"0":"post-709290","1":"product","2":"type-product","3":"status-publish","4":"has-post-thumbnail","6":"product_cat-jacken","7":"pa_brand-helly-hansen","8":"pa_brand-type-workwear","9":"pa_filter-color-gelb","10":"pa_filter-color-orange","12":"first","13":"instock","14":"sale","15":"taxable","16":"shipping-taxable","17":"purchasable","18":"product-type-variable","19":"add-to-wishlist-before_image"},"exclude_global_add_ons":[],"addons":[],"acf":[],"_links":{"self":[{"href":"https:\/\/shop.kustom.ch\/fr\/wp-json\/wp\/v2\/product\/709290"}],"collection":[{"href":"https:\/\/shop.kustom.ch\/fr\/wp-json\/wp\/v2\/product"}],"about":[{"href":"https:\/\/shop.kustom.ch\/fr\/wp-json\/wp\/v2\/types\/product"}],"wp:featuredmedia":[{"embeddable":true,"href":"https:\/\/shop.kustom.ch\/fr\/wp-json\/wp\/v2\/media\/709330"}],"wp:attachment":[{"href":"https:\/\/shop.kustom.ch\/fr\/wp-json\/wp\/v2\/media?parent=709290"}],"wp:term":[{"taxonomy":"product_brand","embeddable":true,"href":"https:\/\/shop.kustom.ch\/fr\/wp-json\/wp\/v2\/product_brand?post=709290"},{"taxonomy":"product_cat","embeddable":true,"href":"https:\/\/shop.kustom.ch\/fr\/wp-json\/wp\/v2\/product_cat?post=709290"},{"taxonomy":"product_tag","embeddable":true,"href":"https:\/\/shop.kustom.ch\/fr\/wp-json\/wp\/v2\/product_tag?post=709290"}],"curies":[{"name":"wp","href":"https:\/\/api.w.org\/{rel}","templated":true}]}}