{"id":709252,"date":"2026-03-24T18:29:53","date_gmt":"2026-03-24T17:29:53","guid":{"rendered":"https:\/\/shop.kustom.ch\/?post_type=product&#038;p=709252"},"modified":"2026-03-24T18:31:09","modified_gmt":"2026-03-24T17:31:09","slug":"magni-evo-shell-jacket","status":"publish","type":"product","link":"https:\/\/shop.kustom.ch\/fr\/produit\/magni-evo-shell-jacket\/","title":{"rendered":"MAGNI EVO SHELL JACKET"},"content":{"rendered":"<p>Magni Evolution Shell Jacket \u00e9tablit un nouveau standard pour les vestes de travail. Prot\u00e9gez-vous des intemp\u00e9ries gr\u00e2ce aux coutures scell\u00e9es, \u00e0 la protection du menton par fermeture \u00e9clair, au r\u00e9glage de la capuche dans les deux sens, au dos rallong\u00e9, au col r\u00e9glable et au cordon de serrage \u00e0 l'ourlet. Une doublure bross\u00e9e \u00e0 l'int\u00e9rieur du col et dans les poches pour les mains ainsi que des poignets r\u00e9glables am\u00e9liorent le confort. Des a\u00e9rations sous les bras et une capuche amovible vous permettent de vous rafra\u00eechir si n\u00e9cessaire. Une veste de travail doit suivre vos mouvements. C'est pourquoi nous avons con\u00e7u une veste avec des manches articul\u00e9es et sans coutures aux \u00e9paules. Toutes les affaires restent bien en place dans les poches pour les mains, les poches arri\u00e8re et les poches int\u00e9rieures. Une Life Pocket+ \u2122 int\u00e9gr\u00e9e permet d'acc\u00e9der rapidement \u00e0 son t\u00e9l\u00e9phone sans avoir \u00e0 ouvrir la veste. La boucle int\u00e9gr\u00e9e pour carte d'identit\u00e9 vous permet de garder votre carte d'identit\u00e9 \u00e0 port\u00e9e de main. Les d\u00e9tails professionnels incluent les fermetures \u00e0 glissi\u00e8re YKK\u00ae ainsi que les coudes et les avant-bras renforc\u00e9s en Cordura\u00ae.<\/p>\n<p>Coupe : ajust\u00e9e \/ ajust\u00e9e<\/p>\n<p>Mati\u00e8re : mat\u00e9riau principal : 100 % polyamide recycl\u00e9, 183 g<br \/>Renfort : 100 % polyamide, 305 g<\/p>","protected":false},"excerpt":{"rendered":"<p>- EN 343:2019 : 4, 4, X<br \/>- HELLY TECH\u00ae PROFESSIONAL<br \/>- LIFE POCKET\u2122+ avec isolation PrimaLoft Aerogel<br \/>- Renfort en Cordura\u00ae avec stretch<br \/>- fermeture \u00e0 glissi\u00e8re YKK<br \/>- Les fils AMANN<br \/>- Sans coutures aux \u00e9paules<br \/>- renforts en Cordura\u00ae sur les \u00e9paules et les coudes<br \/>- Construction enti\u00e8rement scell\u00e9e<br \/>- Capuche amovible<br \/>- R\u00e9glage vertical et horizontal de la capuche<br \/>- col int\u00e9rieur en polyester bross\u00e9<br \/>- r\u00e9glage du col \u00e0 l'arri\u00e8re au milieu<br \/>- fermeture \u00e0 glissi\u00e8re frontale YKK\u00ae avec protection du menton<br \/>- Poches \u00e0 un rabat avec fermeture \u00e9clair YKK<br \/>- doubles poches avec doublure int\u00e9rieure bross\u00e9e<br \/>- poches int\u00e9rieures pour les petits objets<br \/>- Poignets r\u00e9glables<br \/>- Manches pr\u00e9form\u00e9es pour une libert\u00e9 de mouvement optimale<br \/>- fermeture \u00e9clair YKK\u00ae pour l'a\u00e9ration sous les bras<br \/>- Ourlet r\u00e9glable avec cordon de serrage \u00e9lastique dans la poche de rangement<br \/>- Dos rallong\u00e9 pour un meilleur confort<br \/>- Porte-badge<br \/>- Logos aux couleurs assorties<br \/>- Mat\u00e9riau recycl\u00e9<\/p>","protected":false},"featured_media":709309,"template":"","meta":[],"product_brand":[],"product_cat":[4186],"product_tag":[],"class_list":{"0":"post-709252","1":"product","2":"type-product","3":"status-publish","4":"has-post-thumbnail","6":"product_cat-jacken","7":"pa_brand-helly-hansen","8":"pa_brand-type-workwear","9":"pa_filter-color-schwarz","11":"first","12":"instock","13":"sale","14":"taxable","15":"shipping-taxable","16":"purchasable","17":"product-type-variable","18":"add-to-wishlist-before_image"},"exclude_global_add_ons":[],"addons":[],"acf":[],"_links":{"self":[{"href":"https:\/\/shop.kustom.ch\/fr\/wp-json\/wp\/v2\/product\/709252"}],"collection":[{"href":"https:\/\/shop.kustom.ch\/fr\/wp-json\/wp\/v2\/product"}],"about":[{"href":"https:\/\/shop.kustom.ch\/fr\/wp-json\/wp\/v2\/types\/product"}],"wp:featuredmedia":[{"embeddable":true,"href":"https:\/\/shop.kustom.ch\/fr\/wp-json\/wp\/v2\/media\/709309"}],"wp:attachment":[{"href":"https:\/\/shop.kustom.ch\/fr\/wp-json\/wp\/v2\/media?parent=709252"}],"wp:term":[{"taxonomy":"product_brand","embeddable":true,"href":"https:\/\/shop.kustom.ch\/fr\/wp-json\/wp\/v2\/product_brand?post=709252"},{"taxonomy":"product_cat","embeddable":true,"href":"https:\/\/shop.kustom.ch\/fr\/wp-json\/wp\/v2\/product_cat?post=709252"},{"taxonomy":"product_tag","embeddable":true,"href":"https:\/\/shop.kustom.ch\/fr\/wp-json\/wp\/v2\/product_tag?post=709252"}],"curies":[{"name":"wp","href":"https:\/\/api.w.org\/{rel}","templated":true}]}}