{"id":708902,"date":"2026-03-24T17:55:11","date_gmt":"2026-03-24T16:55:11","guid":{"rendered":"https:\/\/shop.kustom.ch\/?post_type=product&#038;p=708902"},"modified":"2026-03-24T17:57:00","modified_gmt":"2026-03-24T16:57:00","slug":"alna-2-0-rain-jacket","status":"publish","type":"product","link":"https:\/\/shop.kustom.ch\/fr\/produit\/alna-2-0-rain-jacket\/","title":{"rendered":"VESTE DE PLUIE ALNA 2.0"},"content":{"rendered":"<p>La veste Alna 2.0 Rain Jacket est dot\u00e9e de d\u00e9tails hautement fonctionnels pour vous prot\u00e9ger de mani\u00e8re optimale par temps humide. L'enduction ext\u00e9rieure en polyur\u00e9thane et les poignets en n\u00e9opr\u00e8ne vous permettent de rester au sec et de vous sentir \u00e0 l'aise. Le dos allong\u00e9 prot\u00e8ge vos reins lorsque vous bougez, vous penchez et soulevez des objets au cours de la journ\u00e9e. Le double rabat frontal de cette veste de pluie de travail prot\u00e8ge la fermeture \u00e9clair de l'eau. L'ajustement peut \u00eatre personnalis\u00e9 gr\u00e2ce \u00e0 une capuche r\u00e9glable et un ourlet ajustable, tous deux dot\u00e9s de cordons de serrage \u00e9lastiques. Si le mauvais temps fait une pause, il suffit d'enlever la capuche. Une bonne visibilit\u00e9 est standard - gr\u00e2ce \u00e0 un tissu haute visibilit\u00e9 sur la poitrine et les \u00e9paules ainsi qu'\u00e0 des bandes r\u00e9fl\u00e9chissantes sur les \u00e9paules, les bras, la taille et les hanches. Une poche de poitrine zipp\u00e9e YKK\u00ae et une boucle d'identification int\u00e9gr\u00e9e permettent de garder les objets importants \u00e0 port\u00e9e de main et en s\u00e9curit\u00e9.<\/p>\n<p>Coupe : Regular \/ Normale<\/p>\n<p>Mat\u00e9riau : Mat\u00e9riau principal : 100 % rev\u00eatement PU sur 100 % tissu polyester - 240 g\/m\u00b2.<\/p>","protected":false},"excerpt":{"rendered":"<p>- EN ISO 20471:2013 : 3 : taille L-&gt;<br \/>- EN ISO 20471:2013 : 2 : taille XS-M<br \/>- EN 343:2019 : 4, 1, X<br \/>- Les fils AMANN<br \/>- fermeture \u00e0 glissi\u00e8re YKK<br \/>- Capuche r\u00e9glable avec cordon de serrage \u00e9lastique<br \/>- Capuche amovible<br \/>- col int\u00e9rieur en polyester bross\u00e9<br \/>- double rabat en mat\u00e9riau principal sur le devant<br \/>- poche Napol\u00e9on avec fermeture \u00e9clair YKK<br \/>- Poches pour les mains<br \/>- poignets en n\u00e9opr\u00e8ne<br \/>- Ourlet r\u00e9glable avec cordon de serrage \u00e9lastique dans la poche de rangement<br \/>- Dos rallong\u00e9 pour un meilleur confort<br \/>- Porte-badge<\/p>","protected":false},"featured_media":708965,"template":"","meta":[],"product_brand":[],"product_cat":[4186],"product_tag":[],"class_list":{"0":"post-708902","1":"product","2":"type-product","3":"status-publish","4":"has-post-thumbnail","6":"product_cat-jacken","7":"pa_brand-helly-hansen","8":"pa_brand-type-workwear","9":"pa_filter-color-gelb","10":"pa_filter-color-orange","12":"first","13":"instock","14":"sale","15":"taxable","16":"shipping-taxable","17":"purchasable","18":"product-type-variable","19":"add-to-wishlist-before_image"},"exclude_global_add_ons":[],"addons":[],"acf":[],"_links":{"self":[{"href":"https:\/\/shop.kustom.ch\/fr\/wp-json\/wp\/v2\/product\/708902"}],"collection":[{"href":"https:\/\/shop.kustom.ch\/fr\/wp-json\/wp\/v2\/product"}],"about":[{"href":"https:\/\/shop.kustom.ch\/fr\/wp-json\/wp\/v2\/types\/product"}],"wp:featuredmedia":[{"embeddable":true,"href":"https:\/\/shop.kustom.ch\/fr\/wp-json\/wp\/v2\/media\/708965"}],"wp:attachment":[{"href":"https:\/\/shop.kustom.ch\/fr\/wp-json\/wp\/v2\/media?parent=708902"}],"wp:term":[{"taxonomy":"product_brand","embeddable":true,"href":"https:\/\/shop.kustom.ch\/fr\/wp-json\/wp\/v2\/product_brand?post=708902"},{"taxonomy":"product_cat","embeddable":true,"href":"https:\/\/shop.kustom.ch\/fr\/wp-json\/wp\/v2\/product_cat?post=708902"},{"taxonomy":"product_tag","embeddable":true,"href":"https:\/\/shop.kustom.ch\/fr\/wp-json\/wp\/v2\/product_tag?post=708902"}],"curies":[{"name":"wp","href":"https:\/\/api.w.org\/{rel}","templated":true}]}}