{"id":708888,"date":"2026-03-24T17:54:42","date_gmt":"2026-03-24T16:54:42","guid":{"rendered":"https:\/\/shop.kustom.ch\/?post_type=product&#038;p=708888"},"modified":"2026-03-24T17:56:32","modified_gmt":"2026-03-24T16:56:32","slug":"w-gale-rain-jacket","status":"publish","type":"product","link":"https:\/\/shop.kustom.ch\/fr\/produit\/w-gale-rain-jacket\/","title":{"rendered":"W GALE RAIN JACKET"},"content":{"rendered":"<p>W Gale Rain Jacket a la superbe coupe f\u00e9minine de la s\u00e9rie Luna - con\u00e7ue par des femmes pour des femmes. Le mat\u00e9riau principal en PU vous permet de rester au sec lorsque le ciel ouvre ses vannes et qu'il pleut.<\/p>\n<p>Coupe : Regular \/ Normale<\/p>\n<p>Mat\u00e9riau : Mat\u00e9riau principal : 100 % rev\u00eatement PU sur 100 % tissu polyester - 240 g\/m\u00b2.<\/p>","protected":false},"excerpt":{"rendered":"<p>- EN 343:2019 : 4, 1, X<br \/>- fermeture \u00e0 glissi\u00e8re YKK<br \/>- Les fils AMANN<br \/>- Capuche qui se range dans le col<br \/>- Capuche r\u00e9glable avec cordon de serrage \u00e9lastique<br \/>- double rabat en mat\u00e9riau principal sur le devant<br \/>- fermeture \u00e9clair frontale YKK<br \/>- poche Napol\u00e9on avec fermeture \u00e9clair YKK<br \/>- Poches pour les mains<br \/>- poignets en n\u00e9opr\u00e8ne<br \/>- Ourlet r\u00e9glable avec cordon de serrage \u00e9lastique dans la poche de rangement<br \/>- Dos rallong\u00e9 pour un meilleur confort<\/p>","protected":false},"featured_media":708948,"template":"","meta":[],"product_brand":[],"product_cat":[4186],"product_tag":[],"class_list":{"0":"post-708888","1":"product","2":"type-product","3":"status-publish","4":"has-post-thumbnail","6":"product_cat-jacken","7":"pa_brand-helly-hansen","8":"pa_brand-type-workwear","9":"pa_filter-color-blau","10":"pa_filter-color-schwarz","12":"first","13":"instock","14":"sale","15":"taxable","16":"shipping-taxable","17":"purchasable","18":"product-type-variable","19":"add-to-wishlist-before_image"},"exclude_global_add_ons":[],"addons":[],"acf":[],"_links":{"self":[{"href":"https:\/\/shop.kustom.ch\/fr\/wp-json\/wp\/v2\/product\/708888"}],"collection":[{"href":"https:\/\/shop.kustom.ch\/fr\/wp-json\/wp\/v2\/product"}],"about":[{"href":"https:\/\/shop.kustom.ch\/fr\/wp-json\/wp\/v2\/types\/product"}],"wp:featuredmedia":[{"embeddable":true,"href":"https:\/\/shop.kustom.ch\/fr\/wp-json\/wp\/v2\/media\/708948"}],"wp:attachment":[{"href":"https:\/\/shop.kustom.ch\/fr\/wp-json\/wp\/v2\/media?parent=708888"}],"wp:term":[{"taxonomy":"product_brand","embeddable":true,"href":"https:\/\/shop.kustom.ch\/fr\/wp-json\/wp\/v2\/product_brand?post=708888"},{"taxonomy":"product_cat","embeddable":true,"href":"https:\/\/shop.kustom.ch\/fr\/wp-json\/wp\/v2\/product_cat?post=708888"},{"taxonomy":"product_tag","embeddable":true,"href":"https:\/\/shop.kustom.ch\/fr\/wp-json\/wp\/v2\/product_tag?post=708888"}],"curies":[{"name":"wp","href":"https:\/\/api.w.org\/{rel}","templated":true}]}}