{"id":708860,"date":"2026-03-24T17:54:11","date_gmt":"2026-03-24T16:54:11","guid":{"rendered":"https:\/\/shop.kustom.ch\/?post_type=product&#038;p=708860"},"modified":"2026-03-24T17:55:36","modified_gmt":"2026-03-24T16:55:36","slug":"gale-rain-jacket","status":"publish","type":"product","link":"https:\/\/shop.kustom.ch\/fr\/produit\/gale-rain-jacket\/","title":{"rendered":"VESTE DE PLUIE GALE"},"content":{"rendered":"<p>La veste Gale est la nouvelle r\u00e9f\u00e9rence en mati\u00e8re de v\u00eatements de pluie sur le lieu de travail ! Les mat\u00e9riaux sans phtalates garantissent un faible impact sur l'environnement tout en vous gardant au sec par tous les temps.<\/p>\n<p>Coupe : Regular \/ Normale<\/p>\n<p>Mat\u00e9riau : Mat\u00e9riau principal : 100 % rev\u00eatement PU sur 100 % tissu polyester - 240 g\/m\u00b2.<\/p>","protected":false},"excerpt":{"rendered":"<p>- EN 343:2019 : 4, 1, X<br \/>- fermeture \u00e0 glissi\u00e8re YKK<br \/>- Les fils AMANN<br \/>- Capuche qui se range dans le col<br \/>- Capuche r\u00e9glable avec cordon de serrage \u00e9lastique<br \/>- double rabat en mat\u00e9riau principal sur le devant<br \/>- fermeture \u00e9clair frontale YKK<br \/>- poche Napol\u00e9on avec fermeture \u00e9clair YKK<br \/>- Poches pour les mains<br \/>- poignets en n\u00e9opr\u00e8ne<br \/>- Ourlet r\u00e9glable avec cordon de serrage \u00e9lastique dans la poche de rangement<br \/>- Dos rallong\u00e9 pour un meilleur confort<\/p>","protected":false},"featured_media":708901,"template":"","meta":[],"product_brand":[],"product_cat":[4186],"product_tag":[],"class_list":{"0":"post-708860","1":"product","2":"type-product","3":"status-publish","4":"has-post-thumbnail","6":"product_cat-jacken","7":"pa_brand-helly-hansen","8":"pa_brand-type-workwear","9":"pa_filter-color-blau","10":"pa_filter-color-orange","11":"pa_filter-color-schwarz","13":"first","14":"instock","15":"sale","16":"taxable","17":"shipping-taxable","18":"purchasable","19":"product-type-variable","20":"add-to-wishlist-before_image"},"exclude_global_add_ons":[],"addons":[],"acf":[],"_links":{"self":[{"href":"https:\/\/shop.kustom.ch\/fr\/wp-json\/wp\/v2\/product\/708860"}],"collection":[{"href":"https:\/\/shop.kustom.ch\/fr\/wp-json\/wp\/v2\/product"}],"about":[{"href":"https:\/\/shop.kustom.ch\/fr\/wp-json\/wp\/v2\/types\/product"}],"wp:featuredmedia":[{"embeddable":true,"href":"https:\/\/shop.kustom.ch\/fr\/wp-json\/wp\/v2\/media\/708901"}],"wp:attachment":[{"href":"https:\/\/shop.kustom.ch\/fr\/wp-json\/wp\/v2\/media?parent=708860"}],"wp:term":[{"taxonomy":"product_brand","embeddable":true,"href":"https:\/\/shop.kustom.ch\/fr\/wp-json\/wp\/v2\/product_brand?post=708860"},{"taxonomy":"product_cat","embeddable":true,"href":"https:\/\/shop.kustom.ch\/fr\/wp-json\/wp\/v2\/product_cat?post=708860"},{"taxonomy":"product_tag","embeddable":true,"href":"https:\/\/shop.kustom.ch\/fr\/wp-json\/wp\/v2\/product_tag?post=708860"}],"curies":[{"name":"wp","href":"https:\/\/api.w.org\/{rel}","templated":true}]}}