{"id":708832,"date":"2026-03-24T17:53:46","date_gmt":"2026-03-24T16:53:46","guid":{"rendered":"https:\/\/shop.kustom.ch\/?post_type=product&#038;p=708832"},"modified":"2026-03-24T17:54:39","modified_gmt":"2026-03-24T16:54:39","slug":"voss-rain-coat","status":"publish","type":"product","link":"https:\/\/shop.kustom.ch\/fr\/produit\/voss-rain-coat\/","title":{"rendered":"VOSS RAIN COAT"},"content":{"rendered":"<p>Helly Hansen Voss Coat est un imperm\u00e9able classique qui vous garde au sec et prot\u00e9g\u00e9 en cas de pluie. Enti\u00e8rement imperm\u00e9able au vent et \u00e0 l'eau, le mat\u00e9riau PU avec technologie Helox+ offre une protection compl\u00e8te contre les intemp\u00e9ries. Le mat\u00e9riau stretch l\u00e9ger PU Helox+ assure un confort suppl\u00e9mentaire lorsque vous portez cette veste pendant de nombreuses heures.<\/p>\n<p>Coupe : Regular \/ Normale<\/p>\n<p>Mat\u00e9riau : Tissu principal : 100 polyester % - 170 g\/m\u00b2, rev\u00eatement PU<\/p>","protected":false},"excerpt":{"rendered":"<p>- EN 343:2003 : 3, 1<br \/>- fermeture \u00e0 glissi\u00e8re YKK<br \/>- Capuche qui se range dans le col<br \/>- Capuche r\u00e9glable avec cordon de serrage<br \/>- fermeture \u00e9clair frontale YKK<br \/>- Poignets r\u00e9glables<br \/>- Ouverture d'a\u00e9ration dans le dos<br \/>- D\u00e9tails de design r\u00e9fl\u00e9chissants<\/p>","protected":false},"featured_media":708877,"template":"","meta":[],"product_brand":[],"product_cat":[4186],"product_tag":[],"class_list":{"0":"post-708832","1":"product","2":"type-product","3":"status-publish","4":"has-post-thumbnail","6":"product_cat-jacken","7":"pa_brand-helly-hansen","8":"pa_brand-type-workwear","9":"pa_filter-color-schwarz","11":"first","12":"instock","13":"sale","14":"taxable","15":"shipping-taxable","16":"purchasable","17":"product-type-variable","18":"add-to-wishlist-before_image"},"exclude_global_add_ons":[],"addons":[],"acf":[],"_links":{"self":[{"href":"https:\/\/shop.kustom.ch\/fr\/wp-json\/wp\/v2\/product\/708832"}],"collection":[{"href":"https:\/\/shop.kustom.ch\/fr\/wp-json\/wp\/v2\/product"}],"about":[{"href":"https:\/\/shop.kustom.ch\/fr\/wp-json\/wp\/v2\/types\/product"}],"wp:featuredmedia":[{"embeddable":true,"href":"https:\/\/shop.kustom.ch\/fr\/wp-json\/wp\/v2\/media\/708877"}],"wp:attachment":[{"href":"https:\/\/shop.kustom.ch\/fr\/wp-json\/wp\/v2\/media?parent=708832"}],"wp:term":[{"taxonomy":"product_brand","embeddable":true,"href":"https:\/\/shop.kustom.ch\/fr\/wp-json\/wp\/v2\/product_brand?post=708832"},{"taxonomy":"product_cat","embeddable":true,"href":"https:\/\/shop.kustom.ch\/fr\/wp-json\/wp\/v2\/product_cat?post=708832"},{"taxonomy":"product_tag","embeddable":true,"href":"https:\/\/shop.kustom.ch\/fr\/wp-json\/wp\/v2\/product_tag?post=708832"}],"curies":[{"name":"wp","href":"https:\/\/api.w.org\/{rel}","templated":true}]}}