{"id":708620,"date":"2026-03-24T14:57:49","date_gmt":"2026-03-24T13:57:49","guid":{"rendered":"https:\/\/shop.kustom.ch\/?post_type=product&#038;p=708620"},"modified":"2026-03-31T10:33:11","modified_gmt":"2026-03-31T09:33:11","slug":"upton-shirt","status":"publish","type":"product","link":"https:\/\/shop.kustom.ch\/fr\/produit\/upton-shirt\/","title":{"rendered":"Chemise Upton"},"content":{"rendered":"<p>Cette chemise en jersey simple tricot\u00e9e est compos\u00e9e d'un tissu l\u00e9ger. Gr\u00e2ce au m\u00e9lange de coton bio et d'\u00e9lasthanne, la chemise est tr\u00e8s extensible et donc particuli\u00e8rement agr\u00e9able \u00e0 porter. Elle est dot\u00e9e d'un col boutonn\u00e9 dissimul\u00e9 pour une apparence plus propre. Associez votre chemise Upton \u00e0 un costume pour un look \u00e9l\u00e9gant ou portez-la avec nos jeans ou nos chinos pour un style plus d\u00e9contract\u00e9. Disponible en Tailored Fit pour les hommes et Contemporary Fit pour les femmes.<\/p>\n<p>Mati\u00e8re : 90 % coton bio, 10 % \u00e9lasthanne, 170 g\/m\u00b2.<\/p>","protected":false},"excerpt":{"rendered":"<p>Dieses Strick-Single-Jersey-Hemd besteht aus einem leichten Stoff. Durch die Mischung aus Bio-Baumwolle und Elasthan ist das Hemd sehr dehnbar und dadurch besonders angenehm zu tragen. Es verf\u00fcgt \u00fcber einen verdeckten Button-Down- Kragen f\u00fcr ein sauberes Erscheinungsbild. Kombinieren Sie Ihr Upton-Hemd mit einem Anzug f\u00fcr einen eleganten Look oder tragen Sie es zu unseren Jeans oder [&hellip;]<\/p>\n","protected":false},"featured_media":708208,"template":"","meta":[],"product_brand":[],"product_cat":[9874],"product_tag":[],"class_list":{"0":"post-708620","1":"product","2":"type-product","3":"status-publish","4":"has-post-thumbnail","6":"product_cat-hemden","7":"pa_brand-harvest","8":"pa_brand-type-workwear","9":"pa_filter-color-blau","10":"pa_filter-color-schwarz","11":"pa_filter-color-weiss","13":"first","14":"instock","15":"sale","16":"taxable","17":"shipping-taxable","18":"purchasable","19":"product-type-variable","20":"add-to-wishlist-before_image"},"exclude_global_add_ons":[],"addons":[],"acf":[],"_links":{"self":[{"href":"https:\/\/shop.kustom.ch\/fr\/wp-json\/wp\/v2\/product\/708620"}],"collection":[{"href":"https:\/\/shop.kustom.ch\/fr\/wp-json\/wp\/v2\/product"}],"about":[{"href":"https:\/\/shop.kustom.ch\/fr\/wp-json\/wp\/v2\/types\/product"}],"wp:featuredmedia":[{"embeddable":true,"href":"https:\/\/shop.kustom.ch\/fr\/wp-json\/wp\/v2\/media\/708208"}],"wp:attachment":[{"href":"https:\/\/shop.kustom.ch\/fr\/wp-json\/wp\/v2\/media?parent=708620"}],"wp:term":[{"taxonomy":"product_brand","embeddable":true,"href":"https:\/\/shop.kustom.ch\/fr\/wp-json\/wp\/v2\/product_brand?post=708620"},{"taxonomy":"product_cat","embeddable":true,"href":"https:\/\/shop.kustom.ch\/fr\/wp-json\/wp\/v2\/product_cat?post=708620"},{"taxonomy":"product_tag","embeddable":true,"href":"https:\/\/shop.kustom.ch\/fr\/wp-json\/wp\/v2\/product_tag?post=708620"}],"curies":[{"name":"wp","href":"https:\/\/api.w.org\/{rel}","templated":true}]}}