{"id":708619,"date":"2026-03-24T14:57:49","date_gmt":"2026-03-24T13:57:49","guid":{"rendered":"https:\/\/shop.kustom.ch\/?post_type=product&#038;p=708619"},"modified":"2026-03-31T10:32:57","modified_gmt":"2026-03-31T09:32:57","slug":"hicksville-overshirt","status":"publish","type":"product","link":"https:\/\/shop.kustom.ch\/fr\/produit\/hicksville-overshirt\/","title":{"rendered":"Surv\u00eatement Hicksville"},"content":{"rendered":"<p>Hicksville est une chemise moderne en tricot gaufr\u00e9 structur\u00e9. Le tissu est compos\u00e9 de coton biologique et de polyester recycl\u00e9. La chemise est dot\u00e9e d'un col boutonn\u00e9 dissimul\u00e9 et de boutons ton sur ton pour une apparence propre et coh\u00e9rente. Disponible en Tailored Fit pour hommes et Contemporary Fit pour femmes.<\/p>\n<p>Mati\u00e8re : 80 % de coton biologique, 20 % de polyester recycl\u00e9, 220 g\/m\u00b2.<\/p>","protected":false},"excerpt":{"rendered":"<p>Hicksville ist ein modernes Hemd aus strukturiertem Waffelstrickstoff. Der Stoff besteht aus Bio-Baumwolle und recyceltem Polyester. Das Hemd verf\u00fcgt \u00fcber einen verdeckten Button-Down-Kragen und tonige Kn\u00f6pfe f\u00fcr ein sauberes, stimmiges Erscheinungsbild. Erh\u00e4ltlich in Tailored Fit f\u00fcr Herren und Contemporary Fit f\u00fcr Damen. Material: 80 % Bio-Baumwolle, 20 % recyceltes Polyester, 220 g\/m\u00b2<\/p>","protected":false},"featured_media":708135,"template":"","meta":[],"product_brand":[],"product_cat":[4191],"product_tag":[],"class_list":{"0":"post-708619","1":"product","2":"type-product","3":"status-publish","4":"has-post-thumbnail","6":"product_cat-longsleeves-sweatshirts","7":"pa_brand-harvest","8":"pa_brand-type-workwear","9":"pa_filter-color-beige","10":"pa_filter-color-blau","11":"pa_filter-color-gruen","12":"pa_filter-color-schwarz","14":"first","15":"instock","16":"sale","17":"taxable","18":"shipping-taxable","19":"purchasable","20":"product-type-variable","21":"add-to-wishlist-before_image"},"exclude_global_add_ons":[],"addons":[],"acf":[],"_links":{"self":[{"href":"https:\/\/shop.kustom.ch\/fr\/wp-json\/wp\/v2\/product\/708619"}],"collection":[{"href":"https:\/\/shop.kustom.ch\/fr\/wp-json\/wp\/v2\/product"}],"about":[{"href":"https:\/\/shop.kustom.ch\/fr\/wp-json\/wp\/v2\/types\/product"}],"wp:featuredmedia":[{"embeddable":true,"href":"https:\/\/shop.kustom.ch\/fr\/wp-json\/wp\/v2\/media\/708135"}],"wp:attachment":[{"href":"https:\/\/shop.kustom.ch\/fr\/wp-json\/wp\/v2\/media?parent=708619"}],"wp:term":[{"taxonomy":"product_brand","embeddable":true,"href":"https:\/\/shop.kustom.ch\/fr\/wp-json\/wp\/v2\/product_brand?post=708619"},{"taxonomy":"product_cat","embeddable":true,"href":"https:\/\/shop.kustom.ch\/fr\/wp-json\/wp\/v2\/product_cat?post=708619"},{"taxonomy":"product_tag","embeddable":true,"href":"https:\/\/shop.kustom.ch\/fr\/wp-json\/wp\/v2\/product_tag?post=708619"}],"curies":[{"name":"wp","href":"https:\/\/api.w.org\/{rel}","templated":true}]}}