{"id":708537,"date":"2026-03-24T14:57:12","date_gmt":"2026-03-24T13:57:12","guid":{"rendered":"https:\/\/shop.kustom.ch\/?post_type=product&#038;p=708537"},"modified":"2026-03-31T10:31:44","modified_gmt":"2026-03-31T09:31:44","slug":"sayville-shirt-woman","status":"publish","type":"product","link":"https:\/\/shop.kustom.ch\/fr\/produit\/sayville-shirt-woman\/","title":{"rendered":"Chemise Sayville Femme"},"content":{"rendered":"<p>La chemise Sayville est une chemise au look denim en coton bio 100 %. Elle poss\u00e8de un col boutonn\u00e9 dissimul\u00e9 et des boutons de couleur perle pour un look denim classique. Disponible en Tailored Fit pour les hommes et Contemporary Fit pour les femmes.<\/p>\n<p>Mati\u00e8re : 100% coton biologique, 135 g\/m\u00b2.<\/p>","protected":false},"excerpt":{"rendered":"<p>Das Sayville Shirt ist ein Hemd im Denim-Look aus 100 % Bio-Baumwolle. Es hat einen verdeckten Button-Down-Kragen und perlfarbene Kn\u00f6pfe f\u00fcr einen klassischen Denim-Look. Erh\u00e4ltlich in Tailored Fit f\u00fcr Herren und Contemporary Fit f\u00fcr Damen. Material: 100% Bio-Baumwolle, 135 g\/m\u00b2<\/p>","protected":false},"featured_media":707970,"template":"","meta":[],"product_brand":[],"product_cat":[9895],"product_tag":[],"class_list":{"0":"post-708537","1":"product","2":"type-product","3":"status-publish","4":"has-post-thumbnail","6":"product_cat-blusen","7":"pa_brand-harvest","8":"pa_brand-type-workwear","9":"pa_filter-color-blau","11":"first","12":"instock","13":"sale","14":"taxable","15":"shipping-taxable","16":"purchasable","17":"product-type-variable","18":"add-to-wishlist-before_image"},"exclude_global_add_ons":[],"addons":[],"acf":[],"_links":{"self":[{"href":"https:\/\/shop.kustom.ch\/fr\/wp-json\/wp\/v2\/product\/708537"}],"collection":[{"href":"https:\/\/shop.kustom.ch\/fr\/wp-json\/wp\/v2\/product"}],"about":[{"href":"https:\/\/shop.kustom.ch\/fr\/wp-json\/wp\/v2\/types\/product"}],"wp:featuredmedia":[{"embeddable":true,"href":"https:\/\/shop.kustom.ch\/fr\/wp-json\/wp\/v2\/media\/707970"}],"wp:attachment":[{"href":"https:\/\/shop.kustom.ch\/fr\/wp-json\/wp\/v2\/media?parent=708537"}],"wp:term":[{"taxonomy":"product_brand","embeddable":true,"href":"https:\/\/shop.kustom.ch\/fr\/wp-json\/wp\/v2\/product_brand?post=708537"},{"taxonomy":"product_cat","embeddable":true,"href":"https:\/\/shop.kustom.ch\/fr\/wp-json\/wp\/v2\/product_cat?post=708537"},{"taxonomy":"product_tag","embeddable":true,"href":"https:\/\/shop.kustom.ch\/fr\/wp-json\/wp\/v2\/product_tag?post=708537"}],"curies":[{"name":"wp","href":"https:\/\/api.w.org\/{rel}","templated":true}]}}