{"id":708453,"date":"2026-03-24T14:56:37","date_gmt":"2026-03-24T13:56:37","guid":{"rendered":"https:\/\/shop.kustom.ch\/?post_type=product&#038;p=708453"},"modified":"2026-03-31T10:30:27","modified_gmt":"2026-03-31T09:30:27","slug":"american-supreme-polo-l-s","status":"publish","type":"product","link":"https:\/\/shop.kustom.ch\/fr\/produit\/american-supreme-polo-l-s\/","title":{"rendered":"American Supreme Polo L\/S"},"content":{"rendered":"<p>Le polo \u00e0 manches longues American Supreme est fabriqu\u00e9 dans le m\u00eame jersey simple stretch que notre<br \/>\nVersion \u00e0 manches courtes. Le mod\u00e8le homme a un col boutonn\u00e9 dissimul\u00e9, le mod\u00e8le femme une patte de boutonnage ouverte pour un look \u00e9l\u00e9gant. Les manches sont dot\u00e9es de poignets et de fentes de manches pour un look \u00e9l\u00e9gant. Comme notre version \u00e0 manches courtes, le polo \u00e0 manches longues dispose d'empi\u00e8cements lat\u00e9raux et d'un empi\u00e8cement au dos. Des boutons ton sur ton avec le logo Harvest grav\u00e9 compl\u00e8tent le polo.<\/p>\n<p>Mati\u00e8re : 95% coton biologique, 5% \u00e9lasthanne, 220 g\/m\u00b2.<\/p>","protected":false},"excerpt":{"rendered":"<p>Das American Supreme Langarm-Poloshirt besteht aus dem gleichen Single-Jersey-Stretchmaterial wie unsere Kurzarmversion. Das Herrenmodell hat einen verdeckten Button-Down-Kragen, das Damenmodell eine offene Knopfleiste f\u00fcr einen eleganten Look. Die \u00c4rmel sind mit Manschetten und \u00c4rmelschlitzen versehen und sorgen so f\u00fcr einen eleganten Look. Wie unsere Kurzarmversion verf\u00fcgt auch das Langarm-Poloshirt \u00fcber Seiteneins\u00e4tze und eine R\u00fcckenpasse. Ton-in-Ton-Kn\u00f6pfen [&hellip;]<\/p>\n","protected":false},"featured_media":707838,"template":"","meta":[],"product_brand":[],"product_cat":[4193],"product_tag":[],"class_list":{"0":"post-708453","1":"product","2":"type-product","3":"status-publish","4":"has-post-thumbnail","6":"product_cat-polos","7":"pa_brand-harvest","8":"pa_brand-type-workwear","9":"pa_filter-color-blau","10":"pa_filter-color-grau","11":"pa_filter-color-schwarz","12":"pa_filter-color-weiss","14":"first","15":"instock","16":"sale","17":"taxable","18":"shipping-taxable","19":"purchasable","20":"product-type-variable","21":"add-to-wishlist-before_image"},"exclude_global_add_ons":[],"addons":[],"acf":[],"_links":{"self":[{"href":"https:\/\/shop.kustom.ch\/fr\/wp-json\/wp\/v2\/product\/708453"}],"collection":[{"href":"https:\/\/shop.kustom.ch\/fr\/wp-json\/wp\/v2\/product"}],"about":[{"href":"https:\/\/shop.kustom.ch\/fr\/wp-json\/wp\/v2\/types\/product"}],"wp:featuredmedia":[{"embeddable":true,"href":"https:\/\/shop.kustom.ch\/fr\/wp-json\/wp\/v2\/media\/707838"}],"wp:attachment":[{"href":"https:\/\/shop.kustom.ch\/fr\/wp-json\/wp\/v2\/media?parent=708453"}],"wp:term":[{"taxonomy":"product_brand","embeddable":true,"href":"https:\/\/shop.kustom.ch\/fr\/wp-json\/wp\/v2\/product_brand?post=708453"},{"taxonomy":"product_cat","embeddable":true,"href":"https:\/\/shop.kustom.ch\/fr\/wp-json\/wp\/v2\/product_cat?post=708453"},{"taxonomy":"product_tag","embeddable":true,"href":"https:\/\/shop.kustom.ch\/fr\/wp-json\/wp\/v2\/product_tag?post=708453"}],"curies":[{"name":"wp","href":"https:\/\/api.w.org\/{rel}","templated":true}]}}