{"id":708393,"date":"2026-03-24T14:56:10","date_gmt":"2026-03-24T13:56:10","guid":{"rendered":"https:\/\/shop.kustom.ch\/?post_type=product&#038;p=708393"},"modified":"2026-03-31T10:30:10","modified_gmt":"2026-03-31T09:30:10","slug":"supreme-stretch-polo","status":"publish","type":"product","link":"https:\/\/shop.kustom.ch\/fr\/produit\/supreme-stretch-polo\/","title":{"rendered":"Polo stretch supr\u00eame"},"content":{"rendered":"<p>Le polo Supreme Stretch est compos\u00e9 de 95 % de coton bio \u00e0 longues fibres et de 5 % d'\u00e9lasthanne dans une qualit\u00e9 piqu\u00e9e classique. Les manches c\u00f4tel\u00e9es, le col c\u00f4tel\u00e9, les fentes lat\u00e9rales et la patte de boutonnage plus large (pour les hommes) conf\u00e8rent \u00e0 ce polo un look classique et \u00e9l\u00e9gant. Les manches et le col c\u00f4tel\u00e9s sont orn\u00e9s d'un discret d\u00e9tail en maille jacquard. Le tissu est doublement pr\u00e9-r\u00e9tr\u00e9ci, lav\u00e9 aux enzymes et trait\u00e9 au silicone pour garantir une qualit\u00e9 durable et une sensation de douceur.<\/p>\n<p>Mati\u00e8re : 95 % coton biologique, 5 % \u00e9lasthanne, 220 g\/m\u00b2.<\/p>","protected":false},"excerpt":{"rendered":"<p>Das Supreme Stretch Poloshirt besteht aus 95 % langfaseriger Bio-Baumwolle und 5 % Elastan in klassischer Piqu\u00e9-Qualit\u00e4t. Die gerippten \u00c4rmel, der gerippte Kragen, die Seitenschlitze und die breitere Knopfleiste (f\u00fcr Herren) verleihen diesem Poloshirt einen klassischen und eleganten Look. Die gerippten \u00c4rmel und der gerippte Kragen sind mit einem dezenten Jacquard-Strickdetail versehen. Der Stoff ist [&hellip;]<\/p>\n","protected":false},"featured_media":707722,"template":"","meta":[],"product_brand":[],"product_cat":[4193],"product_tag":[],"class_list":{"0":"post-708393","1":"product","2":"type-product","3":"status-publish","4":"has-post-thumbnail","6":"product_cat-polos","7":"pa_brand-harvest","8":"pa_brand-type-workwear","9":"pa_filter-color-blau","10":"pa_filter-color-grau","11":"pa_filter-color-schwarz","12":"pa_filter-color-weiss","14":"first","15":"instock","16":"sale","17":"taxable","18":"shipping-taxable","19":"purchasable","20":"product-type-variable","21":"add-to-wishlist-before_image"},"exclude_global_add_ons":[],"addons":[],"acf":[],"_links":{"self":[{"href":"https:\/\/shop.kustom.ch\/fr\/wp-json\/wp\/v2\/product\/708393"}],"collection":[{"href":"https:\/\/shop.kustom.ch\/fr\/wp-json\/wp\/v2\/product"}],"about":[{"href":"https:\/\/shop.kustom.ch\/fr\/wp-json\/wp\/v2\/types\/product"}],"wp:featuredmedia":[{"embeddable":true,"href":"https:\/\/shop.kustom.ch\/fr\/wp-json\/wp\/v2\/media\/707722"}],"wp:attachment":[{"href":"https:\/\/shop.kustom.ch\/fr\/wp-json\/wp\/v2\/media?parent=708393"}],"wp:term":[{"taxonomy":"product_brand","embeddable":true,"href":"https:\/\/shop.kustom.ch\/fr\/wp-json\/wp\/v2\/product_brand?post=708393"},{"taxonomy":"product_cat","embeddable":true,"href":"https:\/\/shop.kustom.ch\/fr\/wp-json\/wp\/v2\/product_cat?post=708393"},{"taxonomy":"product_tag","embeddable":true,"href":"https:\/\/shop.kustom.ch\/fr\/wp-json\/wp\/v2\/product_tag?post=708393"}],"curies":[{"name":"wp","href":"https:\/\/api.w.org\/{rel}","templated":true}]}}