{"id":708355,"date":"2026-03-24T14:55:48","date_gmt":"2026-03-24T13:55:48","guid":{"rendered":"https:\/\/shop.kustom.ch\/?post_type=product&#038;p=708355"},"modified":"2026-03-31T10:29:50","modified_gmt":"2026-03-31T09:29:50","slug":"supreme-regular-polo","status":"publish","type":"product","link":"https:\/\/shop.kustom.ch\/fr\/produit\/supreme-regular-polo\/","title":{"rendered":"Polo Supreme Regular"},"content":{"rendered":"<p>Le polo Supreme Classic est compos\u00e9 de 100 % de coton bio \u00e0 longues fibres dans une qualit\u00e9 piqu\u00e9e classique. Les manches et le col c\u00f4tel\u00e9s, les fentes lat\u00e9rales et la patte de boutonnage plus large (pour les hommes) conf\u00e8rent \u00e0 ce polo un look tr\u00e8s classique et \u00e9l\u00e9gant. Le tissu est doublement pr\u00e9-r\u00e9tr\u00e9ci, lav\u00e9 aux enzymes et trait\u00e9 au silicone pour garantir une qualit\u00e9 durable et une sensation de douceur.<\/p>\n<p>Mati\u00e8re : 100% coton biologique, 215 g\/m\u00b2.<\/p>","protected":false},"excerpt":{"rendered":"<p>Das Supreme Classic Polo besteht aus 100 % langfaseriger Bio-Baumwolle in klassischer Piqu\u00e9-Qualit\u00e4t. Die gerippten \u00c4rmel, der gerippte Kragen, die Seitenschlitze und die breitere Knopfleiste (f\u00fcr Herren) verleihen diesem Poloshirt einen sehr klassischen und eleganten Look. Der Stoff ist doppelt vorgeschrumpft, enzymgewaschen und mit Silikon behandelt, im eine langlebige Qualit\u00e4t und ein weiches Tragegef\u00fchl zu [&hellip;]<\/p>\n","protected":false},"featured_media":707606,"template":"","meta":[],"product_brand":[],"product_cat":[4193],"product_tag":[],"class_list":{"0":"post-708355","1":"product","2":"type-product","3":"status-publish","4":"has-post-thumbnail","6":"product_cat-polos","7":"pa_brand-harvest","8":"pa_brand-type-workwear","9":"pa_filter-color-blau","10":"pa_filter-color-grau","11":"pa_filter-color-schwarz","12":"pa_filter-color-weiss","14":"first","15":"instock","16":"sale","17":"taxable","18":"shipping-taxable","19":"purchasable","20":"product-type-variable","21":"add-to-wishlist-before_image"},"exclude_global_add_ons":[],"addons":[],"acf":[],"_links":{"self":[{"href":"https:\/\/shop.kustom.ch\/fr\/wp-json\/wp\/v2\/product\/708355"}],"collection":[{"href":"https:\/\/shop.kustom.ch\/fr\/wp-json\/wp\/v2\/product"}],"about":[{"href":"https:\/\/shop.kustom.ch\/fr\/wp-json\/wp\/v2\/types\/product"}],"wp:featuredmedia":[{"embeddable":true,"href":"https:\/\/shop.kustom.ch\/fr\/wp-json\/wp\/v2\/media\/707606"}],"wp:attachment":[{"href":"https:\/\/shop.kustom.ch\/fr\/wp-json\/wp\/v2\/media?parent=708355"}],"wp:term":[{"taxonomy":"product_brand","embeddable":true,"href":"https:\/\/shop.kustom.ch\/fr\/wp-json\/wp\/v2\/product_brand?post=708355"},{"taxonomy":"product_cat","embeddable":true,"href":"https:\/\/shop.kustom.ch\/fr\/wp-json\/wp\/v2\/product_cat?post=708355"},{"taxonomy":"product_tag","embeddable":true,"href":"https:\/\/shop.kustom.ch\/fr\/wp-json\/wp\/v2\/product_tag?post=708355"}],"curies":[{"name":"wp","href":"https:\/\/api.w.org\/{rel}","templated":true}]}}