{"id":707549,"date":"2026-03-24T08:34:09","date_gmt":"2026-03-24T07:34:09","guid":{"rendered":"https:\/\/shop.kustom.ch\/?post_type=product&#038;p=707549"},"modified":"2026-04-08T06:18:16","modified_gmt":"2026-04-08T05:18:16","slug":"core-essence-singlet-2-w","status":"publish","type":"product","link":"https:\/\/shop.kustom.ch\/fr\/produit\/core-essence-singlet-2-w\/","title":{"rendered":"CORE Essence D\u00e9bardeur 2 W"},"content":{"rendered":"<p>CORE Essence Singlet 2 est un singlet d'entra\u00eenement fonctionnel, id\u00e9al pour l'entra\u00eenement quotidien. Ce singlet polyvalent est fabriqu\u00e9 en jersey recycl\u00e9, qui assure un grand transfert d'humidit\u00e9 et un toucher doux.<\/p>\n<p>- Tissu jersey doux et fonctionnel en polyester recycl\u00e9<br \/>\n- Coupe normale<\/p>","protected":false},"excerpt":{"rendered":"<p>CORE Essence Singlet 2 est un singlet d'entra\u00eenement fonctionnel, id\u00e9al pour l'entra\u00eenement quotidien. Ce singlet polyvalent est fabriqu\u00e9 en jersey recycl\u00e9, qui assure un excellent transfert d'humidit\u00e9 et un toucher doux. - Tissu jersey doux et fonctionnel en polyester recycl\u00e9 - Coupe normale<\/p>","protected":false},"featured_media":701597,"template":"","meta":[],"product_brand":[],"product_cat":[4202],"product_tag":[],"class_list":{"0":"post-707549","1":"product","2":"type-product","3":"status-publish","4":"has-post-thumbnail","6":"product_cat-tank-tops","7":"pa_brand-craft","8":"pa_brand-type-sportswear","9":"pa_filter-color-gruen","10":"pa_filter-color-pink","11":"pa_filter-color-weiss","13":"first","14":"instock","15":"sale","16":"taxable","17":"shipping-taxable","18":"purchasable","19":"product-type-variable","20":"add-to-wishlist-before_image"},"exclude_global_add_ons":[],"addons":[],"acf":[],"_links":{"self":[{"href":"https:\/\/shop.kustom.ch\/fr\/wp-json\/wp\/v2\/product\/707549"}],"collection":[{"href":"https:\/\/shop.kustom.ch\/fr\/wp-json\/wp\/v2\/product"}],"about":[{"href":"https:\/\/shop.kustom.ch\/fr\/wp-json\/wp\/v2\/types\/product"}],"wp:featuredmedia":[{"embeddable":true,"href":"https:\/\/shop.kustom.ch\/fr\/wp-json\/wp\/v2\/media\/701597"}],"wp:attachment":[{"href":"https:\/\/shop.kustom.ch\/fr\/wp-json\/wp\/v2\/media?parent=707549"}],"wp:term":[{"taxonomy":"product_brand","embeddable":true,"href":"https:\/\/shop.kustom.ch\/fr\/wp-json\/wp\/v2\/product_brand?post=707549"},{"taxonomy":"product_cat","embeddable":true,"href":"https:\/\/shop.kustom.ch\/fr\/wp-json\/wp\/v2\/product_cat?post=707549"},{"taxonomy":"product_tag","embeddable":true,"href":"https:\/\/shop.kustom.ch\/fr\/wp-json\/wp\/v2\/product_tag?post=707549"}],"curies":[{"name":"wp","href":"https:\/\/api.w.org\/{rel}","templated":true}]}}