{"id":707336,"date":"2026-03-23T14:39:29","date_gmt":"2026-03-23T13:39:29","guid":{"rendered":"https:\/\/shop.kustom.ch\/?post_type=product&#038;p=707336"},"modified":"2026-03-31T11:21:09","modified_gmt":"2026-03-31T10:21:09","slug":"westing-rain-pants-men","status":"publish","type":"product","link":"https:\/\/shop.kustom.ch\/fr\/produit\/westing-rain-pants-men\/","title":{"rendered":"Westing Rain Pants Men"},"content":{"rendered":"<p>Pr\u00e9parez-vous \u00e0 la grande aventure en plein air ou au trajet quotidien pour aller travailler - par tous les temps : le pantalon de pluie Westing combin\u00e9 \u00e0 la veste de pluie Westing vous garde au sec et confortable. Gr\u00e2ce aux coutures soud\u00e9es et \u00e0 la technologie de membrane MPC Plus propre \u00e0 Tenson (WP 10.000 mm \/ MP 5.000 g\/m\u00b2\/24h), ce pantalon est imperm\u00e9able et exceptionnellement respirant. Il dispose de plusieurs d\u00e9tails bien pens\u00e9s comme un cordon de serrage \u00e0 la taille, une doublure int\u00e9rieure en mesh, des genoux pr\u00e9form\u00e9s, des poches lat\u00e9rales zipp\u00e9es et des bas de jambes r\u00e9glables.<\/p>\n<p>Tissu : Shell fabric 1 ; MPC Plus ; WP 10 000 mm ; MP 5 000 g\/m2\/24h ; PFC-free water repellent finish ; 100% Recycled Polyester ;Doublure ; 100% Polyester<\/p>","protected":false},"excerpt":{"rendered":"<p>Bereiten Sie sich auf das grosse Outdoor-Abenteuer oder den t\u00e4glichen Arbeitsweg vor \u2013 bei jedem Wetter: Die Westing-Regenhose in Kombination mit der Westing-Regenjacke h\u00e4lt Sie trocken und komfortabel. Dank verschweisster N\u00e4hte und der firmeneigenen MPC Plus Membrantechnologie von Tenson (WP 10.000 mm \/ MP 5.000 g\/m\u00b2\/24h) ist diese Hose wasserdicht und aussergew\u00f6hnlich atmungsaktiv. Sie verf\u00fcgt [&hellip;]<\/p>\n","protected":false},"featured_media":707371,"template":"","meta":[],"product_brand":[],"product_cat":[4185],"product_tag":[],"class_list":{"0":"post-707336","1":"product","2":"type-product","3":"status-publish","4":"has-post-thumbnail","6":"product_cat-hosen","7":"pa_brand-tenson","8":"pa_brand-type-sportswear","9":"pa_filter-color-schwarz","11":"first","12":"instock","13":"sale","14":"taxable","15":"shipping-taxable","16":"purchasable","17":"product-type-variable","18":"add-to-wishlist-before_image"},"exclude_global_add_ons":[],"addons":[],"acf":[],"_links":{"self":[{"href":"https:\/\/shop.kustom.ch\/fr\/wp-json\/wp\/v2\/product\/707336"}],"collection":[{"href":"https:\/\/shop.kustom.ch\/fr\/wp-json\/wp\/v2\/product"}],"about":[{"href":"https:\/\/shop.kustom.ch\/fr\/wp-json\/wp\/v2\/types\/product"}],"wp:featuredmedia":[{"embeddable":true,"href":"https:\/\/shop.kustom.ch\/fr\/wp-json\/wp\/v2\/media\/707371"}],"wp:attachment":[{"href":"https:\/\/shop.kustom.ch\/fr\/wp-json\/wp\/v2\/media?parent=707336"}],"wp:term":[{"taxonomy":"product_brand","embeddable":true,"href":"https:\/\/shop.kustom.ch\/fr\/wp-json\/wp\/v2\/product_brand?post=707336"},{"taxonomy":"product_cat","embeddable":true,"href":"https:\/\/shop.kustom.ch\/fr\/wp-json\/wp\/v2\/product_cat?post=707336"},{"taxonomy":"product_tag","embeddable":true,"href":"https:\/\/shop.kustom.ch\/fr\/wp-json\/wp\/v2\/product_tag?post=707336"}],"curies":[{"name":"wp","href":"https:\/\/api.w.org\/{rel}","templated":true}]}}