{"id":707297,"date":"2026-03-23T14:38:56","date_gmt":"2026-03-23T13:38:56","guid":{"rendered":"https:\/\/shop.kustom.ch\/?post_type=product&#038;p=707297"},"modified":"2026-03-31T11:21:04","modified_gmt":"2026-03-31T10:21:04","slug":"nayoro-shell-pants-men","status":"publish","type":"product","link":"https:\/\/shop.kustom.ch\/fr\/produit\/nayoro-shell-pants-men\/","title":{"rendered":"Nayoro Shell Pants Men"},"content":{"rendered":"<p>Le pantalon Nayoro Shell dispose d'un design ajust\u00e9 avec pr\u00e9cision gr\u00e2ce \u00e0 la technologie MPC propre \u00e0 Tenson - le MPC Extreme\u2122. Le pantalon est imperm\u00e9able au vent et \u00e0 l'eau et a un look utilitaire discret avec des d\u00e9tails, des textures et une fonctionnalit\u00e9 bien pens\u00e9s. Il est fabriqu\u00e9 dans notre mat\u00e9riau MPC Extreme Shell \u00e0 trois couches avec une colonne d'eau de 10 000 mm, des coutures soud\u00e9es, des fermetures \u00e9clair hydrofuges et des pare-neige aux chevilles. La taille et les chevilles sont enti\u00e8rement r\u00e9glables afin que le pantalon reste bien en place m\u00eame dans des conditions extr\u00eames. Il est \u00e9galement \u00e9quip\u00e9 de bretelles r\u00e9glables. Deux poches zipp\u00e9es \u00e0 l'avant et \u00e0 l'arri\u00e8re permettent un acc\u00e8s facile. Le pantalon Nayoro Shell a \u00e9t\u00e9 con\u00e7u pour s'adapter parfaitement \u00e0 la veste de ski Tenson Nayoro Shell.<\/p>\n<p>Mat\u00e9riau : Ext\u00e9rieur : MPC Extreme ; tissu stretch 3 couches ; WP 10.000 mm ; MVP 10.000 g\/m\u00b2\/24h ; traitement d\u00e9perlant sans PFC<br \/>\nTissu ext\u00e9rieur 1 : 100 % polyester recycl\u00e9<\/p>","protected":false},"excerpt":{"rendered":"<p>Die Nayoro Shell-Hose verf\u00fcgt \u00fcber ein pr\u00e4zise abgestimmtes Design mit Tensons eigener MPC-Technologie \u2013 dem MPC Extreme\u2122. Die Hose ist wind- und wasserdicht und hat einen dezenten Utility-Look mit durchdachten Details, Texturen und Funktionalit\u00e4t. Sie besteht aus unserem dreilagigen MPC Extreme Shell-Material mit einer Wassers\u00e4ule von 10.000 mm, verschweissten N\u00e4hten, wasserabweisenden Reissverschl\u00fcssen und Schneef\u00e4ngen an [&hellip;]<\/p>\n","protected":false},"featured_media":707350,"template":"","meta":[],"product_brand":[],"product_cat":[4185],"product_tag":[],"class_list":{"0":"post-707297","1":"product","2":"type-product","3":"status-publish","4":"has-post-thumbnail","6":"product_cat-hosen","7":"pa_brand-tenson","8":"pa_brand-type-sportswear","9":"pa_filter-color-blau","10":"pa_filter-color-schwarz","12":"first","13":"instock","14":"sale","15":"taxable","16":"shipping-taxable","17":"purchasable","18":"product-type-variable","19":"add-to-wishlist-before_image"},"exclude_global_add_ons":[],"addons":[],"acf":[],"_links":{"self":[{"href":"https:\/\/shop.kustom.ch\/fr\/wp-json\/wp\/v2\/product\/707297"}],"collection":[{"href":"https:\/\/shop.kustom.ch\/fr\/wp-json\/wp\/v2\/product"}],"about":[{"href":"https:\/\/shop.kustom.ch\/fr\/wp-json\/wp\/v2\/types\/product"}],"wp:featuredmedia":[{"embeddable":true,"href":"https:\/\/shop.kustom.ch\/fr\/wp-json\/wp\/v2\/media\/707350"}],"wp:attachment":[{"href":"https:\/\/shop.kustom.ch\/fr\/wp-json\/wp\/v2\/media?parent=707297"}],"wp:term":[{"taxonomy":"product_brand","embeddable":true,"href":"https:\/\/shop.kustom.ch\/fr\/wp-json\/wp\/v2\/product_brand?post=707297"},{"taxonomy":"product_cat","embeddable":true,"href":"https:\/\/shop.kustom.ch\/fr\/wp-json\/wp\/v2\/product_cat?post=707297"},{"taxonomy":"product_tag","embeddable":true,"href":"https:\/\/shop.kustom.ch\/fr\/wp-json\/wp\/v2\/product_tag?post=707297"}],"curies":[{"name":"wp","href":"https:\/\/api.w.org\/{rel}","templated":true}]}}