{"id":707259,"date":"2026-03-23T14:38:28","date_gmt":"2026-03-23T13:38:28","guid":{"rendered":"https:\/\/shop.kustom.ch\/?post_type=product&#038;p=707259"},"modified":"2026-03-31T11:20:08","modified_gmt":"2026-03-31T10:20:08","slug":"nayoro-shell-jacket-men","status":"publish","type":"product","link":"https:\/\/shop.kustom.ch\/fr\/produit\/nayoro-shell-jacket-men\/","title":{"rendered":"Veste Nayoro Shell Hommes"},"content":{"rendered":"<p>La veste est imperm\u00e9able au vent et \u00e0 l'eau et pr\u00e9sente un design discret avec des d\u00e9tails, des textures et une fonctionnalit\u00e9 bien pens\u00e9s. Elle est fabriqu\u00e9e dans un mat\u00e9riau MPC Extreme\u2122 Shell \u00e0 trois couches avec une colonne d'eau de 10 000 mm, des coutures soud\u00e9es et des fermetures \u00e9clair hydrofuges. La veste est dot\u00e9e d'une capuche compatible avec le casque et d'un col haut qui offrent une protection dans les conditions m\u00e9t\u00e9orologiques difficiles. Le tissu doux permet une grande libert\u00e9 de mouvement, tandis que les fermetures \u00e9clair d'a\u00e9ration sous les bras aident les skieurs \u00e0 maintenir la bonne temp\u00e9rature tout au long de la journ\u00e9e. Les d\u00e9tails discrets comprennent des poignets et un ourlet r\u00e9glables, une jupe pare-neige, une poche pour forfait de ski, une poche frontale, deux poches lat\u00e9rales zipp\u00e9es et deux poches int\u00e9rieures.<\/p>\n<p>Mati\u00e8re : Shell fabric 1 ; MPC Extreme ; 3 Layer stretch ; WP 10 000 mm ; MP 10 000 g\/m2\/24h ; PFC-free water repellent finish ;100% Recycled Polyester<\/p>","protected":false},"excerpt":{"rendered":"<p>Die Jacke ist wind- und wasserdicht und hat ein dezentes Design mit durchdachten Details, Texturen und Funktionalit\u00e4t. Sie besteht aus einem dreilagigen MPC Extreme\u2122 Shell-Material mit einer Wassers\u00e4ule von 10.000 mm, verschweissten N\u00e4hten und wasserabweisenden Reissverschl\u00fcssen. Die Jacke verf\u00fcgt \u00fcber eine helmkompatible Kapuze und einen hohen Kragen, die Schutz bei rauen Wetterbedingungen bieten. Der weiche [&hellip;]<\/p>\n","protected":false},"featured_media":707264,"template":"","meta":[],"product_brand":[],"product_cat":[4186],"product_tag":[],"class_list":{"0":"post-707259","1":"product","2":"type-product","3":"status-publish","4":"has-post-thumbnail","6":"product_cat-jacken","7":"pa_brand-tenson","8":"pa_brand-type-sportswear","9":"pa_filter-color-blau","10":"pa_filter-color-schwarz","12":"first","13":"instock","14":"sale","15":"taxable","16":"shipping-taxable","17":"purchasable","18":"product-type-variable","19":"add-to-wishlist-before_image"},"exclude_global_add_ons":[],"addons":[],"acf":[],"_links":{"self":[{"href":"https:\/\/shop.kustom.ch\/fr\/wp-json\/wp\/v2\/product\/707259"}],"collection":[{"href":"https:\/\/shop.kustom.ch\/fr\/wp-json\/wp\/v2\/product"}],"about":[{"href":"https:\/\/shop.kustom.ch\/fr\/wp-json\/wp\/v2\/types\/product"}],"wp:featuredmedia":[{"embeddable":true,"href":"https:\/\/shop.kustom.ch\/fr\/wp-json\/wp\/v2\/media\/707264"}],"wp:attachment":[{"href":"https:\/\/shop.kustom.ch\/fr\/wp-json\/wp\/v2\/media?parent=707259"}],"wp:term":[{"taxonomy":"product_brand","embeddable":true,"href":"https:\/\/shop.kustom.ch\/fr\/wp-json\/wp\/v2\/product_brand?post=707259"},{"taxonomy":"product_cat","embeddable":true,"href":"https:\/\/shop.kustom.ch\/fr\/wp-json\/wp\/v2\/product_cat?post=707259"},{"taxonomy":"product_tag","embeddable":true,"href":"https:\/\/shop.kustom.ch\/fr\/wp-json\/wp\/v2\/product_tag?post=707259"}],"curies":[{"name":"wp","href":"https:\/\/api.w.org\/{rel}","templated":true}]}}